{"id":37432,"date":"2026-03-12T13:01:19","date_gmt":"2026-03-12T13:01:19","guid":{"rendered":"https:\/\/chrono-scope.ch\/product\/a-langesoehne-saxonia-moonphase-ref-384-031\/"},"modified":"2026-03-12T13:13:38","modified_gmt":"2026-03-12T13:13:38","slug":"a-langesoehne-saxonia-moonphase-ref-384-031","status":"publish","type":"product","link":"https:\/\/chrono-scope.ch\/de\/produkt\/a-langesoehne-saxonia-moonphase-ref-384-031\/","title":{"rendered":"A. Lange&amp;S\u00f6hne Saxonia Moonphase, ref. 384.031"},"content":{"rendered":"<p style=\"text-align: left\"><strong>MODELL \/ REFERENZ:<\/strong> A. Lange &amp; S\u00f6hne Saxonia Moonphase, Ref. 384.031. Inventarnummer: 2602-05.<\/p>\n<p style=\"text-align: left\"><strong>SPEZIFIKATIONEN:<\/strong><\/p>\n<p style=\"text-align: left\"><strong>GEH\u00c4USE<\/strong><\/p>\n<ul style=\"text-align: left\">\n<li>40 mm Geh\u00e4use aus 18 Karat Ros\u00e9gold<\/li>\n<li>Saphirglas, Saphirglasboden<\/li>\n<li>Wasserdicht bis 30 Meter<\/li>\n<\/ul>\n<p style=\"text-align: left\"><strong>ZIFFERBLATT &amp; ZEIGER<\/strong><\/p>\n<ul style=\"text-align: left\">\n<li>Zifferblatt aus massivem Silber<\/li>\n<li>Aufgesetzte Stundenindizes<\/li>\n<li>Gro\u00dfdatum bei 12 Uhr<\/li>\n<li>Mondphasenanzeige bei 6 Uhr<\/li>\n<li>Goldene Zeiger<\/li>\n<\/ul>\n<p style=\"text-align: left\"><strong>UHRWERK<\/strong><\/p>\n<ul style=\"text-align: left\">\n<li>Automatisches Manufakturkaliber L086.5 von Lange<\/li>\n<li>Mondphasenanzeige mit einer Genauigkeit von 122,6 Jahren<\/li>\n<li>Gangreserve: ca. 72 Stunden<\/li>\n<li>Frequenz: 21.600 Halbschwingungen pro Stunde<\/li>\n<li>Handgravierter Unruhkloben<\/li>\n<li>Dreiviertelplatine aus unbehandeltem Neusilber<\/li>\n<\/ul>\n<p style=\"text-align: left\"><strong>BAND &amp; SCHLIESSE<\/strong><\/p>\n<ul style=\"text-align: left\">\n<li>Handgen\u00e4hter Lederarmband<\/li>\n<li>18 Karat Ros\u00e9gold-Dornschlie\u00dfe, signiert<\/li>\n<\/ul>\n<p style=\"text-align: left\"><strong>ZUSTAND:<\/strong> K\u00fcrzlich professionell poliert, in ausgezeichnetem und voll funktionsf\u00e4higem Zustand, wie auf den Bildern zu sehen.<\/p>\n<p style=\"text-align: left\"><strong>ZUBEH\u00d6R:<\/strong> Kompletter Satz mit Innen- und Au\u00dfenbox, Herkunftszertifikat und Dokumenten, wie auf den Bildern zu sehen.<\/p>\n<p style=\"text-align: left\"><strong>GARANTIE:<\/strong> F\u00fcr die Uhr gilt eine Garantie von 12 Monaten. Alle Garantien unterliegen unseren Allgemeinen Gesch\u00e4ftsbedingungen.<\/p>\n<p style=\"text-align: left\">Bitte z\u00f6gern Sie nicht, uns Ihre Fragen zu stellen, wir beantworten sie gerne.<\/p>\n<p style=\"text-align: left\">\n","protected":false},"excerpt":{"rendered":"<p style=\"text-align: left\"><span data-contrast=\"auto\">Als <strong>A. Lange &amp; S\u00f6hne<\/strong> die Saxonia-Linie vorstellte, brachte sie die Uhrmacherkunst aus Glash\u00fctte in ihrer raffiniertesten und zeitgem\u00e4\u00dfesten Form zum Ausdruck: klare Linien, perfekte Proportionen und kompromisslose Mechanik unter einem eleganten \u00c4u\u00dferen. <\/span><span data-ccp-props=\"{&quot;134233117&quot;:false,&quot;134233118&quot;:false,&quot;335559738&quot;:240,&quot;335559739&quot;:240}\">\u00a0<\/span><\/p>\n<p style=\"text-align: left\"><span data-contrast=\"auto\">Das\u00a0vorliegende\u00a0Modell 384.031\u00a0aus\u00a018 Karat\u00a0Ros\u00e9gold\u00a0verbindet\u00a0minimalistisches\u00a0Design\u00a0mit\u00a0astronomischer\u00a0Pr\u00e4zision. Die\u00a0Mondphasenanzeige\u00a0ist\u00a0auf 122,6 Jahre\u00a0genau, bevor\u00a0sie\u00a0um\u00a0einen\u00a0einzigen\u00a0Tag\u00a0abweicht,\u00a0w\u00e4hrend\u00a0das\u00a0wundersch\u00f6n\u00a0verarbeitete\u00a0Manufakturkaliber\u00a0darunter\u00a0ein\u00a0\u00fcbergro\u00dfes\u00a0Datum und\u00a0ein\u00a0Automatikaufzugssystem\u00a0integriert:\u00a0Praktikabilit\u00e4t\u00a0trifft\u00a0auf\u00a0Poesie.\u00a0<\/span><span data-ccp-props=\"{&quot;134233117&quot;:false,&quot;134233118&quot;:false,&quot;335559738&quot;:240,&quot;335559739&quot;:240}\">\u00a0<\/span><\/p>\n","protected":false},"featured_media":37421,"template":"","meta":{"om_disable_all_campaigns":false,"_monsterinsights_skip_tracking":false,"_monsterinsights_sitenote_active":false,"_monsterinsights_sitenote_note":"","_monsterinsights_sitenote_category":0},"product_brand":[],"product_cat":[59],"product_tag":[],"class_list":{"0":"post-37432","1":"product","2":"type-product","3":"status-publish","4":"has-post-thumbnail","6":"product_cat-contemporary-de","8":"first","9":"instock","10":"taxable","11":"shipping-taxable","12":"purchasable","13":"product-type-simple"},"aioseo_notices":[],"_links":{"self":[{"href":"https:\/\/chrono-scope.ch\/de\/wp-json\/wp\/v2\/product\/37432","targetHints":{"allow":["GET"]}}],"collection":[{"href":"https:\/\/chrono-scope.ch\/de\/wp-json\/wp\/v2\/product"}],"about":[{"href":"https:\/\/chrono-scope.ch\/de\/wp-json\/wp\/v2\/types\/product"}],"version-history":[{"count":2,"href":"https:\/\/chrono-scope.ch\/de\/wp-json\/wp\/v2\/product\/37432\/revisions"}],"predecessor-version":[{"id":37434,"href":"https:\/\/chrono-scope.ch\/de\/wp-json\/wp\/v2\/product\/37432\/revisions\/37434"}],"wp:featuredmedia":[{"embeddable":true,"href":"https:\/\/chrono-scope.ch\/de\/wp-json\/wp\/v2\/media\/37421"}],"wp:attachment":[{"href":"https:\/\/chrono-scope.ch\/de\/wp-json\/wp\/v2\/media?parent=37432"}],"wp:term":[{"taxonomy":"product_brand","embeddable":true,"href":"https:\/\/chrono-scope.ch\/de\/wp-json\/wp\/v2\/product_brand?post=37432"},{"taxonomy":"product_cat","embeddable":true,"href":"https:\/\/chrono-scope.ch\/de\/wp-json\/wp\/v2\/product_cat?post=37432"},{"taxonomy":"product_tag","embeddable":true,"href":"https:\/\/chrono-scope.ch\/de\/wp-json\/wp\/v2\/product_tag?post=37432"}],"curies":[{"name":"wp","href":"https:\/\/api.w.org\/{rel}","templated":true}]}}