{"id":36483,"date":"2026-02-21T15:34:05","date_gmt":"2026-02-21T15:34:05","guid":{"rendered":"https:\/\/chrono-scope.ch\/product\/omega-speedmaster-reduced-early-production-ca-1991-tritium-dial-serviced\/"},"modified":"2026-03-17T12:49:57","modified_gmt":"2026-03-17T12:49:57","slug":"omega-speedmaster-reduced-early-production-ca-1991-tritium-dial-serviced","status":"publish","type":"product","link":"https:\/\/chrono-scope.ch\/de\/produkt\/omega-speedmaster-reduced-early-production-ca-1991-tritium-dial-serviced\/","title":{"rendered":"SOLD &#8211; Omega Speedmaster reduced, early production ca. 1991, tritium dial, serviced"},"content":{"rendered":"<p style=\"text-align: left;\"><b><span data-contrast=\"auto\">MODELL\/REFERENZ:<\/span><\/b><span data-contrast=\"auto\">\u00a0Omega\u00a0Speedmaster\u00a0Reduced,\u00a0Ref. 175.003 \/ 3510.50.00.\u00a0Die\u00a0Seriennummer\u00a053\u2019046\u2019033\u00a0datiert\u00a0die\u00a0Uhr\u00a0auf\u00a0ca. 1991.\u00a0Inventarnummer: 60122-1<\/span><span data-ccp-props=\"{}\">\u00a0<\/span><\/p>\n<p style=\"text-align: left;\"><b><span data-contrast=\"auto\">ZUSTANDSBERICHT:<\/span><\/b><span data-contrast=\"auto\">\u00a0Bitte\u00a0beachten\u00a0Sie\u00a0die\u00a0hochaufl\u00f6senden\u00a0Bilder,\u00a0um\u00a0den\u00a0Zustand\u00a0der\u00a0Uhr\u00a0zu\u00a0beurteilen.<\/span><span data-ccp-props=\"{}\">\u00a0<\/span><\/p>\n<ul style=\"text-align: left;\">\n<li data-leveltext=\"\uf0b7\" data-font=\"Symbol\" data-listid=\"2\" data-list-defn-props=\"{&quot;335552541&quot;:1,&quot;335559683&quot;:0,&quot;335559684&quot;:-2,&quot;335559685&quot;:720,&quot;335559991&quot;:360,&quot;469769226&quot;:&quot;Symbol&quot;,&quot;469769242&quot;:[8226],&quot;469777803&quot;:&quot;left&quot;,&quot;469777804&quot;:&quot;\uf0b7&quot;,&quot;469777815&quot;:&quot;hybridMultilevel&quot;}\" data-aria-posinset=\"1\" data-aria-level=\"1\"><span data-contrast=\"auto\">Zifferblatt\u00a0und\u00a0Zeiger\u00a0befinden\u00a0sich\u00a0in\u00a0exzellentem\u00a0Zustand\u00a0und\u00a0weisen\u00a0die\u00a0originale\u00a0Tritium-Leuchtmasse\u00a0auf,\u00a0die\u00a0eine\u00a0sehr\u00a0attraktive\u00a0Patina\u00a0entwickelt\u00a0hat.<\/span><span data-ccp-props=\"{}\">\u00a0<\/span><\/li>\n<\/ul>\n<ul style=\"text-align: left;\">\n<li data-leveltext=\"\uf0b7\" data-font=\"Symbol\" data-listid=\"2\" data-list-defn-props=\"{&quot;335552541&quot;:1,&quot;335559683&quot;:0,&quot;335559684&quot;:-2,&quot;335559685&quot;:720,&quot;335559991&quot;:360,&quot;469769226&quot;:&quot;Symbol&quot;,&quot;469769242&quot;:[8226],&quot;469777803&quot;:&quot;left&quot;,&quot;469777804&quot;:&quot;\uf0b7&quot;,&quot;469777815&quot;:&quot;hybridMultilevel&quot;}\" data-aria-posinset=\"2\" data-aria-level=\"1\"><span data-contrast=\"auto\">Das\u00a0signierte\u00a0Plexiglas\u00a0von\u00a0Omega\u00a0ist\u00a0in\u00a0gutem\u00a0Zustand\u00a0mit\u00a0minimalen\u00a0Gebrauchsspuren.<\/span><span data-ccp-props=\"{}\">\u00a0<\/span><\/li>\n<\/ul>\n<ul style=\"text-align: left;\">\n<li data-leveltext=\"\uf0b7\" data-font=\"Symbol\" data-listid=\"2\" data-list-defn-props=\"{&quot;335552541&quot;:1,&quot;335559683&quot;:0,&quot;335559684&quot;:-2,&quot;335559685&quot;:720,&quot;335559991&quot;:360,&quot;469769226&quot;:&quot;Symbol&quot;,&quot;469769242&quot;:[8226],&quot;469777803&quot;:&quot;left&quot;,&quot;469777804&quot;:&quot;\uf0b7&quot;,&quot;469777815&quot;:&quot;hybridMultilevel&quot;}\" data-aria-posinset=\"3\" data-aria-level=\"1\"><span data-contrast=\"auto\">Die\u00a0L\u00fcnette\u00a0ist\u00a0in\u00a0exzellentem\u00a0Zustand.<\/span><span data-ccp-props=\"{}\">\u00a0<\/span><\/li>\n<\/ul>\n<ul style=\"text-align: left;\">\n<li data-leveltext=\"\uf0b7\" data-font=\"Symbol\" data-listid=\"2\" data-list-defn-props=\"{&quot;335552541&quot;:1,&quot;335559683&quot;:0,&quot;335559684&quot;:-2,&quot;335559685&quot;:720,&quot;335559991&quot;:360,&quot;469769226&quot;:&quot;Symbol&quot;,&quot;469769242&quot;:[8226],&quot;469777803&quot;:&quot;left&quot;,&quot;469777804&quot;:&quot;\uf0b7&quot;,&quot;469777815&quot;:&quot;hybridMultilevel&quot;}\" data-aria-posinset=\"4\" data-aria-level=\"1\"><span data-contrast=\"auto\">Das\u00a039-mm-Edelstahlgeh\u00e4use\u00a0ist\u00a0in\u00a0sehr\u00a0gutem\u00a0Zustand\u00a0mit\u00a0geringen\u00a0Gebrauchsspuren.<\/span><span data-ccp-props=\"{}\">\u00a0<\/span><\/li>\n<\/ul>\n<ul style=\"text-align: left;\">\n<li data-leveltext=\"\uf0b7\" data-font=\"Symbol\" data-listid=\"2\" data-list-defn-props=\"{&quot;335552541&quot;:1,&quot;335559683&quot;:0,&quot;335559684&quot;:-2,&quot;335559685&quot;:720,&quot;335559991&quot;:360,&quot;469769226&quot;:&quot;Symbol&quot;,&quot;469769242&quot;:[8226],&quot;469777803&quot;:&quot;left&quot;,&quot;469777804&quot;:&quot;\uf0b7&quot;,&quot;469777815&quot;:&quot;hybridMultilevel&quot;}\" data-aria-posinset=\"5\" data-aria-level=\"1\"><span data-contrast=\"auto\">Der\u00a0Edelstahl-Geh\u00e4useboden\u00a0tr\u00e4gt\u00a0das\u00a0Seepferdchen-Logo\u00a0und\u00a0die\u00a0Seriennummer.<\/span><span data-ccp-props=\"{}\">\u00a0<\/span><\/li>\n<\/ul>\n<ul style=\"text-align: left;\">\n<li data-leveltext=\"\uf0b7\" data-font=\"Symbol\" data-listid=\"2\" data-list-defn-props=\"{&quot;335552541&quot;:1,&quot;335559683&quot;:0,&quot;335559684&quot;:-2,&quot;335559685&quot;:720,&quot;335559991&quot;:360,&quot;469769226&quot;:&quot;Symbol&quot;,&quot;469769242&quot;:[8226],&quot;469777803&quot;:&quot;left&quot;,&quot;469777804&quot;:&quot;\uf0b7&quot;,&quot;469777815&quot;:&quot;hybridMultilevel&quot;}\" data-aria-posinset=\"6\" data-aria-level=\"1\"><span data-contrast=\"auto\">Das\u00a0Uhrwerk\u00a0wurde\u00a0k\u00fcrzlich\u00a0gewartet,\u00a0l\u00e4uft\u00a0einwandfrei\u00a0und\u00a0h\u00e4lt\u00a0die\u00a0Zeit\u00a0genau.<\/span><span data-ccp-props=\"{}\">\u00a0<\/span><\/li>\n<\/ul>\n<ul style=\"text-align: left;\">\n<li data-leveltext=\"\uf0b7\" data-font=\"Symbol\" data-listid=\"2\" data-list-defn-props=\"{&quot;335552541&quot;:1,&quot;335559683&quot;:0,&quot;335559684&quot;:-2,&quot;335559685&quot;:720,&quot;335559991&quot;:360,&quot;469769226&quot;:&quot;Symbol&quot;,&quot;469769242&quot;:[8226],&quot;469777803&quot;:&quot;left&quot;,&quot;469777804&quot;:&quot;\uf0b7&quot;,&quot;469777815&quot;:&quot;hybridMultilevel&quot;}\" data-aria-posinset=\"7\" data-aria-level=\"1\"><span data-contrast=\"auto\">Der\u00a0Chronograph\u00a0startet,\u00a0stoppt\u00a0und\u00a0nullt\u00a0korrekt.<\/span><span data-ccp-props=\"{}\">\u00a0<\/span><\/li>\n<\/ul>\n<ul style=\"text-align: left;\">\n<li data-leveltext=\"\uf0b7\" data-font=\"Symbol\" data-listid=\"2\" data-list-defn-props=\"{&quot;335552541&quot;:1,&quot;335559683&quot;:0,&quot;335559684&quot;:-2,&quot;335559685&quot;:720,&quot;335559991&quot;:360,&quot;469769226&quot;:&quot;Symbol&quot;,&quot;469769242&quot;:[8226],&quot;469777803&quot;:&quot;left&quot;,&quot;469777804&quot;:&quot;\uf0b7&quot;,&quot;469777815&quot;:&quot;hybridMultilevel&quot;}\" data-aria-posinset=\"8\" data-aria-level=\"1\"><span data-contrast=\"auto\">Originales\u00a0Omega-Edelstahlarmband\u00a0Ref. 1469\/32\u00a0mit\u00a0811er\u00a0Endgliedern.\u00a0Das\u00a0Armband\u00a0ist\u00a0in\u00a0exzellentem\u00a0Zustand\u00a0mit\u00a0geringen\u00a0Gebrauchsspuren\u00a0und\u00a0minimaler\u00a0Dehnung.\u00a0Es\u00a0passt\u00a0an\u00a0ein\u00a0Handgelenk\u00a0mit\u00a0einem\u00a0Umfang\u00a0von\u00a0ca. 18 cm.\u00a0Ersatzglieder\u00a0sind\u00a0auf\u00a0Anfrage\u00a0erh\u00e4ltlich.<\/span><span data-ccp-props=\"{}\">\u00a0<\/span><\/li>\n<\/ul>\n<ul style=\"text-align: left;\">\n<li data-leveltext=\"\uf0b7\" data-font=\"Symbol\" data-listid=\"2\" data-list-defn-props=\"{&quot;335552541&quot;:1,&quot;335559683&quot;:0,&quot;335559684&quot;:-2,&quot;335559685&quot;:720,&quot;335559991&quot;:360,&quot;469769226&quot;:&quot;Symbol&quot;,&quot;469769242&quot;:[8226],&quot;469777803&quot;:&quot;left&quot;,&quot;469777804&quot;:&quot;\uf0b7&quot;,&quot;469777815&quot;:&quot;hybridMultilevel&quot;}\" data-aria-posinset=\"9\" data-aria-level=\"1\"><span data-contrast=\"auto\">Zifferblatt,\u00a0Glas,\u00a0Krone,\u00a0Geh\u00e4use,\u00a0Uhrwerk\u00a0und\u00a0Schlie\u00dfe\u00a0sind\u00a0von\u00a0Omega\u00a0signiert.<\/span><span data-ccp-props=\"{}\">\u00a0<\/span><\/li>\n<\/ul>\n<p style=\"text-align: left;\"><b><span data-contrast=\"auto\">Zubeh\u00f6r:<\/span><\/b><span data-contrast=\"auto\">\u00a0Omega-Serviceetui<\/span><span data-ccp-props=\"{}\">\u00a0<\/span><\/p>\n<p style=\"text-align: left;\"><b><span data-contrast=\"auto\">Garantie:\u00a0<\/span><\/b><span data-contrast=\"auto\">Wir\u00a0garantieren\u00a0die\u00a0Echtheit\u00a0der\u00a0Uhr.\u00a0Wir\u00a0gew\u00e4hren\u00a012\u00a0Monate\u00a0Garantie\u00a0auf\u00a0die\u00a0einwandfreie\u00a0Funktion\u00a0dieser\u00a0Uhr.\u00a0Alle\u00a0Garantiebedingungen\u00a0unterliegen\u00a0den\u00a0Allgemeinen\u00a0Gesch\u00e4ftsbedingungen.<\/span><span data-ccp-props=\"{}\">\u00a0<\/span><\/p>\n<p style=\"text-align: left;\"><span data-contrast=\"auto\">Bei Fragen stehen wir Ihnen gerne zur Verf\u00fcgung. Besichtigungen (virtuell oder pers\u00f6nlich) sind nur nach Vereinbarung m\u00f6glich.<\/span><\/p>\n","protected":false},"excerpt":{"rendered":"<p style=\"text-align: left;\"><b><span data-contrast=\"auto\">Omega\u00a0Speedmaster\u00a0Reduced,\u00a0fr\u00fche\u00a0Produktion\u00a0ca. 1991,\u00a0Tritium-Zifferblatt,\u00a0gewartet<\/span><\/b><span data-ccp-props=\"{}\">\u00a0<\/span><\/p>\n<p style=\"text-align: left;\"><span data-contrast=\"auto\">Zum\u00a0Verkauf\u00a0steht\u00a0eine\u00a0wundersch\u00f6ne\u00a0Neo-Vintage\u00a0Omega\u00a0Speedmaster\u00a0Reduced\u00a0aus\u00a0ca. 1991\u00a0mit\u00a0Tritium-Zifferblatt\u00a0in\u00a0exzellentem\u00a0Vorzustand.\u00a0Das\u00a0Highlight\u00a0dieses\u00a0Neo-Vintage-Klassikers\u00a0sind\u00a0das\u00a0originale\u00a0Zifferblatt\u00a0und\u00a0die\u00a0Zeiger,\u00a0die\u00a0eine\u00a0attraktive\u00a0Patina\u00a0entwickelt\u00a0haben.\u00a0Das\u00a0Uhrwerk\u00a0wurde\u00a0gewartet,\u00a0und\u00a0die\u00a0Speedmaster\u00a0wird\u00a0mit\u00a012\u00a0Monaten\u00a0Garantie\u00a0geliefert.<\/span><span data-ccp-props=\"{}\">\u00a0<\/span><\/p>\n<p style=\"text-align: left;\">\n","protected":false},"featured_media":36467,"template":"","meta":{"om_disable_all_campaigns":false,"_monsterinsights_skip_tracking":false,"_monsterinsights_sitenote_active":false,"_monsterinsights_sitenote_note":"","_monsterinsights_sitenote_category":0},"product_brand":[],"product_cat":[109,61],"product_tag":[],"class_list":{"0":"post-36483","1":"product","2":"type-product","3":"status-publish","4":"has-post-thumbnail","6":"product_cat-neo-vintage-de","7":"product_cat-omega-de","9":"first","10":"instock","11":"taxable","12":"shipping-taxable","13":"purchasable","14":"product-type-simple"},"aioseo_notices":[],"_links":{"self":[{"href":"https:\/\/chrono-scope.ch\/de\/wp-json\/wp\/v2\/product\/36483","targetHints":{"allow":["GET"]}}],"collection":[{"href":"https:\/\/chrono-scope.ch\/de\/wp-json\/wp\/v2\/product"}],"about":[{"href":"https:\/\/chrono-scope.ch\/de\/wp-json\/wp\/v2\/types\/product"}],"version-history":[{"count":3,"href":"https:\/\/chrono-scope.ch\/de\/wp-json\/wp\/v2\/product\/36483\/revisions"}],"predecessor-version":[{"id":37710,"href":"https:\/\/chrono-scope.ch\/de\/wp-json\/wp\/v2\/product\/36483\/revisions\/37710"}],"wp:featuredmedia":[{"embeddable":true,"href":"https:\/\/chrono-scope.ch\/de\/wp-json\/wp\/v2\/media\/36467"}],"wp:attachment":[{"href":"https:\/\/chrono-scope.ch\/de\/wp-json\/wp\/v2\/media?parent=36483"}],"wp:term":[{"taxonomy":"product_brand","embeddable":true,"href":"https:\/\/chrono-scope.ch\/de\/wp-json\/wp\/v2\/product_brand?post=36483"},{"taxonomy":"product_cat","embeddable":true,"href":"https:\/\/chrono-scope.ch\/de\/wp-json\/wp\/v2\/product_cat?post=36483"},{"taxonomy":"product_tag","embeddable":true,"href":"https:\/\/chrono-scope.ch\/de\/wp-json\/wp\/v2\/product_tag?post=36483"}],"curies":[{"name":"wp","href":"https:\/\/api.w.org\/{rel}","templated":true}]}}