{"id":36433,"date":"2026-02-20T19:35:36","date_gmt":"2026-02-20T19:35:36","guid":{"rendered":"https:\/\/chrono-scope.ch\/product\/fears-brunswick-38-champagne-dial\/"},"modified":"2026-02-20T19:59:02","modified_gmt":"2026-02-20T19:59:02","slug":"fears-brunswick-38-champagne-dial","status":"publish","type":"product","link":"https:\/\/chrono-scope.ch\/de\/produkt\/fears-brunswick-38-champagne-dial\/","title":{"rendered":"Fears Brunswick 38 champagne dial"},"content":{"rendered":"<p style=\"text-align: left\"><strong>MODELL \/ REFERENZ:<\/strong> BS23800B Inventarnummer: RK-377<\/p>\n<p style=\"text-align: left\"><strong>SPEZIFIKATIONEN<\/strong><\/p>\n<ul style=\"text-align: left\">\n<li>38 mm Edelstahlgeh\u00e4use in Kissenform mit geb\u00fcrsteter und polierter Oberfl\u00e4che und signiertem Sichtboden.<\/li>\n<li>Signierte Zwiebelkrone.<\/li>\n<li>Handaufzugskaliber. LJP D100 (ETA 7001).<\/li>\n<li>Champagnerfarbenes, sandgestrahltes Zifferblatt mit kleiner Sekunde, handapplizierten arabischen Ziffern und skelettierten, gebl\u00e4uten Zeigern.<\/li>\n<li>20 mm breites Armband aus Barenia-Kalbsleder mit Schnellwechselstegen und signierter Dornschlie\u00dfe aus Edelstahl.<\/li>\n<\/ul>\n<p style=\"text-align: left\"><strong>Zustand:<\/strong> neuwertig und voll funktionsf\u00e4hig, wie abgebildet.<\/p>\n<p style=\"text-align: left\"><strong>Zubeh\u00f6r:<\/strong> Komplettes Set mit Innen- und Au\u00dfenbox sowie Dokumenten, wie abgebildet.<\/p>\n<p style=\"text-align: left\"><strong>Garantie:<\/strong> Die Uhr hat Herstellergarantie bis 2027.<\/p>\n<p style=\"text-align: left\">Bei Fragen stehen wir Ihnen gerne zur Verf\u00fcgung.<\/p>\n","protected":false},"excerpt":{"rendered":"<p><span data-contrast=\"auto\"><strong>Fears Brunswick 38 champagne dial<\/strong>, full set in new and unworn condition. Under Manufacturers warranty until 2027. <\/span><\/p>\n<p><strong>THE STORY <\/strong><\/p>\n<p><span data-contrast=\"auto\">The Champagne dial of the Brunswick 38 is a study in subtle luxury: warm gold tones, frosted textures, and crisp blackgold numerals combine to create a dial that feels both vintageinspired and contemporary<\/span><\/p>\n<p><span data-contrast=\"auto\">Layers of 18ct yellow gold have been applied to the sandblasted dial surface, giving it a genuine metallic warmth rather than a painted champagne tone.<\/span><\/p>\n<p>&nbsp;<\/p>\n","protected":false},"featured_media":36419,"template":"","meta":{"om_disable_all_campaigns":false,"_monsterinsights_skip_tracking":false,"_monsterinsights_sitenote_active":false,"_monsterinsights_sitenote_note":"","_monsterinsights_sitenote_category":0},"product_brand":[],"product_cat":[59,68],"product_tag":[],"class_list":{"0":"post-36433","1":"product","2":"type-product","3":"status-publish","4":"has-post-thumbnail","6":"product_cat-contemporary-de","7":"product_cat-kleine-marken","9":"first","10":"instock","11":"taxable","12":"shipping-taxable","13":"purchasable","14":"product-type-simple"},"aioseo_notices":[],"_links":{"self":[{"href":"https:\/\/chrono-scope.ch\/de\/wp-json\/wp\/v2\/product\/36433","targetHints":{"allow":["GET"]}}],"collection":[{"href":"https:\/\/chrono-scope.ch\/de\/wp-json\/wp\/v2\/product"}],"about":[{"href":"https:\/\/chrono-scope.ch\/de\/wp-json\/wp\/v2\/types\/product"}],"version-history":[{"count":3,"href":"https:\/\/chrono-scope.ch\/de\/wp-json\/wp\/v2\/product\/36433\/revisions"}],"predecessor-version":[{"id":36436,"href":"https:\/\/chrono-scope.ch\/de\/wp-json\/wp\/v2\/product\/36433\/revisions\/36436"}],"wp:featuredmedia":[{"embeddable":true,"href":"https:\/\/chrono-scope.ch\/de\/wp-json\/wp\/v2\/media\/36419"}],"wp:attachment":[{"href":"https:\/\/chrono-scope.ch\/de\/wp-json\/wp\/v2\/media?parent=36433"}],"wp:term":[{"taxonomy":"product_brand","embeddable":true,"href":"https:\/\/chrono-scope.ch\/de\/wp-json\/wp\/v2\/product_brand?post=36433"},{"taxonomy":"product_cat","embeddable":true,"href":"https:\/\/chrono-scope.ch\/de\/wp-json\/wp\/v2\/product_cat?post=36433"},{"taxonomy":"product_tag","embeddable":true,"href":"https:\/\/chrono-scope.ch\/de\/wp-json\/wp\/v2\/product_tag?post=36433"}],"curies":[{"name":"wp","href":"https:\/\/api.w.org\/{rel}","templated":true}]}}