{"id":35623,"date":"2026-02-05T19:16:23","date_gmt":"2026-02-05T19:16:23","guid":{"rendered":"https:\/\/chrono-scope.ch\/product\/ulysse-nardin-vintage-chronograph-gold-full-set-1944\/"},"modified":"2026-02-06T09:09:52","modified_gmt":"2026-02-06T09:09:52","slug":"ulysse-nardin-vintage-chronograph-gold-full-set-1944","status":"publish","type":"product","link":"https:\/\/chrono-scope.ch\/de\/produkt\/ulysse-nardin-vintage-chronograph-gold-full-set-1944\/","title":{"rendered":"Ulysse Nardin Vintage Chronograph gold full set 1944"},"content":{"rendered":"<p style=\"text-align: left\"><strong>MODELL\/REFERENZ:<\/strong> Ulysse Nardin Chronograph, Modell- und Seriennummer: 620190-123204. Inventarnummer: WH-11<\/p>\n<p style=\"text-align: left\"><strong>Zifferblatt + Zeiger: <\/strong>Das Zifferblatt mit applizierten Goldziffern ist in exzellentem Zustand. Alle Aufdrucke sind gestochen scharf. Die goldenen Zeiger sind in gutem Zustand und scheinen original zu sein.<\/p>\n<p style=\"text-align: left\"><strong>Glas: <\/strong>gew\u00f6lbtes Plexiglas in gutem Zustand mit leichten Gebrauchsspuren.<\/p>\n<p style=\"text-align: left\"><strong>Uhrwerk &amp; Funktion: <\/strong>Handaufzugswerk Valjoux 22 Automatik in gutem und voll funktionsf\u00e4higem Zustand. Das Uhrwerk wurde gepr\u00fcft, l\u00e4uft kraftvoll und h\u00e4lt die Zeit.<\/p>\n<p style=\"text-align: left\"><strong>Geh\u00e4use:<\/strong> Gro\u00dfformatiges 37 x 43 mm 18-Karat-Goldgeh\u00e4use in sehr gutem Gesamtzustand mit leichten, dem Alter der Uhr entsprechenden Gebrauchsspuren.<\/p>\n<p style=\"text-align: left\"><strong>GEH\u00c4USEBODEN:<\/strong> 18-kar\u00e4tiges Goldgeh\u00e4use mit individueller Gravur au\u00dfen und korrekten Werksstempeln und -gravuren innen.<\/p>\n<p style=\"text-align: left\">Die handgravierte Gravur lautet (aus dem Deutschen \u00fcbersetzt): \u201eVerwaltung und Management der Solothurner Handelsbank an unseren Prokurator Herrn Walter Friedli f\u00fcr 25 Jahre treue Dienste \u2013 1919 bis 1944\u201c.<\/p>\n<p style=\"text-align: left\"><strong>KRONE &amp; DR\u00dcCKER:<\/strong> Unsignierte Krone und Dr\u00fccker<\/p>\n<p style=\"text-align: left\"><strong>BAND: <\/strong>braunes Lederarmband mit unsignierter, vergoldeter Schlie\u00dfe<\/p>\n<p style=\"text-align: left\"><strong>ZUBEH\u00d6R:<\/strong> Originalbox, Original-Chronometerzertifikat<\/p>\n<p style=\"text-align: left\"><strong>GARANTIE:<\/strong> Wir garantieren die Echtheit der Uhr. Wir gew\u00e4hren au\u00dferdem 12 Monate Garantie auf die einwandfreie Funktion dieses Zeitmessers. Alle Garantien unterliegen den Allgemeinen Gesch\u00e4ftsbedingungen.<\/p>\n<p style=\"text-align: left\">Stellen Sie gerne Ihre Fragen, wir beantworten sie Ihnen gerne. Virtuelle oder pers\u00f6nliche Besichtigung nach Vereinbarung.<\/p>\n","protected":false},"excerpt":{"rendered":"<p style=\"text-align: left\">Hier bietet sich Ihnen die seltene Gelegenheit, eine Zeitkapsel aus dem Jahr 1944 zu erwerben: einen <strong>Ulysse Nardin<\/strong> Chronographen in \u00fcbergro\u00dfem Format aus 18-kar\u00e4tigem Gold, inklusive Box und Papieren. Das Highlight dieser 80 Jahre alten Sch\u00f6nheit ist das \u00fcbergro\u00dfe Geh\u00e4use aus 18-kar\u00e4tigem Gold sowie das Set mit Originalbox und Chronometerzertifikat.<\/p>\n<p style=\"text-align: left\"><strong>SPEZIFIKATIONEN: ZUSTANDSBERICHT; <\/strong>bitte beachten Sie die hochaufl\u00f6senden Bilder, um den Zustand der Uhr zu beurteilen.<\/p>\n","protected":false},"featured_media":35599,"template":"","meta":{"om_disable_all_campaigns":false,"_monsterinsights_skip_tracking":false,"_monsterinsights_sitenote_active":false,"_monsterinsights_sitenote_note":"","_monsterinsights_sitenote_category":0},"product_brand":[],"product_cat":[59],"product_tag":[],"class_list":{"0":"post-35623","1":"product","2":"type-product","3":"status-publish","4":"has-post-thumbnail","6":"product_cat-contemporary-de","8":"first","9":"instock","10":"taxable","11":"shipping-taxable","12":"purchasable","13":"product-type-simple"},"aioseo_notices":[],"_links":{"self":[{"href":"https:\/\/chrono-scope.ch\/de\/wp-json\/wp\/v2\/product\/35623","targetHints":{"allow":["GET"]}}],"collection":[{"href":"https:\/\/chrono-scope.ch\/de\/wp-json\/wp\/v2\/product"}],"about":[{"href":"https:\/\/chrono-scope.ch\/de\/wp-json\/wp\/v2\/types\/product"}],"version-history":[{"count":2,"href":"https:\/\/chrono-scope.ch\/de\/wp-json\/wp\/v2\/product\/35623\/revisions"}],"predecessor-version":[{"id":35625,"href":"https:\/\/chrono-scope.ch\/de\/wp-json\/wp\/v2\/product\/35623\/revisions\/35625"}],"wp:featuredmedia":[{"embeddable":true,"href":"https:\/\/chrono-scope.ch\/de\/wp-json\/wp\/v2\/media\/35599"}],"wp:attachment":[{"href":"https:\/\/chrono-scope.ch\/de\/wp-json\/wp\/v2\/media?parent=35623"}],"wp:term":[{"taxonomy":"product_brand","embeddable":true,"href":"https:\/\/chrono-scope.ch\/de\/wp-json\/wp\/v2\/product_brand?post=35623"},{"taxonomy":"product_cat","embeddable":true,"href":"https:\/\/chrono-scope.ch\/de\/wp-json\/wp\/v2\/product_cat?post=35623"},{"taxonomy":"product_tag","embeddable":true,"href":"https:\/\/chrono-scope.ch\/de\/wp-json\/wp\/v2\/product_tag?post=35623"}],"curies":[{"name":"wp","href":"https:\/\/api.w.org\/{rel}","templated":true}]}}