{"id":35391,"date":"2026-01-26T12:57:20","date_gmt":"2026-01-26T12:57:20","guid":{"rendered":"https:\/\/chrono-scope.ch\/product\/glashuette-original-sport-evolution-chronograph\/"},"modified":"2026-01-26T14:14:25","modified_gmt":"2026-01-26T14:14:25","slug":"glashuette-original-sport-evolution-chronograph","status":"publish","type":"product","link":"https:\/\/chrono-scope.ch\/de\/produkt\/glashuette-original-sport-evolution-chronograph\/","title":{"rendered":"Glash\u00fctte Original Sport Evolution Chronograph"},"content":{"rendered":"<p style=\"text-align: left\"><strong>MODELL\/REFERENZ:<\/strong> Sport Evolution Chronograph, Referenznummer: 1-39-31-43-03-03. Inventarnummer: 250613-4<\/p>\n<p style=\"text-align: left\"><strong>SPEZIFIKATIONEN<\/strong><\/p>\n<p style=\"text-align: left\"><strong>Geh\u00e4use<\/strong><\/p>\n<ul style=\"text-align: left\">\n<li>Edelstahlgeh\u00e4use mit 42 mm Durchmesser (45 mm mit Kronenschutz)<\/li>\n<\/ul>\n<p style=\"text-align: left\"><strong>Tachymeterl\u00fcnette<\/strong><\/p>\n<ul style=\"text-align: left\">\n<li>Saphirglas mit beidseitiger Antireflexbeschichtung<\/li>\n<li>Geh\u00e4useboden: Saphirglas<\/li>\n<li>Verschraubte Krone<\/li>\n<li>Wasserdichtigkeit: bis 10 ATM (100 Meter \u2013 bezieht sich auf den Neuzustand)<\/li>\n<\/ul>\n<p style=\"text-align: left\"><strong>Zifferblatt &amp; Zeiger<\/strong><\/p>\n<ul style=\"text-align: left\">\n<li>Zifferblatt: Schwarzes Zifferblatt<\/li>\n<li>Indizes: Aufgesetzte Indizes<\/li>\n<li>Zeiger: Originalzeiger mit Super-LumiNova\u00ae<\/li>\n<\/ul>\n<p style=\"text-align: left\"><strong>Uhrwerk<\/strong><\/p>\n<ul style=\"text-align: left\">\n<li>Automatikwerk Kaliber 39-31 (Manufakturwerk) mit Schwanenhals-Feinregulierung. Armband &amp; Schlie\u00dfe<\/li>\n<\/ul>\n<p style=\"text-align: left\"><strong>Armband<\/strong><\/p>\n<ul style=\"text-align: left\">\n<li>Originales GO-Edelstahlarmband. Es befindet sich in exzellentem Zustand mit nur minimalen Gebrauchsspuren und geringer Dehnung. Ersatzglieder sind im Lieferumfang enthalten.<\/li>\n<li>Zustand: Sehr gut, wie abgebildet.<\/li>\n<li>Zubeh\u00f6r: Uhr mit Originalverpackung und Dokumenten (siehe Abbildungen).<\/li>\n<\/ul>\n<p style=\"text-align: left\"><strong>Garantie:<\/strong><\/p>\n<p style=\"text-align: left\">Wir garantieren die Echtheit aller Uhren. Die Uhr hat eine Garantie von 12 Monaten. Es gelten die Allgemeinen Gesch\u00e4ftsbedingungen.<\/p>\n<p style=\"text-align: left\">Bei Fragen stehen wir Ihnen gerne zur Verf\u00fcgung.<\/p>\n","protected":false},"excerpt":{"rendered":"<p style=\"text-align: left\">Zum Verkauf steht ein <strong>Glash\u00fctte Original Sport Evolution Chronograph<\/strong>, Komplettset aus dem Jahr 2009, in exzellentem Zustand, voll funktionsf\u00e4hig und mit 12 Monaten Garantie.<\/p>\n<p style=\"text-align: left\">Die Uhr wurde sorgsam getragen \u2013 wir konnten nur leichte Gebrauchsspuren feststellen. Bitte beachten Sie die hochaufl\u00f6senden Bilder, die Bestandteil der Beschreibung und des Angebots sind.<\/p>\n<p style=\"text-align: left\">Die Uhr wurde im M\u00e4rz 2009 bei einem autorisierten H\u00e4ndler in Deutschland erworben. Sie ist von sehr hoher Qualit\u00e4t und verf\u00fcgt \u00fcber ein Manufakturwerk, 100 % Made in Germany.<\/p>\n<p style=\"text-align: left\">Das hochwertige Manufakturwerk mit Schwanenhals-Feinregulierung zeigt auf der Zeitwaage gute und stabile Werte mit einer Amplitude von ca. 250 Grad. Daher ist bis auf Weiteres keine Revision erforderlich.<\/p>\n","protected":false},"featured_media":35373,"template":"","meta":{"om_disable_all_campaigns":false,"_monsterinsights_skip_tracking":false,"_monsterinsights_sitenote_active":false,"_monsterinsights_sitenote_note":"","_monsterinsights_sitenote_category":0},"product_brand":[],"product_cat":[59],"product_tag":[],"class_list":{"0":"post-35391","1":"product","2":"type-product","3":"status-publish","4":"has-post-thumbnail","6":"product_cat-contemporary-de","8":"first","9":"instock","10":"taxable","11":"shipping-taxable","12":"purchasable","13":"product-type-simple"},"aioseo_notices":[],"_links":{"self":[{"href":"https:\/\/chrono-scope.ch\/de\/wp-json\/wp\/v2\/product\/35391","targetHints":{"allow":["GET"]}}],"collection":[{"href":"https:\/\/chrono-scope.ch\/de\/wp-json\/wp\/v2\/product"}],"about":[{"href":"https:\/\/chrono-scope.ch\/de\/wp-json\/wp\/v2\/types\/product"}],"version-history":[{"count":3,"href":"https:\/\/chrono-scope.ch\/de\/wp-json\/wp\/v2\/product\/35391\/revisions"}],"predecessor-version":[{"id":35394,"href":"https:\/\/chrono-scope.ch\/de\/wp-json\/wp\/v2\/product\/35391\/revisions\/35394"}],"wp:featuredmedia":[{"embeddable":true,"href":"https:\/\/chrono-scope.ch\/de\/wp-json\/wp\/v2\/media\/35373"}],"wp:attachment":[{"href":"https:\/\/chrono-scope.ch\/de\/wp-json\/wp\/v2\/media?parent=35391"}],"wp:term":[{"taxonomy":"product_brand","embeddable":true,"href":"https:\/\/chrono-scope.ch\/de\/wp-json\/wp\/v2\/product_brand?post=35391"},{"taxonomy":"product_cat","embeddable":true,"href":"https:\/\/chrono-scope.ch\/de\/wp-json\/wp\/v2\/product_cat?post=35391"},{"taxonomy":"product_tag","embeddable":true,"href":"https:\/\/chrono-scope.ch\/de\/wp-json\/wp\/v2\/product_tag?post=35391"}],"curies":[{"name":"wp","href":"https:\/\/api.w.org\/{rel}","templated":true}]}}