{"id":35162,"date":"2026-01-19T10:25:45","date_gmt":"2026-01-19T10:25:45","guid":{"rendered":"https:\/\/chrono-scope.ch\/product\/croton-nivada-chronomaster-aviator-sea-diver-casd-ref-107\/"},"modified":"2026-02-05T15:39:35","modified_gmt":"2026-02-05T15:39:35","slug":"croton-nivada-chronomaster-aviator-sea-diver-casd-ref-107","status":"publish","type":"product","link":"https:\/\/chrono-scope.ch\/de\/produkt\/croton-nivada-chronomaster-aviator-sea-diver-casd-ref-107\/","title":{"rendered":"Croton (Nivada) Chronomaster, Aviator Sea Diver \u2013 (CASD), ref. 107"},"content":{"rendered":"<p style=\"text-align: left\"><span data-contrast=\"auto\"><strong>MODELL\/REFERENZ:\u00a0<\/strong>Croton\u00a0Chronomaster\u00a0Aviator\u00a0Sea\u00a0Diver\u00a0\u2013 (CASD),\u00a0Ref. 107,\u00a0Seriennummer\u00a037111.\u00a0Diese\u00a0Variante\u00a0der\u00a0CASD\u00a0wird\u00a0als\u00a0\u201eBlack\u00a0Panda\u00a0White\u00a0Scale\u201c\u00a0bezeichnet\u00a0und\u00a0ist\u00a0auf\u00a0Seite\u00a096\u00a0und\u00a0Seite\u00a0246\u00a0des\u00a0Buches\u00a0\u201eChronomaster\u00a0Only\u201c\u00a0abgebildet.<\/span><span data-ccp-props=\"{}\">\u00a0<\/span><\/p>\n<p style=\"text-align: left\"><span data-contrast=\"auto\"><strong>ZUSTANDSBERICHT:<\/strong>\u00a0Bitte\u00a0beachten\u00a0Sie\u00a0die\u00a0hochaufl\u00f6senden\u00a0Bilder,\u00a0um\u00a0den\u00a0Zustand\u00a0der\u00a0Uhr\u00a0zu\u00a0beurteilen.<\/span><span data-ccp-props=\"{}\">\u00a0<\/span><\/p>\n<p style=\"text-align: left\"><strong>ZIFFERBLATT + ZEIGER:\u00a0<\/strong><\/p>\n<ul style=\"text-align: left\">\n<li><span data-contrast=\"auto\">Matt-schwarzes\u00a0Zifferblatt\u00a0mit\u00a0wei\u00dfen\u00a0Hilfszifferbl\u00e4ttern\u00a0und\u00a0Tritium-Leuchtmarkierungen.\u00a0Das\u00a0Zifferblatt\u00a0ist\u00a0in\u00a0gutem\u00a0Originalzustand.<\/span><span data-ccp-props=\"{}\">\u00a0<\/span><\/li>\n<li><span data-contrast=\"auto\">Zeiger:\u00a0Originale\u00a0und\u00a0korrekte\u00a0Stunden-,\u00a0Minuten-\u00a0und\u00a0Chronographensekundenzeiger.<\/span><span data-ccp-props=\"{}\">\u00a0<\/span><\/li>\n<li><span data-contrast=\"auto\">Leuchtmasse:\u00a0Alle\u00a0Tritium-Leuchtmarkierungen\u00a0sind\u00a0vorhanden.\u00a0Unter\u00a0UV-Licht\u00a0leuchtet\u00a0die\u00a0Leuchtmasse\u00a0auf\u00a0Zifferblatt\u00a0und\u00a0Zeigern\u00a0kurz\u00a0auf\u00a0und\u00a0erlischt\u00a0dann.<\/span><span data-ccp-props=\"{}\">\u00a0<\/span><\/li>\n<\/ul>\n<p style=\"text-align: left\"><span data-contrast=\"auto\"><strong>GLAS:\u00a0<\/strong>Plexiglas\u00a0in\u00a0gutem\u00a0Zustand\u00a0mit\u00a0leichten\u00a0Gebrauchsspuren.<\/span><span data-ccp-props=\"{}\">\u00a0<\/span><\/p>\n<p style=\"text-align: left\"><span data-contrast=\"auto\"><strong>L\u00dcNETTE:<\/strong>\u00a0Aluminium-L\u00fcnetteneinsatz\u00a0in\u00a0exzellentem\u00a0Zustand.<\/span><span data-ccp-props=\"{}\">\u00a0<\/span><\/p>\n<p style=\"text-align: left\"><span data-contrast=\"auto\"><strong>GEH\u00c4USE &amp; GEH\u00c4USEBODEN:<\/strong> 38 mm\u00a0Edelstahlgeh\u00e4use\u00a0mit\u00a0Gebrauchsspuren.\u00a0Von\u00a0Bandansto\u00df\u00a0zu\u00a0Bandansto\u00df\u00a0misst\u00a0das\u00a0Geh\u00e4use\u00a0ca. 44 mm.<\/span><\/p>\n<p style=\"text-align: left\"><span data-contrast=\"auto\">Der Edelstahl-Geh\u00e4useboden tr\u00e4gt die korrekten Gravuren innen und au\u00dfen.<\/span><span data-ccp-props=\"{}\">\u00a0<\/span><\/p>\n<p style=\"text-align: left\"><span data-contrast=\"auto\"><strong>KRONE:\u00a0<\/strong>Die\u00a0Krone\u00a0scheint\u00a0original\u00a0zu\u00a0sein.<\/span><span data-ccp-props=\"{}\">\u00a0<\/span><\/p>\n<p style=\"text-align: left\"><span data-contrast=\"auto\"><strong>UHRWERK:<\/strong>\u00a0Handaufzug\u00a0Kaliber\u00a0Landeron\u00a0248.\u00a0Das\u00a0Uhrwerk\u00a0ist\u00a0sauber\u00a0und\u00a0wurde\u00a0gepr\u00fcft.\u00a0Alle\u00a0Funktionen\u00a0arbeiten\u00a0einwandfrei\u00a0und\u00a0das\u00a0Uhrwerk\u00a0l\u00e4uft\u00a0pr\u00e4zise.<\/span><span data-ccp-props=\"{}\">\u00a0<\/span><\/p>\n<p style=\"text-align: left\"><span data-contrast=\"auto\"><strong>BAND:<\/strong> Die Chronomaster ist mit einem braunen Wildlederarmband mit nicht signierter Stahlschlie\u00dfe ausgestattet.<\/span><span data-ccp-props=\"{}\">\u00a0<\/span><\/p>\n<p style=\"text-align: left\"><span data-contrast=\"auto\"><strong>ZUBEH\u00d6R:<\/strong>\u00a0Keines.<\/span><span data-ccp-props=\"{}\">\u00a0<\/span><\/p>\n<p style=\"text-align: left\"><span data-contrast=\"auto\"><strong>GARANTIE:\u00a0<\/strong>Wir\u00a0garantieren\u00a0die\u00a0Echtheit\u00a0der\u00a0Uhr.\u00a0Wir\u00a0gew\u00e4hren\u00a0au\u00dferdem\u00a012\u00a0Monate\u00a0Garantie\u00a0auf\u00a0die\u00a0einwandfreie\u00a0Funktion\u00a0dieses\u00a0Zeitmessers.<\/span><\/p>\n<p style=\"text-align: left\"><span data-contrast=\"auto\">\u00a0Alle\u00a0Garantien\u00a0unterliegen\u00a0den\u00a0Allgemeinen\u00a0Gesch\u00e4ftsbedingungen.<\/span><span data-ccp-props=\"{}\">\u00a0<\/span><\/p>\n","protected":false},"excerpt":{"rendered":"<p style=\"text-align: left\"><span data-contrast=\"auto\">Zum\u00a0Verkauf\u00a0steht\u00a0eine\u00a0<strong>Vintage\u00a0Croton\u00a0(Nivada)\u00a0Chronomaster\u00a0<\/strong>mit\u00a0attraktivem\u00a0Reverse-Panda-Zifferblatt.<\/span><span data-ccp-props=\"{}\">\u00a0<\/span><\/p>\n","protected":false},"featured_media":35123,"template":"","meta":{"om_disable_all_campaigns":false,"_monsterinsights_skip_tracking":false,"_monsterinsights_sitenote_active":false,"_monsterinsights_sitenote_note":"","_monsterinsights_sitenote_category":0},"product_brand":[],"product_cat":[69,74],"product_tag":[],"class_list":{"0":"post-35162","1":"product","2":"type-product","3":"status-publish","4":"has-post-thumbnail","6":"product_cat-nivada-croton-de","7":"product_cat-vintage-de","9":"first","10":"instock","11":"taxable","12":"shipping-taxable","13":"purchasable","14":"product-type-simple"},"aioseo_notices":[],"_links":{"self":[{"href":"https:\/\/chrono-scope.ch\/de\/wp-json\/wp\/v2\/product\/35162","targetHints":{"allow":["GET"]}}],"collection":[{"href":"https:\/\/chrono-scope.ch\/de\/wp-json\/wp\/v2\/product"}],"about":[{"href":"https:\/\/chrono-scope.ch\/de\/wp-json\/wp\/v2\/types\/product"}],"version-history":[{"count":3,"href":"https:\/\/chrono-scope.ch\/de\/wp-json\/wp\/v2\/product\/35162\/revisions"}],"predecessor-version":[{"id":35577,"href":"https:\/\/chrono-scope.ch\/de\/wp-json\/wp\/v2\/product\/35162\/revisions\/35577"}],"wp:featuredmedia":[{"embeddable":true,"href":"https:\/\/chrono-scope.ch\/de\/wp-json\/wp\/v2\/media\/35123"}],"wp:attachment":[{"href":"https:\/\/chrono-scope.ch\/de\/wp-json\/wp\/v2\/media?parent=35162"}],"wp:term":[{"taxonomy":"product_brand","embeddable":true,"href":"https:\/\/chrono-scope.ch\/de\/wp-json\/wp\/v2\/product_brand?post=35162"},{"taxonomy":"product_cat","embeddable":true,"href":"https:\/\/chrono-scope.ch\/de\/wp-json\/wp\/v2\/product_cat?post=35162"},{"taxonomy":"product_tag","embeddable":true,"href":"https:\/\/chrono-scope.ch\/de\/wp-json\/wp\/v2\/product_tag?post=35162"}],"curies":[{"name":"wp","href":"https:\/\/api.w.org\/{rel}","templated":true}]}}