{"id":35116,"date":"2026-01-19T10:15:27","date_gmt":"2026-01-19T10:15:27","guid":{"rendered":"https:\/\/chrono-scope.ch\/?post_type=product&#038;p=35116"},"modified":"2026-01-19T10:31:42","modified_gmt":"2026-01-19T10:31:42","slug":"rolex-explorer-ref-214270-full-set-from-2020-first-owner-watch","status":"publish","type":"product","link":"https:\/\/chrono-scope.ch\/de\/produkt\/rolex-explorer-ref-214270-full-set-from-2020-first-owner-watch\/","title":{"rendered":"Rolex Explorer Ref. 214270 full set from 2020, first owner watch."},"content":{"rendered":"<p style=\"text-align: left\"><strong>MODELL\/REFERENZ:<\/strong> Rolex Explorer Referenz 214270, Mark II. Inventarnummer: 251229-1<\/p>\n<p style=\"text-align: left\"><strong>SPEZIFIKATIONEN<\/strong><\/p>\n<p style=\"text-align: left\"><strong>Geh\u00e4use &amp; Abmessungen:<\/strong><\/p>\n<ul style=\"text-align: left\">\n<li>Geh\u00e4usedurchmesser: 39 mm<\/li>\n<li>Geh\u00e4useh\u00f6he: 11,2 mm<\/li>\n<li>Bandansto\u00df zu Bandansto\u00df: 47 mm<\/li>\n<li>Material: 904L Oystersteel (Edelstahl)<\/li>\n<li>L\u00fcnette: Glatt, feststehend, Oystersteel<\/li>\n<li>Glas: Flaches Saphirglas<\/li>\n<li>Wasserdichtigkeit: 100 m<\/li>\n<\/ul>\n<p style=\"text-align: left\"><strong>Uhrwerk &amp; Leistung:<\/strong><\/p>\n<ul style=\"text-align: left\">\n<li>Kaliber: Rolex Kaliber 3132, Automatik, COSC-zertifiziert, blaue Parachrom-Spirale, Paraflex-Sto\u00dfsicherung, ca. 48 Stunden Gangreserve<\/li>\n<li>Zifferblatt &amp; Zeiger<\/li>\n<li>Zifferblatt: Schwarz, nur Zeitanzeige mit zentraler Sekunde<\/li>\n<li>Stundenmarkierungen: Kombination aus 18-kar\u00e4tigen Wei\u00dfgold-Stabmarkierungen, Dreieck bei 12 Uhr, arabische Ziffern bei 3, 6 und 9 Uhr<\/li>\n<li>Ziffern und Zeiger mit Chromalight-Leuchtmasse<\/li>\n<li>Zeiger: Mercedes-Stil; Leuchtmasse: Chromalight (bis zu 8 Stunden lang anhaltendes blaues Leuchten)<\/li>\n<\/ul>\n<p style=\"text-align: left\"><strong>Armband &amp; Schlie\u00dfe:<\/strong><\/p>\n<p style=\"text-align: left\">Armband: 3-gliedriges Oyster-Armband aus massivem 904L-Edelstahl (massive Endglieder)<\/p>\n<p style=\"text-align: left\">Schlie\u00dfe: Oysterlock-Faltschlie\u00dfe mit 5 mm Easylink-Mikroverstellung<\/p>\n<p style=\"text-align: left\"><strong>Zustand:<\/strong> Nahezu neuwertig, wie abgebildet<\/p>\n<p style=\"text-align: left\"><strong>Zubeh\u00f6r:<\/strong> Komplettes Set mit Box und Papieren, Original-Kaufbeleg von Bucherer, wie abgebildet<\/p>\n<p style=\"text-align: left\"><strong>Garantie:<\/strong> Wir garantieren die Echtheit aller Uhren. Die Uhr hat eine Garantie von 12 Monaten. Alle Garantien unterliegen den Allgemeinen Gesch\u00e4ftsbedingungen.<\/p>\n<p style=\"text-align: left\">Bei Fragen stehen wir Ihnen gerne zur Verf\u00fcgung.<\/p>\n","protected":false},"excerpt":{"rendered":"<p style=\"text-align: left\">Die <strong>Rolex Explorer<\/strong> ist ein Uhrendesign, das auf das Wesentliche reduziert und bis zur Perfektion umgesetzt wurde. Die von 2010 bis 2021 produzierte Referenz 214270 vereint Funktionalit\u00e4t und Luxus in perfekter Balance und ist somit vielseitig genug f\u00fcr Anzug und Freizeit. Trotz ihrer Bedeutung ist sie nach wie vor eine untersch\u00e4tzte Uhr und daher eine lohnende Investition f\u00fcr die Zukunft.<\/p>\n<p style=\"text-align: left\">Die Explorer wurde im August 2020 von Bucherer in Basel, Schweiz, verkauft und stammt aus Erstbesitz.<\/p>\n<p style=\"text-align: left\">Bitte lesen Sie den Zustandsbericht sorgf\u00e4ltig und betrachten Sie die hochaufl\u00f6senden Bilder, um sich ein Bild vom Zustand der Uhr zu machen.<\/p>\n","protected":false},"featured_media":35089,"template":"","meta":{"om_disable_all_campaigns":false,"_monsterinsights_skip_tracking":false,"_monsterinsights_sitenote_active":false,"_monsterinsights_sitenote_note":"","_monsterinsights_sitenote_category":0},"product_brand":[],"product_cat":[59,62],"product_tag":[],"class_list":{"0":"post-35116","1":"product","2":"type-product","3":"status-publish","4":"has-post-thumbnail","6":"product_cat-contemporary-de","7":"product_cat-rolex-de","9":"first","10":"instock","11":"taxable","12":"shipping-taxable","13":"purchasable","14":"product-type-simple"},"aioseo_notices":[],"_links":{"self":[{"href":"https:\/\/chrono-scope.ch\/de\/wp-json\/wp\/v2\/product\/35116","targetHints":{"allow":["GET"]}}],"collection":[{"href":"https:\/\/chrono-scope.ch\/de\/wp-json\/wp\/v2\/product"}],"about":[{"href":"https:\/\/chrono-scope.ch\/de\/wp-json\/wp\/v2\/types\/product"}],"version-history":[{"count":1,"href":"https:\/\/chrono-scope.ch\/de\/wp-json\/wp\/v2\/product\/35116\/revisions"}],"predecessor-version":[{"id":35117,"href":"https:\/\/chrono-scope.ch\/de\/wp-json\/wp\/v2\/product\/35116\/revisions\/35117"}],"wp:featuredmedia":[{"embeddable":true,"href":"https:\/\/chrono-scope.ch\/de\/wp-json\/wp\/v2\/media\/35089"}],"wp:attachment":[{"href":"https:\/\/chrono-scope.ch\/de\/wp-json\/wp\/v2\/media?parent=35116"}],"wp:term":[{"taxonomy":"product_brand","embeddable":true,"href":"https:\/\/chrono-scope.ch\/de\/wp-json\/wp\/v2\/product_brand?post=35116"},{"taxonomy":"product_cat","embeddable":true,"href":"https:\/\/chrono-scope.ch\/de\/wp-json\/wp\/v2\/product_cat?post=35116"},{"taxonomy":"product_tag","embeddable":true,"href":"https:\/\/chrono-scope.ch\/de\/wp-json\/wp\/v2\/product_tag?post=35116"}],"curies":[{"name":"wp","href":"https:\/\/api.w.org\/{rel}","templated":true}]}}