{"id":34686,"date":"2026-01-08T14:52:47","date_gmt":"2026-01-08T14:52:47","guid":{"rendered":"https:\/\/chrono-scope.ch\/?post_type=product&#038;p=34686"},"modified":"2026-01-08T14:53:09","modified_gmt":"2026-01-08T14:53:09","slug":"breitling-superocean-mk-ii-chronograph-reference-2005","status":"publish","type":"product","link":"https:\/\/chrono-scope.ch\/de\/produkt\/breitling-superocean-mk-ii-chronograph-reference-2005\/","title":{"rendered":"Breitling Superocean MK II Chronograph Reference 2005"},"content":{"rendered":"<p style=\"text-align: left\"><b><span data-contrast=\"auto\">MODELL \/ REFERENZ:\u00a0<\/span><\/b><span data-contrast=\"auto\">Breitling\u00a0Superocean\u00a0MK II Chronograph\u00a0Referenz\u00a02005. Eine Uhr, die\u00a0vermutlich\u00a0aus\u00a0den\u00a0sp\u00e4ten\u00a01960er Jahren\u00a0stammt.\u00a0Seriennummer: 1\u2019155\u2019620.\u00a0Inventarnummer: MS-37-02.<\/span><span data-ccp-props=\"{}\">\u00a0<\/span><\/p>\n<p style=\"text-align: left\"><b><span data-contrast=\"auto\">ZIFFERBLATT + ZEIGER:<\/span><\/b><span data-contrast=\"auto\">\u00a0Das Zifferblatt der MK II\u00a0wurde\u00a0mit\u00a0Blick auf\u00a0optimale\u00a0Ablesbarkeit\u00a0gestaltet. Dank des\u00a0einzigartigen\u00a0Layouts und der\u00a0kleinen\u00a0Sekunde\u00a0bei\u00a09 Uhr\u00a0ist\u00a0es\u00a0leicht\u00a0erkennbar.<\/span><span data-ccp-props=\"{}\">\u00a0<\/span><\/p>\n<ul style=\"text-align: left\">\n<li data-leveltext=\"\uf0b7\" data-font=\"Symbol\" data-listid=\"2\" data-list-defn-props=\"{&quot;335552541&quot;:1,&quot;335559683&quot;:0,&quot;335559684&quot;:-2,&quot;335559685&quot;:720,&quot;335559991&quot;:360,&quot;469769226&quot;:&quot;Symbol&quot;,&quot;469769242&quot;:[8226],&quot;469777803&quot;:&quot;left&quot;,&quot;469777804&quot;:&quot;\uf0b7&quot;,&quot;469777815&quot;:&quot;hybridMultilevel&quot;}\" data-aria-posinset=\"1\" data-aria-level=\"1\"><span data-contrast=\"auto\">Der\u00a0mattschwarze\u00a0Mittelteil\u00a0weist\u00a0deutliche\u00a0Gebrauchsspuren\u00a0auf,\u00a0w\u00e4hrend\u00a0die\u00a0Minuteneinteilung\u00a0am Rand\u00a0einen\u00a0sch\u00f6nen\u00a0Kontrast\u00a0bildet. Die\u00a0Beschriftung\u00a0ist\u00a0durchgehend\u00a0scharf\u00a0und\u00a0vollst\u00e4ndig.<\/span><span data-ccp-props=\"{}\">\u00a0<\/span><\/li>\n<\/ul>\n<ul style=\"text-align: left\">\n<li data-leveltext=\"\uf0b7\" data-font=\"Symbol\" data-listid=\"2\" data-list-defn-props=\"{&quot;335552541&quot;:1,&quot;335559683&quot;:0,&quot;335559684&quot;:-2,&quot;335559685&quot;:720,&quot;335559991&quot;:360,&quot;469769226&quot;:&quot;Symbol&quot;,&quot;469769242&quot;:[8226],&quot;469777803&quot;:&quot;left&quot;,&quot;469777804&quot;:&quot;\uf0b7&quot;,&quot;469777815&quot;:&quot;hybridMultilevel&quot;}\" data-aria-posinset=\"2\" data-aria-level=\"1\"><span data-contrast=\"auto\">Das\u00a0kleine\u00a0Fenster\u00a0oberhalb\u00a0von 6 Uhr\u00a0zeigt\u00a0den\u00a0Chronographen-Status an: Es\u00a0ist\u00a0schwarz,\u00a0wenn\u00a0der Chronograph\u00a0ausgeschaltet\u00a0ist,\u00a0zeigt\u00a0einen\u00a0gro\u00dfen\u00a0Leuchtpunkt\u00a0bei\u00a0laufendem\u00a0Chronographen\u00a0und\u00a0einen\u00a0kleinen\u00a0Leuchtpunkt\u00a0im\u00a0Stillstand.<\/span><span data-ccp-props=\"{}\">\u00a0<\/span><\/li>\n<\/ul>\n<ul style=\"text-align: left\">\n<li data-leveltext=\"\uf0b7\" data-font=\"Symbol\" data-listid=\"2\" data-list-defn-props=\"{&quot;335552541&quot;:1,&quot;335559683&quot;:0,&quot;335559684&quot;:-2,&quot;335559685&quot;:720,&quot;335559991&quot;:360,&quot;469769226&quot;:&quot;Symbol&quot;,&quot;469769242&quot;:[8226],&quot;469777803&quot;:&quot;left&quot;,&quot;469777804&quot;:&quot;\uf0b7&quot;,&quot;469777815&quot;:&quot;hybridMultilevel&quot;}\" data-aria-posinset=\"3\" data-aria-level=\"1\"><span data-contrast=\"auto\">Die\u00a0markanten\u00a0Stundenmarkierungen\u00a0haben\u00a0leider\u00a0ihre\u00a0Leuchtmasse\u00a0verloren, bis auf\u00a0einige\u00a0Spuren\u00a0bei\u00a012 Uhr.<\/span><span data-ccp-props=\"{}\">\u00a0<\/span><\/li>\n<\/ul>\n<ul style=\"text-align: left\">\n<li data-leveltext=\"\uf0b7\" data-font=\"Symbol\" data-listid=\"2\" data-list-defn-props=\"{&quot;335552541&quot;:1,&quot;335559683&quot;:0,&quot;335559684&quot;:-2,&quot;335559685&quot;:720,&quot;335559991&quot;:360,&quot;469769226&quot;:&quot;Symbol&quot;,&quot;469769242&quot;:[8226],&quot;469777803&quot;:&quot;left&quot;,&quot;469777804&quot;:&quot;\uf0b7&quot;,&quot;469777815&quot;:&quot;hybridMultilevel&quot;}\" data-aria-posinset=\"4\" data-aria-level=\"1\"><span data-contrast=\"auto\">Die\u00a0markanten\u00a0wei\u00dfen\u00a0Zeiger\u00a0scheinen\u00a0original\u00a0zu\u00a0sein.\u00a0Stunden- und\u00a0Minutenzeiger\u00a0weisen\u00a0eine\u00a0gute\u00a0optische\u00a0Balance auf, die\u00a0Leuchtmasse\u00a0ist\u00a0gealtert,\u00a0w\u00e4hrend\u00a0der\u00a0charakteristische\u00a0Sekundenzeiger\u00a0seine Tritium-F\u00fcllung\u00a0verloren\u00a0hat.<\/span><span data-ccp-props=\"{}\">\u00a0<\/span><\/li>\n<\/ul>\n<p style=\"text-align: left\"><b><span data-contrast=\"auto\">GLAS:\u00a0<\/span><\/b><span data-contrast=\"auto\">Das Plexiglas\u00a0befindet\u00a0sich\u00a0in\u00a0gutem\u00a0Vintage-Zustand\u00a0und\u00a0zeigt\u00a0leichte, alters- und\u00a0gebrauchsbedingte\u00a0Oberfl\u00e4chenkratzer. Es\u00a0weist\u00a0keine\u00a0Risse\u00a0oder\u00a0strukturellen\u00a0Sch\u00e4den\u00a0auf.<\/span><span data-ccp-props=\"{}\">\u00a0<\/span><\/p>\n<p style=\"text-align: left\"><b><span data-contrast=\"auto\">GEH\u00c4USE + L\u00dcNETTE:\u00a0<\/span><\/b><span data-contrast=\"auto\">Trotz seines\u00a0gro\u00dfz\u00fcgigen\u00a0Durchmessers\u00a0von 42 mm\u00a0verf\u00fcgt\u00a0das\u00a0Edelstahlgeh\u00e4use\u00a0\u00fcber\u00a0steile,\u00a0kurze\u00a0Bandanst\u00f6\u00dfe, die f\u00fcr\u00a0eine\u00a0markante\u00a0Pr\u00e4senz\u00a0sorgen,\u00a0ohne\u00a0dabei\u00a0klobig\u00a0oder\u00a0unbequem\u00a0zu\u00a0wirken.<\/span><span data-ccp-props=\"{}\">\u00a0<\/span><\/p>\n<p style=\"text-align: left\"><span data-contrast=\"auto\">Die\u00a0Konturen\u00a0sind\u00a0nach\u00a0wie\u00a0vor\u00a0kr\u00e4ftig\u00a0und\u00a0klar\u00a0definiert. Die\u00a0Oberfl\u00e4che\u00a0weist\u00a0diverse\u00a0Abnutzungsspuren\u00a0und Kratzer auf, die dem Alter und der\u00a0Nutzung\u00a0dieser\u00a0Toolwatch\u00a0entsprechen.<\/span><span data-ccp-props=\"{}\">\u00a0<\/span><\/p>\n<p style=\"text-align: left\"><span data-contrast=\"auto\">Die\u00a0beidseitig\u00a0drehbare\u00a0Taucherl\u00fcnette\u00a0scheint\u00a0original\u00a0zu\u00a0sein. Die\u00a0Leuchtmasse\u00a0bei\u00a012 Uhr\u00a0ist\u00a0erloschen, und\u00a0sie\u00a0pr\u00e4sentiert\u00a0stolz\u00a0ihre\u00a0Gebrauchsspuren\u00a0sowie\u00a0eine\u00a0deutliche\u00a0Delle\u00a0bei\u00a07 Uhr.<\/span><span data-ccp-props=\"{}\">\u00a0<\/span><\/p>\n<p style=\"text-align: left\"><b><span data-contrast=\"auto\">GEH\u00c4USEBODEN:\u00a0<\/span><\/b><span data-contrast=\"auto\">Verschraubter\u00a0Edelstahl-Geh\u00e4useboden\u00a0mit\u00a0graviertem\u00a0Medaillon\u00a0in der Mitte,\u00a0umgeben\u00a0von Text und\u00a0Referenz-\/Seriennummer. Die\u00a0Gravuren\u00a0sind\u00a0leicht\u00a0verblasst,\u00a0aber\u00a0noch\u00a0lesbar. Es\u00a0sind\u00a0Kratzer und\u00a0Gebrauchsspuren\u00a0sichtbar, die\u00a0typisch\u00a0f\u00fcr\u00a0eine\u00a0Vintage-Toolwatch\u00a0sind. Die\u00a0Innenseite\u00a0ist\u00a0sauber,\u00a0signiert\u00a0und\u00a0tr\u00e4gt\u00a0die\u00a0gleiche\u00a0Seriennummer.<\/span><span data-ccp-props=\"{}\">\u00a0<\/span><\/p>\n<p style=\"text-align: left\"><b><span data-contrast=\"auto\">KRONE + DR\u00dcCKER:<\/span><\/b><span data-contrast=\"auto\">\u00a0Die\u00a0verschraubte\u00a0Krone\u00a0ist\u00a0original,\u00a0aber\u00a0nicht\u00a0signiert. Sie\u00a0funktioniert\u00a0einwandfrei,\u00a0sowohl\u00a0beim\u00a0Aufziehen\u00a0als\u00a0auch\u00a0beim\u00a0Einstellen\u00a0der Zeit. Die\u00a0Dr\u00fccker\u00a0scheinen\u00a0original\u00a0zu\u00a0sein. Sie\u00a0reagieren\u00a0pr\u00e4zise\u00a0und\u00a0bet\u00e4tigen\u00a0die\u00a0Funktionen\u00a0mit\u00a0knackigem\u00a0Feedback.<\/span><span data-ccp-props=\"{}\">\u00a0<\/span><\/p>\n<p style=\"text-align: left\"><b><span data-contrast=\"auto\">UHRWERK:<\/span><\/b><span data-contrast=\"auto\">\u00a0Modifiziertes\u00a0Venus 188\u00a0Chronographenwerk\u00a0mit\u00a0kleiner\u00a0laufender\u00a0Sekunde,\u00a0zentralem\u00a0Minutenzeiger\u00a0und\u00a0einer\u00a0Anzeige\u00a0oberhalb\u00a0der 6-Uhr-Position, die den Status der\u00a0Timerfunktion\u00a0anzeigt: Aus,\u00a0Laufend\u00a0oder\u00a0Angehalten. Auf dem\u00a0Unruhkloben\u00a0befindet\u00a0sich\u00a0ein\u00a0US-Importstempel.<\/span><span data-ccp-props=\"{}\">\u00a0<\/span><\/p>\n<p style=\"text-align: left\"><span data-contrast=\"auto\">Das\u00a0Uhrwerk\u00a0wurde\u00a0gepr\u00fcft\u00a0und\u00a0l\u00e4uft\u00a0zum\u00a0Zeitpunkt\u00a0der\u00a0Angebotserstellung\u00a0pr\u00e4zise. Alle\u00a0Funktionen\u00a0arbeiten\u00a0einwandfrei.<\/span><span data-ccp-props=\"{}\">\u00a0<\/span><\/p>\n<p style=\"text-align: left\"><b><span data-contrast=\"auto\">BAND:\u00a0<\/span><\/b><span data-contrast=\"auto\">22 mm\u00a0breites,\u00a0handgefertigtes\u00a0italienisches\u00a0Lederarmband\u00a0in Schwarz\u00a0mit\u00a0Dornschlie\u00dfe\u00a0aus\u00a0Edelstahl.<\/span><span data-ccp-props=\"{}\">\u00a0<\/span><\/p>\n<p style=\"text-align: left\"><b><span data-contrast=\"auto\">ZUBEH\u00d6R:<\/span><\/b><span data-contrast=\"auto\">\u00a0Uhrenetui\u00a0aus\u00a0Saffiano-Leder.<\/span><span data-ccp-props=\"{}\">\u00a0<\/span><\/p>\n<p style=\"text-align: left\"><b><span data-contrast=\"auto\">GARANTIE:\u00a0<\/span><\/b><span data-contrast=\"auto\">Wir\u00a0garantieren\u00a0die\u00a0Echtheit\u00a0dieser\u00a0Uhr und\u00a0gew\u00e4hren\u00a0eine\u00a012-monatige\u00a0Funktionsgarantie. Alle\u00a0Garantien\u00a0unterliegen\u00a0unseren\u00a0Allgemeinen\u00a0Gesch\u00e4ftsbedingungen.<\/span><span data-ccp-props=\"{}\">\u00a0<\/span><\/p>\n<p style=\"text-align: left\"><span data-contrast=\"auto\">Bei\u00a0Fragen\u00a0stehen\u00a0wir\u00a0Ihnen gerne\u00a0zur\u00a0Verf\u00fcgung. Eine\u00a0virtuelle\u00a0oder\u00a0pers\u00f6nliche\u00a0Besichtigung\u00a0ist\u00a0nach\u00a0Vereinbarung\u00a0m\u00f6glich.<\/span><span data-ccp-props=\"{}\">\u00a0<\/span><\/p>\n","protected":false},"excerpt":{"rendered":"<p style=\"text-align: left\"><b><span data-contrast=\"auto\">Breitling\u00a0Superocean\u00a0MK II Chronograph Referenz 2005\u00a0<\/span><\/b><span data-ccp-props=\"{}\">\u00a0<\/span><\/p>\n<p style=\"text-align: left\"><span data-contrast=\"auto\">Die Mitte der 1960er-Jahre\u00a0eingef\u00fchrte\u00a0Breitling\u00a0Superocean\u00a0Referenz\u00a02005\u00a0stellt\u00a0eine\u00a0der\u00a0k\u00fchnsten\u00a0funktionalen\u00a0Neuerungen\u00a0im\u00a0Design von Vintage-Taucheruhren\u00a0dar.\u00a0Entstanden\u00a0in\u00a0einer\u00a0Zeit\u00a0intensiver\u00a0Innovationen,\u00a0verzichtete\u00a0sie\u00a0auf\u00a0konventionelle\u00a0Chronographen-Layouts und\u00a0setzte\u00a0stattdessen\u00a0auf\u00a0einen\u00a0zentralen\u00a0Minutenzeiger, der\u00a0speziell\u00a0f\u00fcr die\u00a0Unterwasserzeitmessung\u00a0entwickelt\u00a0wurde, wo\u00a0jede\u00a0Minute\u00a0z\u00e4hlt.\u00a0Ihr\u00a0\u00fcbergro\u00dfes\u00a042-mm-Geh\u00e4use, das\u00a0raffinierte\u00a0Chronographenfenster\u00a0und\u00a0das\u00a0modifizierte\u00a0Venus\u00a0188-Uhrwerk\u00a0spiegeln\u00a0Breitlings\u00a0kompromisslose, auf\u00a0Funktionalit\u00e4t\u00a0ausgerichtete\u00a0Philosophie wider.<\/span><span data-ccp-props=\"{}\">\u00a0<\/span><\/p>\n<p style=\"text-align: left\"><span data-contrast=\"auto\">Reduziert\u00a0auf\u00a0unn\u00f6tige\u00a0Details und\u00a0mit\u00a0viel\u00a0Charakter, gilt\u00a0sie\u00a0heute\u00a0als\u00a0Kultklassiker, der von\u00a0Sammlern\u00a0f\u00fcr seine\u00a0Originalit\u00e4t\u00a0und seinen\u00a0unverwechselbaren\u00a0Charme der Mitte des 20.\u00a0Jahrhunderts\u00a0gesch\u00e4tzt\u00a0wird.<\/span><span data-ccp-props=\"{}\">\u00a0<\/span><\/p>\n<p style=\"text-align: left\"><span data-contrast=\"auto\">Bitte\u00a0lesen\u00a0Sie den\u00a0Zustandsbericht\u00a0sorgf\u00e4ltig, um den\u00a0Gesamtzustand\u00a0der Uhr\u00a0beurteilen\u00a0zu\u00a0k\u00f6nnen.<\/span><span data-ccp-props=\"{}\">\u00a0<\/span><\/p>\n","protected":false},"featured_media":34689,"template":"","meta":{"om_disable_all_campaigns":false,"_monsterinsights_skip_tracking":false,"_monsterinsights_sitenote_active":false,"_monsterinsights_sitenote_note":"","_monsterinsights_sitenote_category":0},"product_brand":[],"product_cat":[74],"product_tag":[],"class_list":{"0":"post-34686","1":"product","2":"type-product","3":"status-publish","4":"has-post-thumbnail","6":"product_cat-vintage-de","8":"first","9":"instock","10":"taxable","11":"shipping-taxable","12":"purchasable","13":"product-type-simple"},"aioseo_notices":[],"_links":{"self":[{"href":"https:\/\/chrono-scope.ch\/de\/wp-json\/wp\/v2\/product\/34686","targetHints":{"allow":["GET"]}}],"collection":[{"href":"https:\/\/chrono-scope.ch\/de\/wp-json\/wp\/v2\/product"}],"about":[{"href":"https:\/\/chrono-scope.ch\/de\/wp-json\/wp\/v2\/types\/product"}],"version-history":[{"count":2,"href":"https:\/\/chrono-scope.ch\/de\/wp-json\/wp\/v2\/product\/34686\/revisions"}],"predecessor-version":[{"id":34698,"href":"https:\/\/chrono-scope.ch\/de\/wp-json\/wp\/v2\/product\/34686\/revisions\/34698"}],"wp:featuredmedia":[{"embeddable":true,"href":"https:\/\/chrono-scope.ch\/de\/wp-json\/wp\/v2\/media\/34689"}],"wp:attachment":[{"href":"https:\/\/chrono-scope.ch\/de\/wp-json\/wp\/v2\/media?parent=34686"}],"wp:term":[{"taxonomy":"product_brand","embeddable":true,"href":"https:\/\/chrono-scope.ch\/de\/wp-json\/wp\/v2\/product_brand?post=34686"},{"taxonomy":"product_cat","embeddable":true,"href":"https:\/\/chrono-scope.ch\/de\/wp-json\/wp\/v2\/product_cat?post=34686"},{"taxonomy":"product_tag","embeddable":true,"href":"https:\/\/chrono-scope.ch\/de\/wp-json\/wp\/v2\/product_tag?post=34686"}],"curies":[{"name":"wp","href":"https:\/\/api.w.org\/{rel}","templated":true}]}}