{"id":34447,"date":"2025-10-23T13:38:02","date_gmt":"2025-10-23T13:38:02","guid":{"rendered":"https:\/\/chrono-scope.ch\/product\/rolex-datejust-oysterquartz-sharp-case-perfect-black-dial-serviced\/"},"modified":"2026-01-27T20:47:51","modified_gmt":"2026-01-27T20:47:51","slug":"rolex-datejust-oysterquartz-sharp-case-perfect-black-dial-serviced","status":"publish","type":"product","link":"https:\/\/chrono-scope.ch\/de\/produkt\/rolex-datejust-oysterquartz-sharp-case-perfect-black-dial-serviced\/","title":{"rendered":"SOLD &#8211; Rolex Datejust Oysterquartz sharp case, perfect black dial, serviced"},"content":{"rendered":"<p style=\"text-align: left\"><strong>MODELL\/REFERENZ:<\/strong> Rolex Datejust Oysterquartz Ref. 17014A. Seriennummer P, datiert auf ca. 2000. Inventarnummer: 251010-1.<\/p>\n<p style=\"text-align: left\"><strong>Zifferblatt + Zeiger:<\/strong> Perfekt gealtertes schwarzes Sonnenschliff-Zifferblatt mit leichter Patina, scharfer Beschriftung, intakten Leuchtpunkten und perfekt passenden silbernen Zeigern mit Leuchteinlagen.<\/p>\n<p style=\"text-align: left\">Unter UV-Licht leuchten Zeiger und Leuchtpunkte.<\/p>\n<p style=\"text-align: left\"><strong>Glas:<\/strong> Saphirglas in exzellentem Zustand, inklusive der klaren Zykloplupe bei 3 Uhr.<\/p>\n<p style=\"text-align: left\"><strong>Geh\u00e4use:<\/strong> 36-mm-Edelstahlgeh\u00e4use mit geb\u00fcrsteten und polierten Oberfl\u00e4chen und einer geriffelten L\u00fcnette aus 18-kar\u00e4tigem Wei\u00dfgold. Es wirkt unpoliert und weist deutliche Stempel auf der R\u00fcckseite der Bandanst\u00f6\u00dfe auf.<\/p>\n<p style=\"text-align: left\">Leichte, altersbedingte Gebrauchsspuren, insgesamt exzellenter Zustand.<\/p>\n<p style=\"text-align: left\"><strong>Geh\u00e4useboden:<\/strong> vertikal geb\u00fcrstet mit scharfer R\u00e4ndelung und zeitgen\u00f6ssischen Gravuren auf der Innenseite. Die Oberfl\u00e4che weist diverse Kratzer und den originalen gr\u00fcnen Schutzaufkleber auf.<\/p>\n<p style=\"text-align: left\"><strong>UHRWERK:<\/strong> COSC-zertifiziertes Manufaktur-Quarzwerk Kaliber 5035 mit 11 Steinen, 32-kHz-Oszillator, Datumschnellverstellung und Sekundenstopp. Vollst\u00e4ndig gepr\u00fcft, reguliert und mit einer neuen Batterie ausgestattet.<\/p>\n<p style=\"text-align: left\"><strong>KRONE:<\/strong> Original Rolex Twinlock, voll funktionsf\u00e4hig in allen Lagen.<\/p>\n<p style=\"text-align: left\"><strong>BAND:<\/strong> Integriertes 5-reihiges Edelstahlarmband mit flachen Gliedern (Ref. 17010) und korrekter signierter Schlie\u00dfe. 12 Glieder, minimale Dehnung, leichte, dem Alter und der sorgsamen Nutzung entsprechende Gebrauchsspuren. Passend f\u00fcr einen Handgelenkumfang von ca. 18 bis 18,5 cm.<\/p>\n<p style=\"text-align: left\"><strong>ZUBEH\u00d6R:<\/strong> Uhrenrolle aus Saffiano-Leder.<\/p>\n<p style=\"text-align: left\"><strong>GARANTIE:<\/strong> Wir garantieren die Echtheit der Uhr. Wir gew\u00e4hren au\u00dferdem 12 Monate Garantie auf die einwandfreie Funktion dieses Zeitmessers. Alle Garantien unterliegen den Allgemeinen Gesch\u00e4ftsbedingungen.<\/p>\n<p style=\"text-align: left\">Bei Fragen stehen wir Ihnen gerne zur Verf\u00fcgung. Eine pers\u00f6nliche oder virtuelle Besichtigung ist nach Vereinbarung m\u00f6glich.<\/p>\n","protected":false},"excerpt":{"rendered":"<p style=\"text-align: left\"><strong>Rolex Oysterquartz Referenz 17014A<\/strong><\/p>\n<p style=\"text-align: left\">Die Oysterquartz ist zweifellos eine au\u00dfergew\u00f6hnliche Uhr, die sich von ihren Rolex-Geschwistern deutlich unterscheidet. Sie wurde 1977 nach f\u00fcnf Jahren Forschung und Entwicklung eingef\u00fchrt und ist ein Zeugnis der Quarzkrise, als die elektronische Pr\u00e4zision die mechanische Tradition herausforderte.<\/p>\n<p style=\"text-align: left\">Das Design der Oysterquartz stellt eine k\u00fchne Abkehr von allen anderen Rolex-Modellen dar. Sie ist wohl das am meisten untersch\u00e4tzte, aber gleichzeitig technisch ausgefeilteste Modell der Marke und bekannt f\u00fcr ihre Pr\u00e4zision, Langlebigkeit und Seltenheit.<\/p>\n<p style=\"text-align: left\">Wie ihre klassischen Geschwister ist sie \u00e4u\u00dferst vielseitig: Sie eignet sich m\u00fchelos sowohl f\u00fcr den Alltag als auch f\u00fcr formelle Anl\u00e4sse.<\/p>\n<p style=\"text-align: left\">Bitte lesen Sie den Zustandsbericht sorgf\u00e4ltig und sehen Sie sich die hochaufl\u00f6senden Bilder an, um den Gesamtzustand der Uhr zu beurteilen.<\/p>\n","protected":false},"featured_media":30563,"template":"","meta":{"om_disable_all_campaigns":false,"_monsterinsights_skip_tracking":false,"_monsterinsights_sitenote_active":false,"_monsterinsights_sitenote_note":"","_monsterinsights_sitenote_category":0},"product_brand":[],"product_cat":[109,71],"product_tag":[],"class_list":{"0":"post-34447","1":"product","2":"type-product","3":"status-publish","4":"has-post-thumbnail","6":"product_cat-neo-vintage-de","7":"product_cat-verkaufte-uhren","9":"first","10":"instock","11":"taxable","12":"shipping-taxable","13":"purchasable","14":"product-type-simple"},"aioseo_notices":[],"_links":{"self":[{"href":"https:\/\/chrono-scope.ch\/de\/wp-json\/wp\/v2\/product\/34447","targetHints":{"allow":["GET"]}}],"collection":[{"href":"https:\/\/chrono-scope.ch\/de\/wp-json\/wp\/v2\/product"}],"about":[{"href":"https:\/\/chrono-scope.ch\/de\/wp-json\/wp\/v2\/types\/product"}],"version-history":[{"count":3,"href":"https:\/\/chrono-scope.ch\/de\/wp-json\/wp\/v2\/product\/34447\/revisions"}],"predecessor-version":[{"id":35468,"href":"https:\/\/chrono-scope.ch\/de\/wp-json\/wp\/v2\/product\/34447\/revisions\/35468"}],"wp:featuredmedia":[{"embeddable":true,"href":"https:\/\/chrono-scope.ch\/de\/wp-json\/wp\/v2\/media\/30563"}],"wp:attachment":[{"href":"https:\/\/chrono-scope.ch\/de\/wp-json\/wp\/v2\/media?parent=34447"}],"wp:term":[{"taxonomy":"product_brand","embeddable":true,"href":"https:\/\/chrono-scope.ch\/de\/wp-json\/wp\/v2\/product_brand?post=34447"},{"taxonomy":"product_cat","embeddable":true,"href":"https:\/\/chrono-scope.ch\/de\/wp-json\/wp\/v2\/product_cat?post=34447"},{"taxonomy":"product_tag","embeddable":true,"href":"https:\/\/chrono-scope.ch\/de\/wp-json\/wp\/v2\/product_tag?post=34447"}],"curies":[{"name":"wp","href":"https:\/\/api.w.org\/{rel}","templated":true}]}}