{"id":34130,"date":"2025-12-30T09:27:45","date_gmt":"2025-12-30T09:27:45","guid":{"rendered":"https:\/\/chrono-scope.ch\/?post_type=product&#038;p=34130"},"modified":"2025-12-30T12:19:46","modified_gmt":"2025-12-30T12:19:46","slug":"omega-de-ville-emerald-in-18k-white-gold-unpolished","status":"publish","type":"product","link":"https:\/\/chrono-scope.ch\/de\/produkt\/omega-de-ville-emerald-in-18k-white-gold-unpolished\/","title":{"rendered":"Omega De Ville \u201cEmerald\u201d in 18k white gold \u2013 unpolished"},"content":{"rendered":"<p><strong>MODELL\/REFERENZ:<\/strong>\u00a0Omega\u00a0De\u00a0Ville\u00a0\u201eEmerald\u201c,\u00a0Ref. 8326,\u00a0Seriennummer\u00a022\u2019942\u2019617.\u00a0Inventarnummer: YUK-39-06<\/p>\n<p><strong>ZUSTANDSBERICHT:<\/strong>\u00a0Bitte\u00a0beachten\u00a0Sie\u00a0die\u00a0hochaufl\u00f6senden\u00a0Originalbilder,\u00a0um\u00a0den\u00a0Zustand\u00a0der\u00a0Uhr\u00a0zu\u00a0beurteilen.<\/p>\n<p><strong>ZIFFERN:<\/strong>\u00a0Blaues\u00a0Zifferblatt\u00a0mit\u00a0Sonnenschliff\u00a0in\u00a0originalem\u00a0und\u00a0neuwertigem\u00a0Zustand.\u00a0Alle\u00a0Beschriftungen\u00a0sind\u00a0klar\u00a0lesbar. ZEIGER:\u00a0Korrekte\u00a0und\u00a0originale\u00a0Zeiger<\/p>\n<p><strong>GLAS:\u00a0<\/strong>Originales\u00a0\u201eSmaragd\u201c-Mineralglas<\/p>\n<p><strong>GEH\u00c4USE:\u00a0<\/strong>Das\u00a0Stufengeh\u00e4use\u00a0aus\u00a018-kar\u00e4tigem\u00a0Wei\u00dfgold\u00a0weist\u00a0leichte,\u00a0dem\u00a0Alter\u00a0der\u00a0Uhr\u00a0entsprechende\u00a0Gebrauchsspuren\u00a0auf\u00a0und\u00a0scheint\u00a0unpoliert\u00a0zu\u00a0sein.\u00a0Die\u00a0Geh\u00e4usema\u00dfe\u00a0betragen\u00a027 mm x 39 mm.<\/p>\n<p><strong>GEH\u00c4USEBODEN:<\/strong>\u00a0Geh\u00e4useboden\u00a0aus\u00a018-kar\u00e4tigem\u00a0Gold\u00a0mit\u00a0allen\u00a0relevanten\u00a0Werksgravuren\u00a0und\u00a0-stempeln\u00a0auf\u00a0der\u00a0Innenseite.<\/p>\n<p><strong>KRONE:<\/strong>\u00a0Signierte\u00a0Krone<\/p>\n<p><strong>UHRWERK:\u00a0<\/strong>Automatikwerk\u00a0von\u00a0Omega\u00a0mit\u00a024\u00a0Steinen.\u00a0Die\u00a0Uhr\u00a0wurde\u00a0im\u00a0November\u00a02025\u00a0von\u00a0unseremUhrmacher\u00a0vollst\u00e4ndig\u00a0revidiert.<\/p>\n<p><strong>BAND:<\/strong>\u00a0Originales Armband aus 18-kar\u00e4tigem Wei\u00dfgold mit signierter Omega-Faltschlie\u00dfe. Alle relevanten Goldstempel sind vorhanden. Das Armband passt an ein Handgelenk mit einem Umfang von ca. 20 bis 20,5 cm.<\/p>\n<p>Das\u00a0Gesamtgewicht\u00a0der\u00a0Uhr\u00a0inklusive\u00a0des\u00a018-kar\u00e4tigen\u00a0Armbands\u00a0betr\u00e4gt\u00a086\u00a0Gramm.\u00a0Das\u00a0Nettogewicht\u00a0des\u00a0Goldes\u00a0betr\u00e4gt\u00a0ca. 65\u00a0bis\u00a070\u00a0Gramm.<\/p>\n<p><strong>ZUBEH\u00d6R:\u00a0<\/strong>Omega-Serviceetui,\u00a0Original-Kaufbelege\u00a0vom\u00a0Januar\u00a01975.<\/p>\n<p><strong>GARANTIE:<\/strong>\u00a0Wir\u00a0garantieren\u00a0die\u00a0Echtheit\u00a0der\u00a0Uhr.\u00a0Zudem\u00a0gew\u00e4hren\u00a0wir\u00a012\u00a0Monate\u00a0Garantie\u00a0auf\u00a0die\u00a0einwandfreie\u00a0Funktion.\u00a0Alle\u00a0Garantien\u00a0unterliegen\u00a0den\u00a0Allgemeinen\u00a0Gesch\u00e4ftsbedingungen.<\/p>\n<p>Bei\u00a0Fragen\u00a0stehen\u00a0wir\u00a0Ihnen\u00a0gerne\u00a0zur\u00a0Verf\u00fcgung.<\/p>\n","protected":false},"excerpt":{"rendered":"<p>Wir\u00a0pr\u00e4sentieren\u00a0Ihnen\u00a0mit\u00a0Stolz\u00a0eine\u00a0seltene\u00a0und\u00a0exklusive\u00a0<strong>Omega\u00a0De\u00a0Ville\u00a0\u201eEmerald\u201c\u00a0in\u00a018-kar\u00e4tigem\u00a0Wei\u00dfgold\u00a0\u2013\u00a0unpoliert<\/strong>.\u00a0Diese\u00a0Sch\u00f6nheit\u00a0aus\u00a0den\u00a01970er-Jahren\u00a0wurde\u00a0am\u00a018.\u00a0Januar\u00a01975\u00a0in\u00a0Aarau,\u00a0Schweiz,\u00a0verkauft\u00a0und\u00a0befindet\u00a0sich\u00a0in\u00a0originalem,\u00a0unpoliertem\u00a0Zustand.\u00a0Das\u00a0Uhrwerk\u00a0wurde\u00a0gewartet,\u00a0die\u00a0Uhr\u00a0wird\u00a0mit\u00a012\u00a0Monaten\u00a0Garantie\u00a0geliefert.\u00a0Das\u00a0Gesamtgewicht\u00a0der\u00a0Uhr\u00a0inklusive\u00a0des\u00a018-kar\u00e4tigen\u00a0Armbands\u00a0betr\u00e4gt\u00a086\u00a0Gramm.<\/p>\n","protected":false},"featured_media":34104,"template":"","meta":{"om_disable_all_campaigns":false,"_monsterinsights_skip_tracking":false,"_monsterinsights_sitenote_active":false,"_monsterinsights_sitenote_note":"","_monsterinsights_sitenote_category":0},"product_brand":[],"product_cat":[73],"product_tag":[],"class_list":{"0":"post-34130","1":"product","2":"type-product","3":"status-publish","4":"has-post-thumbnail","6":"product_cat-nicht-kategorisiert","8":"first","9":"instock","10":"taxable","11":"shipping-taxable","12":"product-type-simple"},"aioseo_notices":[],"_links":{"self":[{"href":"https:\/\/chrono-scope.ch\/de\/wp-json\/wp\/v2\/product\/34130","targetHints":{"allow":["GET"]}}],"collection":[{"href":"https:\/\/chrono-scope.ch\/de\/wp-json\/wp\/v2\/product"}],"about":[{"href":"https:\/\/chrono-scope.ch\/de\/wp-json\/wp\/v2\/types\/product"}],"version-history":[{"count":3,"href":"https:\/\/chrono-scope.ch\/de\/wp-json\/wp\/v2\/product\/34130\/revisions"}],"predecessor-version":[{"id":34295,"href":"https:\/\/chrono-scope.ch\/de\/wp-json\/wp\/v2\/product\/34130\/revisions\/34295"}],"wp:featuredmedia":[{"embeddable":true,"href":"https:\/\/chrono-scope.ch\/de\/wp-json\/wp\/v2\/media\/34104"}],"wp:attachment":[{"href":"https:\/\/chrono-scope.ch\/de\/wp-json\/wp\/v2\/media?parent=34130"}],"wp:term":[{"taxonomy":"product_brand","embeddable":true,"href":"https:\/\/chrono-scope.ch\/de\/wp-json\/wp\/v2\/product_brand?post=34130"},{"taxonomy":"product_cat","embeddable":true,"href":"https:\/\/chrono-scope.ch\/de\/wp-json\/wp\/v2\/product_cat?post=34130"},{"taxonomy":"product_tag","embeddable":true,"href":"https:\/\/chrono-scope.ch\/de\/wp-json\/wp\/v2\/product_tag?post=34130"}],"curies":[{"name":"wp","href":"https:\/\/api.w.org\/{rel}","templated":true}]}}