{"id":33743,"date":"2025-12-22T10:07:55","date_gmt":"2025-12-22T10:07:55","guid":{"rendered":"https:\/\/chrono-scope.ch\/?post_type=product&#038;p=33743"},"modified":"2025-12-27T18:55:35","modified_gmt":"2025-12-27T18:55:35","slug":"heuer-carrera-ref-73453n-mint-grey-blue-dial","status":"publish","type":"product","link":"https:\/\/chrono-scope.ch\/de\/produkt\/heuer-carrera-ref-73453n-mint-grey-blue-dial\/","title":{"rendered":"SOLD &#8211; Heuer Carrera ref. 73453N , mint grey-blue dial"},"content":{"rendered":"<p style=\"text-align: left\"><strong>MODELL\/REFERENZ: <\/strong>Heuer Vintage Carrera, Ref. 73453N, Seriennummer 257777, Inventarnummer: 251031-1<\/p>\n<p style=\"text-align: left\"><strong>ZIFFERN + ZEIGER:<\/strong> Das Zifferblatt ist vollst\u00e4ndig original und nahezu neuwertig. Alle Aufdrucke sind original und gestochen scharf. Die Datumsscheibe ist sauber. Die Hilfszifferbl\u00e4tter sind gestochen scharf. Die Tritium-Leuchtpunkte sind vollst\u00e4ndig intakt. Unter UV-Licht leuchtet das Tritium auf den Indizes und Zeigern auf und erlischt dann wieder.<\/p>\n<p style=\"text-align: left\"><strong>GLAS:<\/strong> Plexiglas in gutem Zustand mit leichten Oberfl\u00e4chenkratzern.<\/p>\n<p style=\"text-align: left\"><strong>UHRWERK: FUNKTION:<\/strong> Valjoux 7734 Uhrwerk in voll funktionsf\u00e4higem Zustand. Das Uhrwerk wurde gepr\u00fcft, l\u00e4uft und h\u00e4lt die Zeit genau.<\/p>\n<p style=\"text-align: left\"><strong>GEH\u00c4USE: <\/strong>Das 39 mm gro\u00dfe Edelstahlgeh\u00e4use ist unpoliert und weist die originale Werkslackierung und scharfe Linien auf. Es zeigt leichte, dem Alter der Uhr entsprechende Gebrauchsspuren. Siehe Abbildungen. Der Geh\u00e4usedurchmesser von Bandansto\u00df zu Bandansto\u00df betr\u00e4gt 44 mm.<\/p>\n<p style=\"text-align: left\">Referenz- und Seriennummer zwischen den Bandanst\u00f6\u00dfen sind vorhanden und deutlich lesbar.<\/p>\n<p style=\"text-align: left\"><strong>GEH\u00c4USEBODEN: <\/strong>Edelstahl-Geh\u00e4useboden in gutem Zustand mit leichten Gebrauchsspuren.<\/p>\n<p style=\"text-align: left\"><strong>KRONE + DR\u00dcCKER: <\/strong>Originale, signierte Krone, originale Dr\u00fccker.<\/p>\n<p style=\"text-align: left\"><strong>BAND:<\/strong> Die Uhr wird mit einem hochwertigen italienischen Lederarmband mit Heuer-Stahlschlie\u00dfe geliefert.<\/p>\n<p style=\"text-align: left\"><strong>ZUBEH\u00d6R: <\/strong>Uhrenrolle aus Saffiano-Leder<\/p>\n<p style=\"text-align: left\"><strong>GARANTIE:<\/strong> Wir garantieren die Echtheit der Uhr. Wir gew\u00e4hren au\u00dferdem 12 Monate Garantie auf die einwandfreie Funktion dieses Zeitmessers. Alle Garantien unterliegen den Allgemeinen Gesch\u00e4ftsbedingungen.<\/p>\n<p style=\"text-align: left\">Bei Fragen stehen wir Ihnen gerne zur Verf\u00fcgung. Auf Wunsch senden wir Ihnen gerne weitere Bilder und eine Videosequenz zu. Besichtigungen sind virtuell oder pers\u00f6nlich nach Vereinbarung m\u00f6glich.<\/p>\n","protected":false},"excerpt":{"rendered":"<p>Wir pr\u00e4sentieren Ihnen mit Stolz eine hervorragende <strong>Vintage Heuer Carrera 73453N<\/strong> in nahezu neuwertigem Zustand.<\/p>\n<p>Das Highlight dieser ikonischen Carrera ist das blaugraue Zifferblatt in nahezu perfektem Zustand.<\/p>\n<p>Spezifikationen: Zustandsbericht: Bitte beachten Sie, dass die unbearbeiteten Bilder ein wichtiger Bestandteil der Beschreibung sind.<\/p>\n","protected":false},"featured_media":33733,"template":"","meta":{"om_disable_all_campaigns":false,"_monsterinsights_skip_tracking":false,"_monsterinsights_sitenote_active":false,"_monsterinsights_sitenote_note":"","_monsterinsights_sitenote_category":0},"product_brand":[],"product_cat":[76,71,74],"product_tag":[],"class_list":{"0":"post-33743","1":"product","2":"type-product","3":"status-publish","4":"has-post-thumbnail","6":"product_cat-heuer-de","7":"product_cat-verkaufte-uhren","8":"product_cat-vintage-de","10":"first","11":"instock","12":"taxable","13":"shipping-taxable","14":"purchasable","15":"product-type-simple"},"aioseo_notices":[],"_links":{"self":[{"href":"https:\/\/chrono-scope.ch\/de\/wp-json\/wp\/v2\/product\/33743","targetHints":{"allow":["GET"]}}],"collection":[{"href":"https:\/\/chrono-scope.ch\/de\/wp-json\/wp\/v2\/product"}],"about":[{"href":"https:\/\/chrono-scope.ch\/de\/wp-json\/wp\/v2\/types\/product"}],"version-history":[{"count":2,"href":"https:\/\/chrono-scope.ch\/de\/wp-json\/wp\/v2\/product\/33743\/revisions"}],"predecessor-version":[{"id":34223,"href":"https:\/\/chrono-scope.ch\/de\/wp-json\/wp\/v2\/product\/33743\/revisions\/34223"}],"wp:featuredmedia":[{"embeddable":true,"href":"https:\/\/chrono-scope.ch\/de\/wp-json\/wp\/v2\/media\/33733"}],"wp:attachment":[{"href":"https:\/\/chrono-scope.ch\/de\/wp-json\/wp\/v2\/media?parent=33743"}],"wp:term":[{"taxonomy":"product_brand","embeddable":true,"href":"https:\/\/chrono-scope.ch\/de\/wp-json\/wp\/v2\/product_brand?post=33743"},{"taxonomy":"product_cat","embeddable":true,"href":"https:\/\/chrono-scope.ch\/de\/wp-json\/wp\/v2\/product_cat?post=33743"},{"taxonomy":"product_tag","embeddable":true,"href":"https:\/\/chrono-scope.ch\/de\/wp-json\/wp\/v2\/product_tag?post=33743"}],"curies":[{"name":"wp","href":"https:\/\/api.w.org\/{rel}","templated":true}]}}