{"id":33742,"date":"2025-12-22T08:40:14","date_gmt":"2025-12-22T08:40:14","guid":{"rendered":"https:\/\/chrono-scope.ch\/?post_type=product&#038;p=33742"},"modified":"2025-12-22T08:40:41","modified_gmt":"2025-12-22T08:40:41","slug":"heuer-montreal-ref-110-503n-near-mint","status":"publish","type":"product","link":"https:\/\/chrono-scope.ch\/de\/produkt\/heuer-montreal-ref-110-503n-near-mint\/","title":{"rendered":"Heuer Montreal Ref. 110.503N, near mint"},"content":{"rendered":"<p style=\"text-align: left\"><strong>MODELL\/REFERENZ: <\/strong>Heuer Montreal Ref. 110.503N<\/p>\n<p style=\"text-align: left\"><strong>ZIFFERBLATT + ZEIGER:<\/strong> Das Zifferblatt ist makellos erhalten und besticht durch seine kr\u00e4ftigen Farben in mattem Blau mit wei\u00dfen Hilfszifferbl\u00e4ttern. Trotz der intensiven Farbgebung wirkt das umgekehrte Panda-Design harmonisch und ausgewogen. Es verf\u00fcgt \u00fcber eine traditionelle Bi-Compax-Anzeige und ein Datumsfenster bei 6 Uhr.<\/p>\n<ul style=\"text-align: left\">\n<li>Der Chronographen-Minutenz\u00e4hler mit orangefarbenen Streifen befindet sich bei 3 Uhr, der Stundenz\u00e4hler bei 9 Uhr.<\/li>\n<li>Der Rehaut kombiniert Tachymeter- und Pulsometerskala. Diese sind gut ablesbar und in sehr gutem Zustand, ebenso wie der wei\u00dfe Minutenring.<\/li>\n<li>Der Aufdruck ist perfekt erhalten, und die applizierten Stabindizes sind mit intakten Tritiumstreifen versehen, die eine wundersch\u00f6ne, warme Patina entwickelt haben.<\/li>\n<li>Die originalen Stunden- und Minutenzeiger sind in neuwertigem Zustand und weisen eine sch\u00f6ne rote Kontur sowie Tritiumeinlagen auf. Auch der zentrale Sekundenzeiger ist rot und bildet einen sch\u00f6nen Kontrast zum schwarzen Zifferblatt, was die Ablesbarkeit zus\u00e4tzlich verbessert.<\/li>\n<li>Die Leuchtmasse hat eine Patina entwickelt, die der der Stundenindizes entspricht. Unter UV-Licht leuchtet das Tritium auf und erlischt dann wieder.<\/li>\n<\/ul>\n<p style=\"text-align: left\"><strong>GLAS:<\/strong> Die Uhr ist mit einem neuen Mineralglas ausgestattet.<\/p>\n<p style=\"text-align: left\"><strong>UHRWERK: <\/strong>Dieser Chronograph wird vom bekannten Heuer 12 Chronomatic Uhrwerk angetrieben. Das Uhrwerk wurde gepr\u00fcft und l\u00e4uft einwandfrei. Der Chronograph startet, stoppt und nullt wie vorgesehen.<\/p>\n<p style=\"text-align: left\"><strong>GEH\u00c4USE: <\/strong>Das Edelstahlgeh\u00e4use ist das Markenzeichen der Montreal. Es misst 48 mm von Bandansto\u00df zu Bandansto\u00df und hat einen Durchmesser von 42 mm. Das Geh\u00e4use ist in einem sehr guten Zustand. Weitere Details entnehmen Sie bitte den Fotos.<\/p>\n<p style=\"text-align: left\"><strong>GEH\u00c4USEBODEN:<\/strong> Der sechsfach verschraubte Edelstahl-Geh\u00e4useboden mit Kerben ist in gutem Zustand mit Gebrauchsspuren. Die Innenseite tr\u00e4gt den Stempel \u201eHeuer-Leonidas SA\u201c.<\/p>\n<p style=\"text-align: left\"><strong>KRONE + DR\u00dcCKER: <\/strong>Als charakteristisches Merkmal des Uhrwerks befindet sich die Heuer-signierte Krone auf der linken Seite der Uhr und funktioniert wie vorgesehen. Die geriffelten Chronographendr\u00fccker entsprechen dieser Referenz und befinden sich auf der rechten Seite. Sie bedienen die Chronographenfunktionen pr\u00e4zise.<\/p>\n<p style=\"text-align: left\"><strong>BAND:<\/strong> Generisches Vintage-Armband aus Edelstahl mit Faltschlie\u00dfe.<\/p>\n<p style=\"text-align: left\"><strong>ZUBEH\u00d6R:<\/strong> Uhrenrolle aus Saffiano-Leder.<\/p>\n<p style=\"text-align: left\"><strong>GARANTIE:<\/strong> Wir garantieren die Echtheit der Uhr. Zudem gew\u00e4hren wir 12 Monate Garantie auf die einwandfreie Funktion dieses Zeitmessers. Alle Garantien unterliegen den Allgemeinen Gesch\u00e4ftsbedingungen.<\/p>\n<p style=\"text-align: left\">Bei Fragen stehen wir Ihnen gerne zur Verf\u00fcgung. Eine virtuelle oder pers\u00f6nliche Besichtigung ist nach Vereinbarung m\u00f6glich.<\/p>\n","protected":false},"excerpt":{"rendered":"<p style=\"text-align: left\"><strong>Heuer Montreal Ref. 110.503N<\/strong><\/p>\n<p style=\"text-align: left\">Wir pr\u00e4sentieren Ihnen mit Stolz einen legend\u00e4ren Heuer Montreal Chronographen der Referenz 110.503N aus den 1970er-Jahren. Die Montreal wurde 1972 eingef\u00fchrt, in einer Zeit, als Heuer begann, sein Uhrensortiment auf dem nordamerikanischen Markt deutlich auszubauen. Montreal war 1976 Austragungsort der Olympischen Spiele, und seit 1978 finden dort j\u00e4hrlich Formel-1-Rennen statt. Die Heuer-Montr\u00e9al-Kollektion \u00fcberzeugte die Kunden mit einem v\u00f6llig neuen, modernen und markanten Design. Diese Modellreihe blieb bis Ende der 1970er-Jahre im Sortiment und unterstrich ihre Bedeutung als Designinnovation.<\/p>\n<p style=\"text-align: left\">Bitte lesen Sie den Zustandsbericht sorgf\u00e4ltig und sehen Sie sich die hochaufl\u00f6senden Bilder an, um den Gesamtzustand der Uhr zu beurteilen.<\/p>\n","protected":false},"featured_media":33794,"template":"","meta":{"om_disable_all_campaigns":false,"_monsterinsights_skip_tracking":false,"_monsterinsights_sitenote_active":false,"_monsterinsights_sitenote_note":"","_monsterinsights_sitenote_category":0},"product_brand":[],"product_cat":[76,74],"product_tag":[],"class_list":{"0":"post-33742","1":"product","2":"type-product","3":"status-publish","4":"has-post-thumbnail","6":"product_cat-heuer-de","7":"product_cat-vintage-de","9":"first","10":"instock","11":"taxable","12":"shipping-taxable","13":"purchasable","14":"product-type-simple"},"aioseo_notices":[],"_links":{"self":[{"href":"https:\/\/chrono-scope.ch\/de\/wp-json\/wp\/v2\/product\/33742","targetHints":{"allow":["GET"]}}],"collection":[{"href":"https:\/\/chrono-scope.ch\/de\/wp-json\/wp\/v2\/product"}],"about":[{"href":"https:\/\/chrono-scope.ch\/de\/wp-json\/wp\/v2\/types\/product"}],"version-history":[{"count":1,"href":"https:\/\/chrono-scope.ch\/de\/wp-json\/wp\/v2\/product\/33742\/revisions"}],"predecessor-version":[{"id":33745,"href":"https:\/\/chrono-scope.ch\/de\/wp-json\/wp\/v2\/product\/33742\/revisions\/33745"}],"wp:featuredmedia":[{"embeddable":true,"href":"https:\/\/chrono-scope.ch\/de\/wp-json\/wp\/v2\/media\/33794"}],"wp:attachment":[{"href":"https:\/\/chrono-scope.ch\/de\/wp-json\/wp\/v2\/media?parent=33742"}],"wp:term":[{"taxonomy":"product_brand","embeddable":true,"href":"https:\/\/chrono-scope.ch\/de\/wp-json\/wp\/v2\/product_brand?post=33742"},{"taxonomy":"product_cat","embeddable":true,"href":"https:\/\/chrono-scope.ch\/de\/wp-json\/wp\/v2\/product_cat?post=33742"},{"taxonomy":"product_tag","embeddable":true,"href":"https:\/\/chrono-scope.ch\/de\/wp-json\/wp\/v2\/product_tag?post=33742"}],"curies":[{"name":"wp","href":"https:\/\/api.w.org\/{rel}","templated":true}]}}