{"id":33556,"date":"2025-12-12T17:55:54","date_gmt":"2025-12-12T17:55:54","guid":{"rendered":"https:\/\/chrono-scope.ch\/?post_type=product&#038;p=33556"},"modified":"2026-02-09T11:20:22","modified_gmt":"2026-02-09T11:20:22","slug":"omega-speedmaster-schumacher-reduced-racing-michael-schuhmacher-tritium-dial-bracelet","status":"publish","type":"product","link":"https:\/\/chrono-scope.ch\/de\/produkt\/omega-speedmaster-schumacher-reduced-racing-michael-schuhmacher-tritium-dial-bracelet\/","title":{"rendered":"RESERVED &#8211; Omega Speedmaster Schumacher reduced Racing \u201cMichael Schuhmacher\u201d, tritium dial, bracelet"},"content":{"rendered":"<p style=\"text-align: left\"><strong>MODELL\/REFERENZ:<\/strong> Omega Speedmaster Reduced, Ref. 3810.81.0. Die Seriennummer 56\u2019912\u2019600 datiert die Speedmaster auf ca. das Jahr 2000.<\/p>\n<p style=\"text-align: left\"><strong>ZUSTANDSBERICHT:<\/strong> Bitte beachten Sie die hochaufl\u00f6senden Originalfotos, um den Zustand der Uhr zu beurteilen.<\/p>\n<p style=\"text-align: left\"><strong>ZIFFERN:<\/strong> Zifferblatt und Zeiger sind in neuwertigem Zustand und weisen die originale Tritium-Leuchtmasse auf, die eine sch\u00f6ne beige Patina entwickelt hat.<\/p>\n<p style=\"text-align: left\"><strong>GLAS:<\/strong> Das Omega-signierte Plexiglas ist in sehr gutem Zustand mit leichten Oberfl\u00e4chenkratzern.<\/p>\n<p style=\"text-align: left\"><strong>L\u00dcNETTE:<\/strong> Die L\u00fcnette ist in exzellentem Zustand.<\/p>\n<p style=\"text-align: left\"><strong>GEH\u00c4USE:<\/strong> Das Geh\u00e4use ist in gutem Zustand mit nur leichten Gebrauchsspuren.<\/p>\n<p style=\"text-align: left\"><strong>GEH\u00c4USEBODEN:<\/strong> Der Edelstahl-Geh\u00e4useboden tr\u00e4gt das Seepferdchen-Logo und die Seriennummer.<\/p>\n<p style=\"text-align: left\"><strong>UHRWERK:<\/strong> Das automatische Omega Kaliber 1141 ist voll funktionsf\u00e4hig, l\u00e4uft pr\u00e4zise und h\u00e4lt die Zeit genau. Der Chronograph startet, stoppt und nullt korrekt.<\/p>\n<p style=\"text-align: left\"><strong>BAND:<\/strong> Originales Omega Edelstahlarmband Ref. 1469\/32 mit 811 Endgliedern. Das Armband passt an ein Handgelenk mit einem Umfang von ca. 17,5 cm und ist in exzellentem Zustand, nahezu ohne Dehnung. Ersatzglieder sind auf Anfrage erh\u00e4ltlich. \u2022 Zifferblatt, Glas, Krone, Geh\u00e4use, Uhrwerk, Armband und Schlie\u00dfe sind von Omega signiert.<\/p>\n<p style=\"text-align: left\"><strong>ZUBEH\u00d6R:<\/strong> Omega Service-Etui. Eine originale Omega Schumacher \u201eReifenbox\u201c ist auf Anfrage erh\u00e4ltlich.<\/p>\n<p style=\"text-align: left\"><strong>GARANTIE:<\/strong> Wir garantieren die Echtheit der Uhr. Wir gew\u00e4hren au\u00dferdem 12 Monate Garantie auf die einwandfreie Funktion dieses Zeitmessers. Alle Garantien unterliegen den Allgemeinen Gesch\u00e4ftsbedingungen. Bei Fragen stehen wir Ihnen gerne zur Verf\u00fcgung. Besichtigungen (virtuell oder pers\u00f6nlich) sind nur nach Vereinbarung m\u00f6glich.<\/p>\n","protected":false},"excerpt":{"rendered":"<p style=\"text-align: left\">Zum Verkauf steht eine<strong> Omega Speedmaster Reduced Racing \u201eMichael Schumacher\u201c<\/strong> mit Tritium-Zifferblatt in sehr gutem, gebrauchtem Zustand. Das gl\u00e4nzende blaue Zifferblatt sieht fantastisch aus, und die Leuchtmasse hat eine attraktive beige Patina entwickelt. Alle Funktionen sind einwandfrei, und die Uhr wird mit einer 12-monatigen Garantie geliefert.<\/p>\n","protected":false},"featured_media":33552,"template":"","meta":{"om_disable_all_campaigns":false,"_monsterinsights_skip_tracking":false,"_monsterinsights_sitenote_active":false,"_monsterinsights_sitenote_note":"","_monsterinsights_sitenote_category":0},"product_brand":[],"product_cat":[109,61,71],"product_tag":[],"class_list":{"0":"post-33556","1":"product","2":"type-product","3":"status-publish","4":"has-post-thumbnail","6":"product_cat-neo-vintage-de","7":"product_cat-omega-de","8":"product_cat-verkaufte-uhren","10":"first","11":"instock","12":"taxable","13":"shipping-taxable","14":"purchasable","15":"product-type-simple"},"aioseo_notices":[],"_links":{"self":[{"href":"https:\/\/chrono-scope.ch\/de\/wp-json\/wp\/v2\/product\/33556","targetHints":{"allow":["GET"]}}],"collection":[{"href":"https:\/\/chrono-scope.ch\/de\/wp-json\/wp\/v2\/product"}],"about":[{"href":"https:\/\/chrono-scope.ch\/de\/wp-json\/wp\/v2\/types\/product"}],"version-history":[{"count":2,"href":"https:\/\/chrono-scope.ch\/de\/wp-json\/wp\/v2\/product\/33556\/revisions"}],"predecessor-version":[{"id":35752,"href":"https:\/\/chrono-scope.ch\/de\/wp-json\/wp\/v2\/product\/33556\/revisions\/35752"}],"wp:featuredmedia":[{"embeddable":true,"href":"https:\/\/chrono-scope.ch\/de\/wp-json\/wp\/v2\/media\/33552"}],"wp:attachment":[{"href":"https:\/\/chrono-scope.ch\/de\/wp-json\/wp\/v2\/media?parent=33556"}],"wp:term":[{"taxonomy":"product_brand","embeddable":true,"href":"https:\/\/chrono-scope.ch\/de\/wp-json\/wp\/v2\/product_brand?post=33556"},{"taxonomy":"product_cat","embeddable":true,"href":"https:\/\/chrono-scope.ch\/de\/wp-json\/wp\/v2\/product_cat?post=33556"},{"taxonomy":"product_tag","embeddable":true,"href":"https:\/\/chrono-scope.ch\/de\/wp-json\/wp\/v2\/product_tag?post=33556"}],"curies":[{"name":"wp","href":"https:\/\/api.w.org\/{rel}","templated":true}]}}