{"id":33420,"date":"2025-12-08T17:13:03","date_gmt":"2025-12-08T17:13:03","guid":{"rendered":"https:\/\/chrono-scope.ch\/?post_type=product&#038;p=33420"},"modified":"2025-12-08T17:19:29","modified_gmt":"2025-12-08T17:19:29","slug":"iwc-portugieser-2000-automatic-limited-edition","status":"publish","type":"product","link":"https:\/\/chrono-scope.ch\/de\/produkt\/iwc-portugieser-2000-automatic-limited-edition\/","title":{"rendered":"IWC Portugieser 2000 Automatic Limited Edition"},"content":{"rendered":"<p style=\"text-align: left\"><strong>MODELL \/ REFERENZ:\u00a0<\/strong>\u00a0IWC\u00a0Portugieser\u00a07 Day Limited Edition, Referenznummer: 5000-001. Die Uhr tr\u00e4gt die LE-Nummer 555\/1000. Inventarnummer: 251103-1<\/p>\n<p style=\"text-align: left\"><strong>SPEZIFIKATIONEN<\/strong><\/p>\n<p style=\"text-align: left\"><strong>GEH\u00c4USE:<\/strong> 42 mm Edelstahlgeh\u00e4use, Geh\u00e4useboden: Sichtboden aus Saphirglas (transparent)<\/p>\n<p style=\"text-align: left\"><strong>GLAS:<\/strong> Acrylglas (Plexiglas)<\/p>\n<p style=\"text-align: left\"><strong>ZIFFERBLATT:<\/strong> Erhabene arabische Ziffern, blattf\u00f6rmige Zeiger mit gebl\u00e4uten Stahlzeigern in den Hilfszifferbl\u00e4ttern, Gangreserveanzeige bei 3 Uhr, kleine Sekunde bei 9 Uhr<\/p>\n<p style=\"text-align: left\"><strong>UHRWERK:<\/strong> Automatikwerk, Selbstaufzug, IWC Kaliber 5000, 7 Tage (168 Stunden) Gangreserve, 44 Steine, Peloton-Aufzugssystem, Gangreserveanzeige bei 3 Uhr<\/p>\n<p style=\"text-align: left\"><strong>BAND:<\/strong> Schwarzes Lederarmband, Dornschlie\u00dfe aus Edelstahl<\/p>\n<p style=\"text-align: left\"><strong>ZUSTAND:<\/strong> Bitte beachten Sie die hochaufl\u00f6senden Originalfotos, um den Zustand der Uhr zu beurteilen.<\/p>\n<p style=\"text-align: left\">Die Uhr befindet sich in einem hervorragenden, gebrauchten Zustand. Alle Funktionen sind einwandfrei. Das Uhrwerk wurde gepr\u00fcft, l\u00e4uft kraftvoll und h\u00e4lt die Zeit genau.<\/p>\n<p style=\"text-align: left\"><strong>ZUBEH\u00d6R:<\/strong> Die Uhr wird mit der originalen Innen- und Au\u00dfenbox, Bedienungsanleitung, Garantieheft und dem originalen Anh\u00e4nger geliefert. Die Garantiekarte fehlt.<\/p>\n<p style=\"text-align: left\"><strong>GARANTIE:<\/strong> Wir garantieren die Echtheit der Uhr. Zudem gew\u00e4hren wir 12 Monate Garantie auf die einwandfreie Funktion. Alle Garantiebedingungen unterliegen den Allgemeinen Gesch\u00e4ftsbedingungen.<\/p>\n<p style=\"text-align: left\">Bei Fragen stehen wir Ihnen gerne zur Verf\u00fcgung.<\/p>\n","protected":false},"excerpt":{"rendered":"<p style=\"text-align: left\"><strong>IWC Portugieser 2000 Automatik Limited Edition, Ref. 5000-001, Nr. 555 von 1000, mit Originalbox und Dokumenten<\/strong><\/p>\n<p style=\"text-align: left\">Wir pr\u00e4sentieren Ihnen mit Stolz eine seltene IWC Portugieser 2000 Automatik Limited Edition. Sie war die erste Uhr der portugiesischen 7-Tage-Automatik-Serie und f\u00fchrte das beeindruckende Kaliber 5000 ein. Limitiert auf 1000 St\u00fcck, tr\u00e4gt jede Uhr ihre individuelle Editionsnummer, die sowohl auf der Seite des Edelstahlgeh\u00e4uses als auch auf einer Metallplakette im Inneren der Holzbox eingraviert ist. Das Reverse-Panda-Zifferblatt und das Plexiglas unterstreichen den Charme dieser seltenen Neo-Vintage-Sch\u00f6nheit.<\/p>\n","protected":false},"featured_media":32620,"template":"","meta":{"om_disable_all_campaigns":false,"_monsterinsights_skip_tracking":false,"_monsterinsights_sitenote_active":false,"_monsterinsights_sitenote_note":"","_monsterinsights_sitenote_category":0},"product_brand":[],"product_cat":[81,109],"product_tag":[],"class_list":{"0":"post-33420","1":"product","2":"type-product","3":"status-publish","4":"has-post-thumbnail","6":"product_cat-iwc-de","7":"product_cat-neo-vintage-de","9":"first","10":"instock","11":"taxable","12":"shipping-taxable","13":"purchasable","14":"product-type-simple"},"aioseo_notices":[],"_links":{"self":[{"href":"https:\/\/chrono-scope.ch\/de\/wp-json\/wp\/v2\/product\/33420","targetHints":{"allow":["GET"]}}],"collection":[{"href":"https:\/\/chrono-scope.ch\/de\/wp-json\/wp\/v2\/product"}],"about":[{"href":"https:\/\/chrono-scope.ch\/de\/wp-json\/wp\/v2\/types\/product"}],"version-history":[{"count":1,"href":"https:\/\/chrono-scope.ch\/de\/wp-json\/wp\/v2\/product\/33420\/revisions"}],"predecessor-version":[{"id":33421,"href":"https:\/\/chrono-scope.ch\/de\/wp-json\/wp\/v2\/product\/33420\/revisions\/33421"}],"wp:featuredmedia":[{"embeddable":true,"href":"https:\/\/chrono-scope.ch\/de\/wp-json\/wp\/v2\/media\/32620"}],"wp:attachment":[{"href":"https:\/\/chrono-scope.ch\/de\/wp-json\/wp\/v2\/media?parent=33420"}],"wp:term":[{"taxonomy":"product_brand","embeddable":true,"href":"https:\/\/chrono-scope.ch\/de\/wp-json\/wp\/v2\/product_brand?post=33420"},{"taxonomy":"product_cat","embeddable":true,"href":"https:\/\/chrono-scope.ch\/de\/wp-json\/wp\/v2\/product_cat?post=33420"},{"taxonomy":"product_tag","embeddable":true,"href":"https:\/\/chrono-scope.ch\/de\/wp-json\/wp\/v2\/product_tag?post=33420"}],"curies":[{"name":"wp","href":"https:\/\/api.w.org\/{rel}","templated":true}]}}