{"id":33081,"date":"2025-12-01T12:05:51","date_gmt":"2025-12-01T12:05:51","guid":{"rendered":"https:\/\/chrono-scope.ch\/?post_type=product&#038;p=33081"},"modified":"2026-03-16T14:54:59","modified_gmt":"2026-03-16T14:54:59","slug":"tudor-submariner-reference-7928-small-rose-silver-chapter-ring-mk5-dial-with-original-box","status":"publish","type":"product","link":"https:\/\/chrono-scope.ch\/de\/produkt\/tudor-submariner-reference-7928-small-rose-silver-chapter-ring-mk5-dial-with-original-box\/","title":{"rendered":"Tudor Submariner Reference 7928 small rose silver chapter ring MK5 dial with original box"},"content":{"rendered":"<p style=\"text-align: left;\"><strong>MODELL \/ REFERENZ:<\/strong> Tudor Oyster Prince Submariner, Referenz 7928. Seriennummer 56XXXX, datiert auf ca. 1966. Artikelnummer: PR-26-11.<\/p>\n<p style=\"text-align: left;\"><strong>ZIFFERBLATT:<\/strong> Originales MK 5-Zifferblatt mit Hochglanzfinish, kleinem Rosenlogo und scharfer silberner Beschriftung. Der vergoldete Minutenring und die Signatur \u201eT SWISS T\u201c sind in hervorragendem Zustand.<\/p>\n<p style=\"text-align: left;\">Die Tritium-Stundenmarkierungen sind vollst\u00e4ndig vorhanden und haben eine warme beige Patina entwickelt. Die Mercedes-Zeiger sind original, und die Metallfassungen weisen Oberfl\u00e4chenoxidation auf. Die Leuchtmasse des Sekundenzeigers hat sich unterschiedlich stark verf\u00e4rbt, von Beige bis Dunkelgr\u00fcn.<\/p>\n<p style=\"text-align: left;\"><strong>GLAS:<\/strong> Vermutlich originales \u201eSuper Dome\u201c-Plexiglas in gutem Zustand mit leichten, altersbedingten Gebrauchsspuren.<\/p>\n<p style=\"text-align: left;\"><strong>GEH\u00c4USE:<\/strong> Edelstahl-Oyster-Geh\u00e4use mit 39 mm Durchmesser, klaren Linien, scharfen Kanten und gut definierten, abgerundeten Kronenschutzb\u00fcgeln.<\/p>\n<p style=\"text-align: left;\">Referenz- und Seriennummer sind zwischen den Bandanst\u00f6\u00dfen gut lesbar. Die Oberfl\u00e4che weist die typischen, altersbedingten Gebrauchsspuren einer Toolwatch auf.<\/p>\n<p style=\"text-align: left;\">Die schwarze Aluminium-L\u00fcnetteneinlage ist in hervorragendem Zustand mit minimaler Verf\u00e4rbung und einer intakten, gealterten Leuchtperle.<\/p>\n<p style=\"text-align: left;\"><strong>GEH\u00c4USEBODEN:<\/strong> Der verschraubte Geh\u00e4useboden hat seine originale matte Oberfl\u00e4che, die scharfe R\u00e4ndelung und die tiefe Gravur. Leichte, altersbedingte Oberfl\u00e4chenkratzer sind sichtbar.<\/p>\n<p style=\"text-align: left;\">Die Innenseite des Geh\u00e4usebodens ist sauber und korrekt gestempelt und datiert.<\/p>\n<p style=\"text-align: left;\"><strong>KRONE:<\/strong> Signierte Rolex Twinlock-Krone, leichtg\u00e4ngig und sicher verriegelnd. Die Kronenkante ist leicht besch\u00e4digt; sie wird durch eine originalgetreue Vintage-Krone ersetzt. Siehe Abbildungen.<\/p>\n<p style=\"text-align: left;\"><strong>UHRWERK:<\/strong> Automatisches Tudor Kaliber 390 in exzellentem Zustand, l\u00e4uft pr\u00e4zise und genau. Es ist signiert und nummeriert; der Unruhkloben tr\u00e4gt den US-Importstempel \u201eROW\u201c.<\/p>\n<p style=\"text-align: left;\"><strong>BAND:<\/strong> Originales genietetes Rolex Oyster-Armband 7206 mit korrekten 80er Endgliedern und signierter Schlie\u00dfe mit kleinem Logo.<\/p>\n<p style=\"text-align: left;\"><strong>ZUBEH\u00d6R:<\/strong> Originale, zeitgen\u00f6ssische Holzbox in sehr gutem Zustand.<\/p>\n<p style=\"text-align: left;\"><strong>GARANTIE:<\/strong> Wir garantieren die Echtheit der Uhr. Wir gew\u00e4hren 12 Monate Garantie auf die einwandfreie Funktion dieser Uhr. Alle Garantiebedingungen unterliegen den Allgemeinen Gesch\u00e4ftsbedingungen.<\/p>\n<p style=\"text-align: left;\">Bei Fragen stehen wir Ihnen gerne zur Verf\u00fcgung. Eine pers\u00f6nliche oder virtuelle Besichtigung ist nach Vereinbarung m\u00f6glich.<\/p>\n","protected":false},"excerpt":{"rendered":"<p style=\"text-align: left;\"><strong>Tudor Submariner Referenz 7928, kleine ros\u00e9goldene Ziffernringe, MK5-Zifferblatt, mit Originalbox<\/strong><\/p>\n<p style=\"text-align: left;\">Die Tudor Submariner 7928 markiert einen Wendepunkt in der Geschichte der Tudor-Taucheruhren. Sie war die erste mit Kronenschutz und pr\u00e4gte den Ruf der Marke als Toolwatch. In den 1960er-Jahren mit stetig weiterentwickelten Details produziert, verk\u00f6rpert sie den Geist der Entdeckung und Eleganz.<\/p>\n<p style=\"text-align: left;\">Dieses MK5-Exemplar aus dem Jahr 1966 repr\u00e4sentiert diese goldene \u00c4ra perfekt: robust, authentisch und voller Vintage-Charme \u2013 und das alles ohne den hohen Preis einer Rolex.<\/p>\n<p style=\"text-align: left;\">Bitte lesen Sie den Zustandsbericht sorgf\u00e4ltig und sehen Sie sich die hochaufl\u00f6senden Bilder an, um sich ein Bild vom Zustand der Uhr zu machen.<\/p>\n","protected":false},"featured_media":32712,"template":"","meta":{"om_disable_all_campaigns":false,"_monsterinsights_skip_tracking":false,"_monsterinsights_sitenote_active":false,"_monsterinsights_sitenote_note":"","_monsterinsights_sitenote_category":0},"product_brand":[],"product_cat":[361,74],"product_tag":[],"class_list":{"0":"post-33081","1":"product","2":"type-product","3":"status-publish","4":"has-post-thumbnail","6":"product_cat-tudor-de","7":"product_cat-vintage-de","9":"first","10":"instock","11":"taxable","12":"shipping-taxable","13":"purchasable","14":"product-type-simple"},"aioseo_notices":[],"_links":{"self":[{"href":"https:\/\/chrono-scope.ch\/de\/wp-json\/wp\/v2\/product\/33081","targetHints":{"allow":["GET"]}}],"collection":[{"href":"https:\/\/chrono-scope.ch\/de\/wp-json\/wp\/v2\/product"}],"about":[{"href":"https:\/\/chrono-scope.ch\/de\/wp-json\/wp\/v2\/types\/product"}],"version-history":[{"count":2,"href":"https:\/\/chrono-scope.ch\/de\/wp-json\/wp\/v2\/product\/33081\/revisions"}],"predecessor-version":[{"id":37629,"href":"https:\/\/chrono-scope.ch\/de\/wp-json\/wp\/v2\/product\/33081\/revisions\/37629"}],"wp:featuredmedia":[{"embeddable":true,"href":"https:\/\/chrono-scope.ch\/de\/wp-json\/wp\/v2\/media\/32712"}],"wp:attachment":[{"href":"https:\/\/chrono-scope.ch\/de\/wp-json\/wp\/v2\/media?parent=33081"}],"wp:term":[{"taxonomy":"product_brand","embeddable":true,"href":"https:\/\/chrono-scope.ch\/de\/wp-json\/wp\/v2\/product_brand?post=33081"},{"taxonomy":"product_cat","embeddable":true,"href":"https:\/\/chrono-scope.ch\/de\/wp-json\/wp\/v2\/product_cat?post=33081"},{"taxonomy":"product_tag","embeddable":true,"href":"https:\/\/chrono-scope.ch\/de\/wp-json\/wp\/v2\/product_tag?post=33081"}],"curies":[{"name":"wp","href":"https:\/\/api.w.org\/{rel}","templated":true}]}}