{"id":32495,"date":"2025-12-08T08:53:10","date_gmt":"2025-12-08T08:53:10","guid":{"rendered":"https:\/\/chrono-scope.ch\/?post_type=product&#038;p=32495"},"modified":"2026-01-27T13:55:48","modified_gmt":"2026-01-27T13:55:48","slug":"omega-constellation-chronometer-om-linen-dial-original-box-buckle-optional","status":"publish","type":"product","link":"https:\/\/chrono-scope.ch\/de\/produkt\/omega-constellation-chronometer-om-linen-dial-original-box-buckle-optional\/","title":{"rendered":"RESERVED &#8211; Omega Constellation Chronometer OM linen dial original box &amp; buckle (optional)"},"content":{"rendered":"<p style=\"text-align: left\"><strong>MODEL \/ REFERENCE:<\/strong> Omega Constellation Chronometer, Ref. 168.027. The 26 mio serial number dates the Constellation to approx. 1968. Inventory Number: 251026-1<br \/>\n<strong>ZUSTANDSBERICHT:<\/strong> Bitte sehen Sie sich die unver\u00e4nderten hochaufl\u00f6senden Bilder an, um den Zustand des Zeitmessers zu beurteilen.<\/p>\n<p style=\"text-align: left\"><strong>DIAL:<\/strong><br \/>\n&#8211; The solid gold dial is in pristine condition, as it shows a crisp imprint over a clean surface. Die pr\u00e4chtige Leinenoberfl\u00e4che sowie der applizierte Omega-Name, das Logo und der Stern sorgen f\u00fcr ein faszinierendes Lichtspiel.<\/p>\n<p style=\"text-align: left\">&#8211; The framed date window at 3 o\u2019clock has a clean champagne colored disc. The periphery is ornate with solid gold indexes<\/p>\n<p style=\"text-align: left\">GLAS: Das von Omega signierte Plexiglas ist in gutem Zustand mit leichten Oberfl\u00e4chenspuren<\/p>\n<p style=\"text-align: left\">GEH\u00c4USE: 35 mm Edelstahlgeh\u00e4use (gemessen ohne Krone). Das Geh\u00e4use misst von Ansatz zu Ansatz 40 mm. Es ist in ausgezeichnetem Zustand mit nur minimalen Gebrauchsspuren.<\/p>\n<p style=\"text-align: left\"><strong>BEZEL: <\/strong> The 18k gold bezel is presents itself sharp and is most likely unpolished.<\/p>\n<p style=\"text-align: left\"><strong>CRYSTAL: <\/strong> Plexy crystal with light signs of use.<\/p>\n<p style=\"text-align: left\"><strong>GEH\u00c4USEBODEN:<\/strong> Der Geh\u00e4useboden ist in ausgezeichnetem Zustand und zeigt das Constellation Logo. Das Logo weist keine Anzeichen von Politur auf.<\/p>\n<p style=\"text-align: left\"><strong>KRONE:<\/strong> Die originale Krone ist signiert und funktioniert perfekt.<\/p>\n<p style=\"text-align: left\"><strong>STRAP:<\/strong> Dark brown lizard strap on a generic steel buckle.<\/p>\n<p style=\"text-align: left\">\u2022 The COSC certified automatic Cal. 564 is in excellent working order. It has been checked, runs strong and keeps good time.<\/p>\n<p style=\"text-align: left\"><strong>ZUBEH\u00d6R:<\/strong> Uhrenrolle aus Saffiano-Leder. Please note that the vintage Omega buckle and the Omega Constellation box show on the pictures are not included in the asking price and can be acquired at an extra charge.<\/p>\n<p style=\"text-align: left\">GARANTIE: Wir garantieren die Echtheit der Uhr. We also provide 12 months guarantee for the correct function of this timepiece. Alle Garantien unterliegen den Allgemeinen Gesch\u00e4ftsbedingungen.<br \/>\nBitte z\u00f6gern Sie nicht, Fragen zu stellen, wir werden sie gerne beantworten.<\/p>\n","protected":false},"excerpt":{"rendered":"<p style=\"text-align: left\"><strong>Omega Constellation Chronometer Ref. 168.027 OM linen dial original box &amp; buckle (optional)<\/strong><\/p>\n<p style=\"text-align: left\">We are proud to present a a virtually mint Omega Constellation reference ST 168.027. Clothed in solid 18k gold, this package is not only about handsome looks and elegant finish, as it is coupled with a luxurious pedigree of rich horological history and top-notch performance. A true gem in stunning condition and at the same time an investment in gold<\/p>\n<p style=\"text-align: left\">Please note that the vintage Omega buckle and the original Omega Constellation box show on the pictures are not included in the asking price and can be purchased at an extra charge. Please feel free to inquire.<\/p>\n","protected":false},"featured_media":32069,"template":"","meta":{"om_disable_all_campaigns":false,"_monsterinsights_skip_tracking":false,"_monsterinsights_sitenote_active":false,"_monsterinsights_sitenote_note":"","_monsterinsights_sitenote_category":0},"product_brand":[],"product_cat":[61,71,74],"product_tag":[],"class_list":{"0":"post-32495","1":"product","2":"type-product","3":"status-publish","4":"has-post-thumbnail","6":"product_cat-omega-de","7":"product_cat-verkaufte-uhren","8":"product_cat-vintage-de","10":"first","11":"instock","12":"taxable","13":"shipping-taxable","14":"purchasable","15":"product-type-simple"},"aioseo_notices":[],"_links":{"self":[{"href":"https:\/\/chrono-scope.ch\/de\/wp-json\/wp\/v2\/product\/32495","targetHints":{"allow":["GET"]}}],"collection":[{"href":"https:\/\/chrono-scope.ch\/de\/wp-json\/wp\/v2\/product"}],"about":[{"href":"https:\/\/chrono-scope.ch\/de\/wp-json\/wp\/v2\/types\/product"}],"version-history":[{"count":2,"href":"https:\/\/chrono-scope.ch\/de\/wp-json\/wp\/v2\/product\/32495\/revisions"}],"predecessor-version":[{"id":35464,"href":"https:\/\/chrono-scope.ch\/de\/wp-json\/wp\/v2\/product\/32495\/revisions\/35464"}],"wp:featuredmedia":[{"embeddable":true,"href":"https:\/\/chrono-scope.ch\/de\/wp-json\/wp\/v2\/media\/32069"}],"wp:attachment":[{"href":"https:\/\/chrono-scope.ch\/de\/wp-json\/wp\/v2\/media?parent=32495"}],"wp:term":[{"taxonomy":"product_brand","embeddable":true,"href":"https:\/\/chrono-scope.ch\/de\/wp-json\/wp\/v2\/product_brand?post=32495"},{"taxonomy":"product_cat","embeddable":true,"href":"https:\/\/chrono-scope.ch\/de\/wp-json\/wp\/v2\/product_cat?post=32495"},{"taxonomy":"product_tag","embeddable":true,"href":"https:\/\/chrono-scope.ch\/de\/wp-json\/wp\/v2\/product_tag?post=32495"}],"curies":[{"name":"wp","href":"https:\/\/api.w.org\/{rel}","templated":true}]}}