{"id":32239,"date":"2025-11-18T08:33:07","date_gmt":"2025-11-18T08:33:07","guid":{"rendered":"https:\/\/chrono-scope.ch\/?post_type=product&#038;p=32239"},"modified":"2026-03-05T08:02:54","modified_gmt":"2026-03-05T08:02:54","slug":"chopard-la-strada","status":"publish","type":"product","link":"https:\/\/chrono-scope.ch\/de\/produkt\/chopard-la-strada\/","title":{"rendered":"SOLD &#8211; Chopard La Strada"},"content":{"rendered":"<p style=\"text-align: left\"><strong>MODELL \/ REFERENZ:<\/strong> Chopard La Strada, Referenz 8357<\/p>\n<p style=\"text-align: left\"><strong>SPEZIFIKATIONEN<\/strong><\/p>\n<p style=\"text-align: left\"><strong>Uhrwerk:<\/strong> Schweizer Quarzwerk (ETA-basiert)<\/p>\n<p style=\"text-align: left\"><strong>Geh\u00e4usematerial:<\/strong> Edelstahl<\/p>\n<p style=\"text-align: left\"><strong>Geh\u00e4usegr\u00f6\u00dfe:<\/strong> 23 mm x 35 mm<\/p>\n<p style=\"text-align: left\"><strong>Zifferblatt:<\/strong> Perlmutt mit r\u00f6mischen Ziffern<\/p>\n<p style=\"text-align: left\"><strong>Glas:<\/strong> Gew\u00f6lbtes Saphirglas, kratzfest<\/p>\n<p style=\"text-align: left\"><strong>Wasserdichtigkeit:<\/strong> 30 Meter (3 ATM)<\/p>\n<p style=\"text-align: left\"><strong>Armband:<\/strong> Integriertes Edelstahlarmband oder Leder-\/Satinarmband<\/p>\n<p style=\"text-align: left\"><strong>ZUSTAND:<\/strong> Bitte beachten Sie die hochaufl\u00f6senden Originalfotos, um den Zustand der Uhr zu beurteilen.<\/p>\n<p style=\"text-align: left\">Die Uhr befindet sich in einem guten, gebrauchten Zustand mit leichten Gebrauchsspuren. Das Uhrwerk wurde von unserem Uhrmacher gepr\u00fcft. Alle Funktionen sind einwandfrei.<\/p>\n<p style=\"text-align: left\"><strong>ZUBEH\u00d6R:<\/strong> inklusive Original-Garantiekarte.<\/p>\n<p style=\"text-align: left\"><strong>GARANTIE:<\/strong><\/p>\n<p style=\"text-align: left\">Wir garantieren die Echtheit der Uhr. Wir gew\u00e4hren Ihnen eine 12-monatige Garantie auf die einwandfreie Funktion dieser Uhr. Alle Garantien unterliegen den Allgemeinen Gesch\u00e4ftsbedingungen.<\/p>\n<p style=\"text-align: left\">Bei Fragen stehen wir Ihnen gerne zur Verf\u00fcgung.<\/p>\n","protected":false},"excerpt":{"rendered":"<p style=\"text-align: left\">Zum Verkauf steht eine <strong>Chopard La Strada<\/strong> aus Erstbesitz, verkauft im Juli 2000 von einem autorisierten H\u00e4ndler in der Schweiz.<\/p>\n<p style=\"text-align: left\">Die La Strada Kollektion ist eine Hommage an Federico Fellinis Film \u201eLa Strada\u201c von 1954 und verk\u00f6rpert den Glamour des italienischen Kinos der 1950er-Jahre. Die Uhr besticht durch skulpturale, flie\u00dfende Linien, inspiriert von r\u00f6mischer Architektur, und ein l\u00e4ngliches, geschwungenes Geh\u00e4use mit integriertem Armband.<\/p>\n","protected":false},"featured_media":32359,"template":"","meta":{"om_disable_all_campaigns":false,"_monsterinsights_skip_tracking":false,"_monsterinsights_sitenote_active":false,"_monsterinsights_sitenote_note":"","_monsterinsights_sitenote_category":0},"product_brand":[],"product_cat":[59],"product_tag":[],"class_list":{"0":"post-32239","1":"product","2":"type-product","3":"status-publish","4":"has-post-thumbnail","6":"product_cat-contemporary-de","8":"first","9":"instock","10":"taxable","11":"shipping-taxable","12":"purchasable","13":"product-type-simple"},"aioseo_notices":[],"_links":{"self":[{"href":"https:\/\/chrono-scope.ch\/de\/wp-json\/wp\/v2\/product\/32239","targetHints":{"allow":["GET"]}}],"collection":[{"href":"https:\/\/chrono-scope.ch\/de\/wp-json\/wp\/v2\/product"}],"about":[{"href":"https:\/\/chrono-scope.ch\/de\/wp-json\/wp\/v2\/types\/product"}],"version-history":[{"count":2,"href":"https:\/\/chrono-scope.ch\/de\/wp-json\/wp\/v2\/product\/32239\/revisions"}],"predecessor-version":[{"id":37053,"href":"https:\/\/chrono-scope.ch\/de\/wp-json\/wp\/v2\/product\/32239\/revisions\/37053"}],"wp:featuredmedia":[{"embeddable":true,"href":"https:\/\/chrono-scope.ch\/de\/wp-json\/wp\/v2\/media\/32359"}],"wp:attachment":[{"href":"https:\/\/chrono-scope.ch\/de\/wp-json\/wp\/v2\/media?parent=32239"}],"wp:term":[{"taxonomy":"product_brand","embeddable":true,"href":"https:\/\/chrono-scope.ch\/de\/wp-json\/wp\/v2\/product_brand?post=32239"},{"taxonomy":"product_cat","embeddable":true,"href":"https:\/\/chrono-scope.ch\/de\/wp-json\/wp\/v2\/product_cat?post=32239"},{"taxonomy":"product_tag","embeddable":true,"href":"https:\/\/chrono-scope.ch\/de\/wp-json\/wp\/v2\/product_tag?post=32239"}],"curies":[{"name":"wp","href":"https:\/\/api.w.org\/{rel}","templated":true}]}}