{"id":32238,"date":"2025-11-17T10:54:03","date_gmt":"2025-11-17T10:54:03","guid":{"rendered":"https:\/\/chrono-scope.ch\/?post_type=product&#038;p=32238"},"modified":"2025-12-18T18:53:39","modified_gmt":"2025-12-18T18:53:39","slug":"ressence-ressence-typ-1n-mint-condition-two-original-spare-straps","status":"publish","type":"product","link":"https:\/\/chrono-scope.ch\/de\/produkt\/ressence-ressence-typ-1n-mint-condition-two-original-spare-straps\/","title":{"rendered":"SOLD &#8211; Ressence Ressence Typ 1N mint condition, two original spare straps"},"content":{"rendered":"<p style=\"text-align: left\"><strong>SPEZIFIKATIONEN:<\/strong><\/p>\n<p style=\"text-align: left\"><strong>GEH\u00c4USE:<\/strong> 42 mm Durchmesser x 13 mm Dicke \u2013 Titan Grad 5 \u2013 Saphirglas auf Vorder- und R\u00fcckseite \u2013 wasserdicht bis 10 m<\/p>\n<p style=\"text-align: left\"><strong>UHRWERK:<\/strong> Basiskaliber ETA 2824\/2, hauseigenes ROCS-Modul \u2013 automatischer Aufzug \u2013 36 Stunden Gangreserve \u2013 28.800 Halbschwingungen\/Stunde \u2013 Stunden, Minuten, kleine Sekunde, Wochentag \u2013 einzigartige drehbare Anzeige<\/p>\n<p style=\"text-align: left\"><strong>GARANTIE:<\/strong> Wir garantieren die Echtheit der Uhr. Zudem gew\u00e4hren wir 12 Monate Garantie auf die einwandfreie Funktion. Bei Fragen stehen wir Ihnen gerne zur Verf\u00fcgung. Besichtigung nur nach Vereinbarung (virtuell oder pers\u00f6nlich).<\/p>\n","protected":false},"excerpt":{"rendered":"<p style=\"text-align: left\">Wir pr\u00e4sentieren Ihnen eine legend\u00e4re <strong>Ressence Typ 1N Night Blue<\/strong> in neuwertigem Zustand, inklusive Box und zwei Ersatzarmb\u00e4ndern.<\/p>\n<p style=\"text-align: left\">Die Uhr ist voll funktionsf\u00e4hig und hat 12 Monate Garantie. Aktuell ist ein originales schwarzes Kautschukarmband montiert.<br \/>\nEin originales Ressence-Ersatzarmband aus Strau\u00dfenleder und ein Ressence-Textilarmband sind ebenfalls im Lieferumfang enthalten.<br \/>\n<strong>Lieferumfang:<\/strong> Set mit Box, zwei Ersatzarmb\u00e4ndern und Rechnung der Firma Ressence aus dem Jahr 1916 vom April 2024 (siehe Abbildungen).<\/p>\n","protected":false},"featured_media":32250,"template":"","meta":{"om_disable_all_campaigns":false,"_monsterinsights_skip_tracking":false,"_monsterinsights_sitenote_active":false,"_monsterinsights_sitenote_note":"","_monsterinsights_sitenote_category":0},"product_brand":[],"product_cat":[59,71],"product_tag":[],"class_list":{"0":"post-32238","1":"product","2":"type-product","3":"status-publish","4":"has-post-thumbnail","6":"product_cat-contemporary-de","7":"product_cat-verkaufte-uhren","9":"first","10":"instock","11":"taxable","12":"shipping-taxable","13":"purchasable","14":"product-type-simple"},"aioseo_notices":[],"_links":{"self":[{"href":"https:\/\/chrono-scope.ch\/de\/wp-json\/wp\/v2\/product\/32238","targetHints":{"allow":["GET"]}}],"collection":[{"href":"https:\/\/chrono-scope.ch\/de\/wp-json\/wp\/v2\/product"}],"about":[{"href":"https:\/\/chrono-scope.ch\/de\/wp-json\/wp\/v2\/types\/product"}],"version-history":[{"count":6,"href":"https:\/\/chrono-scope.ch\/de\/wp-json\/wp\/v2\/product\/32238\/revisions"}],"predecessor-version":[{"id":33756,"href":"https:\/\/chrono-scope.ch\/de\/wp-json\/wp\/v2\/product\/32238\/revisions\/33756"}],"wp:featuredmedia":[{"embeddable":true,"href":"https:\/\/chrono-scope.ch\/de\/wp-json\/wp\/v2\/media\/32250"}],"wp:attachment":[{"href":"https:\/\/chrono-scope.ch\/de\/wp-json\/wp\/v2\/media?parent=32238"}],"wp:term":[{"taxonomy":"product_brand","embeddable":true,"href":"https:\/\/chrono-scope.ch\/de\/wp-json\/wp\/v2\/product_brand?post=32238"},{"taxonomy":"product_cat","embeddable":true,"href":"https:\/\/chrono-scope.ch\/de\/wp-json\/wp\/v2\/product_cat?post=32238"},{"taxonomy":"product_tag","embeddable":true,"href":"https:\/\/chrono-scope.ch\/de\/wp-json\/wp\/v2\/product_tag?post=32238"}],"curies":[{"name":"wp","href":"https:\/\/api.w.org\/{rel}","templated":true}]}}