{"id":32236,"date":"2025-11-17T13:26:02","date_gmt":"2025-11-17T13:26:02","guid":{"rendered":"https:\/\/chrono-scope.ch\/?post_type=product&#038;p=32236"},"modified":"2025-11-17T13:49:15","modified_gmt":"2025-11-17T13:49:15","slug":"lecoultre-14k-yellow-gold-dress-watch-florentine-case-and-fancy-lugs","status":"publish","type":"product","link":"https:\/\/chrono-scope.ch\/de\/produkt\/lecoultre-14k-yellow-gold-dress-watch-florentine-case-and-fancy-lugs\/","title":{"rendered":"LeCoultre 14k Yellow Gold Dress Watch, Florentine Case and Fancy Lugs"},"content":{"rendered":"<p style=\"text-align: left\"><strong>MODELL\/REFERENZ:<\/strong> LeCoultre Dresswatch aus 14-kar\u00e4tigem Gelbgold, ca. 1950er-Jahre. Hergestellt f\u00fcr den amerikanischen Markt. Die Referenznummer lautet 415S462. Artikelnummer: 250728-1.<\/p>\n<p style=\"text-align: left\"><strong>ZIFFERN + ZEIGER:<\/strong> Originales silberfarbenes Zifferblatt mit dezenter, maschinell bearbeiteter Sonnenschliffstruktur, das im Laufe der Zeit eine anmutige Patina entwickelt hat.<\/p>\n<p style=\"text-align: left\">Es weist eine charmante Patina mit altersbedingten Spuren und kleinen Unregelm\u00e4\u00dfigkeiten nahe der 2-, 7- und 10-Uhr-Position auf. Der eingepr\u00e4gte Logo-Schriftzug ist nach wie vor klar und vollst\u00e4ndig.<\/p>\n<p style=\"text-align: left\">Die applizierten goldenen Stundenmarkierungen und die passenden Stabzeiger behalten ihren warmen Farbton und bilden einen eleganten Kontrast zum silbernen Zifferblatt.<\/p>\n<p style=\"text-align: left\"><strong>GLAS:<\/strong> Das Acrylglas ist klar und weist leichte, alters- und gebrauchsbedingte Oberfl\u00e4chenspuren auf.<\/p>\n<p style=\"text-align: left\"><strong>Geh\u00e4use:<\/strong> Das 14-kar\u00e4tige Gelbgoldgeh\u00e4use hat einen Durchmesser von 34 mm und besticht durch seine l\u00e4nglichen Bandanst\u00f6\u00dfe und die klaren Konturen \u2013 ein Markenzeichen des eleganten LeCoultre-Designs der 1950er-Jahre.<\/p>\n<p style=\"text-align: left\">Die Florentiner Patina der L\u00fcnette ist gut erhalten und weist lediglich leichte Gebrauchsspuren sowie Spuren von fr\u00fcheren, sanften Polierarbeiten auf.<\/p>\n<p style=\"text-align: left\"><strong>GEH\u00c4USEBODEN:<\/strong> Aufsteckbarer Geh\u00e4useboden aus 14-kar\u00e4tigem Gelbgold mit altersbedingten Gebrauchsspuren und feinen Kratzern. Das Innere ist sauber und tr\u00e4gt alle zeitgen\u00f6ssischen Stempel sowie die Referenz- und Seriennummer.<\/p>\n<p style=\"text-align: left\"><strong>KRONE:<\/strong> Unsignierte, vermutlich originale Goldkrone, die einwandfrei funktioniert und das Uhrwerk wie vorgesehen aufzieht.<\/p>\n<p style=\"text-align: left\"><strong>UHRWERK:<\/strong> LeCoultre Kal. 830K\/CW, ein fein verarbeitetes Handaufzugswerk mit dem US-Importstempel auf dem Unruhkloben. Es wurde von einem Uhrmacher gepr\u00fcft und l\u00e4uft laut Bericht einwandfrei und pr\u00e4zise.<\/p>\n<p style=\"text-align: left\"><strong>ARMBAND:<\/strong> 17 mm breites, neu angebrachtes, bordeauxrotes Armband mit Eidechsenmuster und vergoldeter Standardschlie\u00dfe.<\/p>\n<p style=\"text-align: left\"><strong>ZUBEH\u00d6R:<\/strong> Uhrenrolle aus Saffiano-Leder.<\/p>\n<p style=\"text-align: left\"><strong>GARANTIE:<\/strong> Wir garantieren die Echtheit der Uhr. Wir gew\u00e4hren Ihnen eine 12-monatige Garantie auf die einwandfreie Funktion dieser Uhr. Alle Garantien unterliegen den Allgemeinen Gesch\u00e4ftsbedingungen.<\/p>\n<p style=\"text-align: left\">Bei Fragen stehen wir Ihnen gerne zur Verf\u00fcgung. Eine virtuelle oder pers\u00f6nliche Besichtigung ist nach Vereinbarung m\u00f6glich.<\/p>\n","protected":false},"excerpt":{"rendered":"<p style=\"text-align: left\"><strong>LeCoultre Dresswatch aus 14-kar\u00e4tigem Gelbgold<\/strong>, Florentiner Geh\u00e4use und elegante Bandanst\u00f6\u00dfe<\/p>\n<p style=\"text-align: left\">Eine Uhr, die direkt aus einer Cocktailbar der 1950er-Jahre stammen k\u00f6nnte: elegant, skulptural und voller stiller Selbstsicherheit. Diese LeCoultre Dresswatch wurde f\u00fcr den amerikanischen Markt gefertigt, wo Schweizer Finesse auf den Charme der Mid-Century-\u00c4ra trifft.<\/p>\n<p style=\"text-align: left\">Mit ihren verl\u00e4ngerten Bandanst\u00f6\u00dfen, der scharf definierten Florentiner L\u00fcnette und dem silbernen Zifferblatt mit Sonnenschliff und goldenen Details f\u00e4ngt sie die Eleganz einer \u00c4ra ein, in der Design ebenso hoch gesch\u00e4tzt wurde wie Pr\u00e4zision.<\/p>\n<p style=\"text-align: left\">Dieses seltene St\u00fcck verbindet amerikanischen Glamour mit Schweizer Raffinesse: zeitlos, dezent und m\u00fchelos elegant.<\/p>\n<p style=\"text-align: left\">Bitte lesen Sie den Zustandsbericht sorgf\u00e4ltig und sehen Sie sich die hochaufl\u00f6senden Bilder an, um sich ein Bild vom Gesamtzustand der Uhr zu machen.<\/p>\n","protected":false},"featured_media":32308,"template":"","meta":{"om_disable_all_campaigns":false,"_monsterinsights_skip_tracking":false,"_monsterinsights_sitenote_active":false,"_monsterinsights_sitenote_note":"","_monsterinsights_sitenote_category":0},"product_brand":[],"product_cat":[111,74],"product_tag":[],"class_list":{"0":"post-32236","1":"product","2":"type-product","3":"status-publish","4":"has-post-thumbnail","6":"product_cat-jlc-de","7":"product_cat-vintage-de","9":"first","10":"instock","11":"taxable","12":"shipping-taxable","13":"purchasable","14":"product-type-simple"},"aioseo_notices":[],"_links":{"self":[{"href":"https:\/\/chrono-scope.ch\/de\/wp-json\/wp\/v2\/product\/32236","targetHints":{"allow":["GET"]}}],"collection":[{"href":"https:\/\/chrono-scope.ch\/de\/wp-json\/wp\/v2\/product"}],"about":[{"href":"https:\/\/chrono-scope.ch\/de\/wp-json\/wp\/v2\/types\/product"}],"version-history":[{"count":1,"href":"https:\/\/chrono-scope.ch\/de\/wp-json\/wp\/v2\/product\/32236\/revisions"}],"predecessor-version":[{"id":32311,"href":"https:\/\/chrono-scope.ch\/de\/wp-json\/wp\/v2\/product\/32236\/revisions\/32311"}],"wp:featuredmedia":[{"embeddable":true,"href":"https:\/\/chrono-scope.ch\/de\/wp-json\/wp\/v2\/media\/32308"}],"wp:attachment":[{"href":"https:\/\/chrono-scope.ch\/de\/wp-json\/wp\/v2\/media?parent=32236"}],"wp:term":[{"taxonomy":"product_brand","embeddable":true,"href":"https:\/\/chrono-scope.ch\/de\/wp-json\/wp\/v2\/product_brand?post=32236"},{"taxonomy":"product_cat","embeddable":true,"href":"https:\/\/chrono-scope.ch\/de\/wp-json\/wp\/v2\/product_cat?post=32236"},{"taxonomy":"product_tag","embeddable":true,"href":"https:\/\/chrono-scope.ch\/de\/wp-json\/wp\/v2\/product_tag?post=32236"}],"curies":[{"name":"wp","href":"https:\/\/api.w.org\/{rel}","templated":true}]}}