{"id":31983,"date":"2025-11-24T10:27:14","date_gmt":"2025-11-24T10:27:14","guid":{"rendered":"https:\/\/chrono-scope.ch\/?post_type=product&#038;p=31983"},"modified":"2025-11-24T10:28:16","modified_gmt":"2025-11-24T10:28:16","slug":"rolex-vintage-datejust-ref-1601-from-1971-with-blue-pie-pan-dial-serviced","status":"publish","type":"product","link":"https:\/\/chrono-scope.ch\/de\/produkt\/rolex-vintage-datejust-ref-1601-from-1971-with-blue-pie-pan-dial-serviced\/","title":{"rendered":"Rolex Vintage Datejust Ref. 1601 from 1971 with blue pie-pan dial, serviced"},"content":{"rendered":"<p style=\"text-align: left\"><strong>MODELL\/REFERENZ:<\/strong> Rolex Datejust Ref. 1601. Die Seriennummer 2&#8217;624&#8217;314 datiert die Produktion auf das Jahr 1971. Inventarnummer: 251023-1<\/p>\n<p style=\"text-align: left\"><strong>ZIFFERBLATT + ZEIGER:<\/strong> Das seltene blaue \u201eStufen\u201c- oder \u201ePie-Pan\u201c-Zifferblatt mit Sonnenschliff ist hervorragend erhalten. Alle Beschriftungen sind klar lesbar. Die Datumsscheibe ist sauber. Das Set ist in exzellentem Zustand.<\/p>\n<p style=\"text-align: left\">Alle Leuchtpunkte sind vorhanden und intakt. Bei Aktivierung mit UV-Licht leuchten die Punkte und Zeiger kurz auf und erl\u00f6schen dann wieder.<\/p>\n<p style=\"text-align: left\"><strong>L\u00dcNETTE:<\/strong> Wei\u00dfgoldene L\u00fcnette in sehr gutem Zustand.<\/p>\n<p style=\"text-align: left\"><strong>GLAS:<\/strong> Plexiglas in gutem Zustand mit leichten Gebrauchsspuren. Das Glas wird vor dem Verkauf poliert.<\/p>\n<p style=\"text-align: left\"><strong>GEH\u00c4USE:<\/strong> 36 mm Edelstahlgeh\u00e4use in gutem Zustand mit leichten Gebrauchsspuren.<\/p>\n<p style=\"text-align: left\">Der Abstand zwischen den Bandanst\u00f6\u00dfen betr\u00e4gt 43 mm, die Bandansto\u00dfbreite 20 mm und die Dicke inklusive Glas ca. 12 mm.<\/p>\n<p style=\"text-align: left\"><strong>GEH\u00c4USEBODEN:<\/strong> Der originale Edelstahl-Geh\u00e4useboden weist leichte Gebrauchsspuren auf. Die Innenseite des Geh\u00e4usebodens ist werkseitig graviert und tr\u00e4gt die korrekten Werksgravuren sowie die Kennzeichnung 1\/71.<\/p>\n<p style=\"text-align: left\"><strong>KRONE:<\/strong> Rolex Twinlock-Schraubkrone<\/p>\n<p style=\"text-align: left\"><strong>UHRWERK und FUNKTION:<\/strong> Automatikwerk Kal. 1570, 26 Steine, 19.800 Halbschwingungen pro Stunde. Das Werk wurde gepr\u00fcft, l\u00e4uft einwandfrei und h\u00e4lt die Zeit genau.<\/p>\n<p style=\"text-align: left\"><strong>BAND:<\/strong> Rolex Jubilee-Armband 62510H mit 55 Endgliedern, gestempelt 3\/71. Das Armband weist die f\u00fcr Vintage-Jubilee-Armb\u00e4nder \u00fcbliche Dehnung auf. Es passt an ein Handgelenk mit einem Umfang von ca. 18,5 cm.<\/p>\n<p style=\"text-align: left\"><strong>ZUBEH\u00d6R:<\/strong> Uhrenrolle aus Saffiano-Leder. Eine originale Rolex-Innen- und -Au\u00dfenbox ist auf Anfrage gegen Aufpreis erh\u00e4ltlich.<\/p>\n<p style=\"text-align: left\"><strong>GARANTIE:<\/strong> Wir garantieren die Echtheit der Uhr. Wir gew\u00e4hren au\u00dferdem eine 12-monatige Garantie auf die einwandfreie Funktion dieses Zeitmessers. Alle Garantien unterliegen den Allgemeinen Gesch\u00e4ftsbedingungen.<\/p>\n<p style=\"text-align: left\">Stellen Sie gerne Ihre Fragen; wir beantworten sie Ihnen gerne. Virtuelle oder pers\u00f6nliche Besichtigung nach Vereinbarung.<\/p>\n","protected":false},"excerpt":{"rendered":"<p style=\"text-align: left\">Angeboten wird eine fr\u00fche <strong>Rolex Vintage Datejust Ref. 1601 aus dem Jahr 1971<\/strong> mit blauem \u201ePie-Pan\u201c-Zifferblatt, die gewartet wurde. Das Zifferblatt mit Sonnenschliff und Tritium-Leuchtmasse ist hervorragend erhalten. Diese klassische Datejust mit Wei\u00dfgoldl\u00fcnette ist zeitlos und bietet nach wie vor ein gutes Preis-Leistungs-Verh\u00e4ltnis.<\/p>\n<p style=\"text-align: left\">Zifferblatt, Krone, Geh\u00e4useboden, Uhrwerk und Armband sind signiert. Die Uhr wird mit einer 12-monatigen Garantie geliefert.<\/p>\n<p style=\"text-align: left\"><strong>SPEZIFIKATIONEN; ZUSTANDSBERICHT;<\/strong> Bitte beachten Sie die hochaufl\u00f6senden Bilder, um den Zustand der Uhr zu beurteilen.<\/p>\n","protected":false},"featured_media":34469,"template":"","meta":{"om_disable_all_campaigns":false,"_monsterinsights_skip_tracking":false,"_monsterinsights_sitenote_active":false,"_monsterinsights_sitenote_note":"","_monsterinsights_sitenote_category":0},"product_brand":[],"product_cat":[62,74],"product_tag":[],"class_list":{"0":"post-31983","1":"product","2":"type-product","3":"status-publish","4":"has-post-thumbnail","6":"product_cat-rolex-de","7":"product_cat-vintage-de","9":"first","10":"instock","11":"taxable","12":"shipping-taxable","13":"purchasable","14":"product-type-simple"},"aioseo_notices":[],"_links":{"self":[{"href":"https:\/\/chrono-scope.ch\/de\/wp-json\/wp\/v2\/product\/31983","targetHints":{"allow":["GET"]}}],"collection":[{"href":"https:\/\/chrono-scope.ch\/de\/wp-json\/wp\/v2\/product"}],"about":[{"href":"https:\/\/chrono-scope.ch\/de\/wp-json\/wp\/v2\/types\/product"}],"version-history":[{"count":2,"href":"https:\/\/chrono-scope.ch\/de\/wp-json\/wp\/v2\/product\/31983\/revisions"}],"predecessor-version":[{"id":32725,"href":"https:\/\/chrono-scope.ch\/de\/wp-json\/wp\/v2\/product\/31983\/revisions\/32725"}],"wp:featuredmedia":[{"embeddable":true,"href":"https:\/\/chrono-scope.ch\/de\/wp-json\/wp\/v2\/media\/34469"}],"wp:attachment":[{"href":"https:\/\/chrono-scope.ch\/de\/wp-json\/wp\/v2\/media?parent=31983"}],"wp:term":[{"taxonomy":"product_brand","embeddable":true,"href":"https:\/\/chrono-scope.ch\/de\/wp-json\/wp\/v2\/product_brand?post=31983"},{"taxonomy":"product_cat","embeddable":true,"href":"https:\/\/chrono-scope.ch\/de\/wp-json\/wp\/v2\/product_cat?post=31983"},{"taxonomy":"product_tag","embeddable":true,"href":"https:\/\/chrono-scope.ch\/de\/wp-json\/wp\/v2\/product_tag?post=31983"}],"curies":[{"name":"wp","href":"https:\/\/api.w.org\/{rel}","templated":true}]}}