{"id":31874,"date":"2025-11-10T14:16:02","date_gmt":"2025-11-10T14:16:02","guid":{"rendered":"https:\/\/chrono-scope.ch\/product\/iwc-vintage-electronic-ref-9162-in-18k-gold-2\/"},"modified":"2025-11-10T14:20:49","modified_gmt":"2025-11-10T14:20:49","slug":"iwc-vintage-electronic-ref-9162-in-18k-gold-2","status":"publish","type":"product","link":"https:\/\/chrono-scope.ch\/de\/produkt\/iwc-vintage-electronic-ref-9162-in-18k-gold-2\/","title":{"rendered":"IWC Vintage Electronic ref. 9162 in 18k gold"},"content":{"rendered":"<p style=\"text-align: left\"><strong>MODELL\/REFERENZ:<\/strong> IWC Electronic Ref. 9162. Die Geh\u00e4usenummer 2\u2019028\u2019052 und die Werknummer 2\u2019179\u2019509 datieren die Uhr auf das Jahr 1971. Inventarnummer: YUK-39-05<\/p>\n<p style=\"text-align: left\"><strong>ZUSTANDSBERICHT:<\/strong> Bitte beachten Sie die hochaufl\u00f6senden Originalbilder, um den Zustand der Uhr zu beurteilen.<\/p>\n<p style=\"text-align: left\"><strong>ZIFFERBLATT:<\/strong> Das Zifferblatt mit Sonnenschliff und applizierten Indizes ist in neuwertigem Zustand. Alle Leuchtpunkte sind vorhanden und intakt. Die Beschriftung ist klar und deutlich. Die Datumsscheibe ist sauber.<\/p>\n<p style=\"text-align: left\"><strong>ZEIGER:<\/strong> Korrekte Zeiger in neuwertigem Zustand. \u2022 GLAS: Das Plexiglas ist in gutem Zustand mit leichten Gebrauchsspuren.<\/p>\n<p style=\"text-align: left\"><strong>GEH\u00c4USE:<\/strong> Das Geh\u00e4use aus 18-kar\u00e4tigem Gelbgold weist leichte, dem Alter der Uhr entsprechende Gebrauchsspuren auf. Es hat einen Durchmesser von 36 mm und einen Bandansto\u00dfabstand von 43 mm.<\/p>\n<p style=\"text-align: left\"><strong>GEH\u00c4USEBODEN:<\/strong> Geh\u00e4useboden aus 18-kar\u00e4tigem Gold mit der Seriennummer au\u00dfen und allen relevanten Werksgravuren und -stempeln innen.<\/p>\n<p style=\"text-align: left\"><strong>KRONE:<\/strong> Signierte Krone<\/p>\n<p style=\"text-align: left\"><strong>UHRWERK:<\/strong> IWC Kaliber 150 Stimmgabelwerk, basierend auf einem Bulova-Patent. Es wurde vom Uhrmacher gepr\u00fcft und l\u00e4uft pr\u00e4zise. Die Uhr wurde im Oktober 2020 von IWC f\u00fcr 1190 CHF (\u00fcber 1300 EUR bzw. fast 1500 USD) komplett \u00fcberholt.<\/p>\n<p style=\"text-align: left\"><strong>BAND:<\/strong> Das originale Armband aus 18-kar\u00e4tigem Gold mit massiver Faltschlie\u00dfe aus 18-kar\u00e4tigem Gold ist im Lieferumfang enthalten. Alle relevanten Goldstempel sind vorhanden. Das Armband ist in voller L\u00e4nge und passt an ein Handgelenk mit einem Umfang von ca. 100 mm. 20 bis 20,5 cm (7,8 bis 8,1 Zoll)<\/p>\n<p style=\"text-align: left\"><strong>ZUBEH\u00d6R:<\/strong> IWC-Servicebox, Rechnung f\u00fcr den Uhrenservice vom Oktober 2020. Die Uhr wurde von IWC f\u00fcr 1190 CHF (\u00fcber 1300 EUR bzw. fast 1500 USD) komplett \u00fcberholt.<\/p>\n<p style=\"text-align: left\"><strong>GARANTIE:<\/strong> Wir garantieren die Echtheit der Uhr. Zudem gew\u00e4hren wir 12 Monate Garantie auf die einwandfreie Funktion. Alle Garantien unterliegen den Allgemeinen Gesch\u00e4ftsbedingungen. Bei Fragen stehen wir Ihnen gerne zur Verf\u00fcgung.<\/p>\n","protected":false},"excerpt":{"rendered":"<div class=\"n4sEPd\">\n<div class=\"QFw9Te BLojaf\">\n<div class=\"NQSJo\"><span class=\"jCAhz ChMk0b\"><span class=\"ryNqvb\">Wir pr\u00e4sentieren Ihnen mit Stolz eine seltene und exklusive <strong>Vintage IWC Electronic<\/strong> in 18-kar\u00e4tigem Gold. Dieses Modell war 1971 das absolute Spitzenmodell von IWC \u2013 sowohl technologisch als auch prestigetr\u00e4chtig.<\/span><\/span> <span class=\"jCAhz ChMk0b\"><span class=\"ryNqvb\">Das Gesamtgewicht der Uhr inklusive Armband betr\u00e4gt 124 Gramm!<\/span><\/span> <span class=\"jCAhz ChMk0b\"><span class=\"ryNqvb\">Die Uhr befindet sich in nahezu neuwertigem Zustand und wird mit 12 Monaten Garantie geliefert.<\/span><\/span><\/div>\n<\/div>\n<\/div>\n","protected":false},"featured_media":31785,"template":"","meta":{"om_disable_all_campaigns":false,"_monsterinsights_skip_tracking":false,"_monsterinsights_sitenote_active":false,"_monsterinsights_sitenote_note":"","_monsterinsights_sitenote_category":0},"product_brand":[],"product_cat":[81,74],"product_tag":[],"class_list":{"0":"post-31874","1":"product","2":"type-product","3":"status-publish","4":"has-post-thumbnail","6":"product_cat-iwc-de","7":"product_cat-vintage-de","9":"first","10":"instock","11":"taxable","12":"shipping-taxable","13":"product-type-simple"},"aioseo_notices":[],"_links":{"self":[{"href":"https:\/\/chrono-scope.ch\/de\/wp-json\/wp\/v2\/product\/31874","targetHints":{"allow":["GET"]}}],"collection":[{"href":"https:\/\/chrono-scope.ch\/de\/wp-json\/wp\/v2\/product"}],"about":[{"href":"https:\/\/chrono-scope.ch\/de\/wp-json\/wp\/v2\/types\/product"}],"version-history":[{"count":2,"href":"https:\/\/chrono-scope.ch\/de\/wp-json\/wp\/v2\/product\/31874\/revisions"}],"predecessor-version":[{"id":31876,"href":"https:\/\/chrono-scope.ch\/de\/wp-json\/wp\/v2\/product\/31874\/revisions\/31876"}],"wp:featuredmedia":[{"embeddable":true,"href":"https:\/\/chrono-scope.ch\/de\/wp-json\/wp\/v2\/media\/31785"}],"wp:attachment":[{"href":"https:\/\/chrono-scope.ch\/de\/wp-json\/wp\/v2\/media?parent=31874"}],"wp:term":[{"taxonomy":"product_brand","embeddable":true,"href":"https:\/\/chrono-scope.ch\/de\/wp-json\/wp\/v2\/product_brand?post=31874"},{"taxonomy":"product_cat","embeddable":true,"href":"https:\/\/chrono-scope.ch\/de\/wp-json\/wp\/v2\/product_cat?post=31874"},{"taxonomy":"product_tag","embeddable":true,"href":"https:\/\/chrono-scope.ch\/de\/wp-json\/wp\/v2\/product_tag?post=31874"}],"curies":[{"name":"wp","href":"https:\/\/api.w.org\/{rel}","templated":true}]}}