{"id":31821,"date":"2025-11-10T12:59:19","date_gmt":"2025-11-10T12:59:19","guid":{"rendered":"https:\/\/chrono-scope.ch\/product\/hublot-big-bang-ceramic-with-factory-set-diamonds-hublot-service\/"},"modified":"2025-11-10T13:33:44","modified_gmt":"2025-11-10T13:33:44","slug":"hublot-big-bang-ceramic-with-factory-set-diamonds-hublot-service","status":"publish","type":"product","link":"https:\/\/chrono-scope.ch\/de\/produkt\/hublot-big-bang-ceramic-with-factory-set-diamonds-hublot-service\/","title":{"rendered":"Hublot Big Bang ceramic with factory set diamonds, Hublot Service"},"content":{"rendered":"<p style=\"text-align: left\"><strong>MODELL \/ REFERENZ:<\/strong> Hublot Big Bang St. Moritz, Ref. 301.SE.230.RW.114<\/p>\n<p style=\"text-align: left\"><strong>SPEZIFIKATIONEN<\/strong><br \/>\n\u2022 Edelstahl mit wei\u00dfer Keramik und Kunstharz<\/p>\n<p style=\"text-align: left\"><strong>Geh\u00e4usedurchmesser:<\/strong> 44 mm, Geh\u00e4useh\u00f6he: 14,5 mm<br \/>\n<strong>L\u00fcnette:<\/strong> Feststehend, mit Diamanten besetzt<br \/>\n<strong>Glas:<\/strong> Kratzfestes Saphirglas (Vorder- und R\u00fcckseite)<br \/>\n<strong>Zifferblatt:<\/strong> Spiegelzifferblatt mit leuchtenden Schwertzeigern, arabischen Ziffern und Strichindizes<br \/>\n<strong>Hilfszifferbl\u00e4tter:<\/strong> Chronograph \u2013 60 Sekunden, 30 Minuten, 12 Stunden<br \/>\n<strong>Uhrwerk:<\/strong> Hublot Kaliber HUB44 mit Wolframrotor<br \/>\n<strong>Wasserdichtigkeit:<\/strong> 100 Meter \/ 330 Fu\u00df<br \/>\n<strong>Armband:<\/strong> Wei\u00dfes Kautschukarmband<br \/>\n<strong>Schlie\u00dfe:<\/strong> Faltschlie\u00dfe mit Druckknopf<\/p>\n<p style=\"text-align: left\"><strong>ZUSTAND:<\/strong> Bitte beachten Sie die hochaufl\u00f6senden Originalbilder, um den Zustand der Uhr zu beurteilen.<br \/>\nDie Uhr ist neuwertig. Sie wurde im Oktober 2025 von Hublot komplett \u00fcberholt. Alle Funktionen sind einwandfrei.<\/p>\n<p style=\"text-align: left\"><strong>ZUBEH\u00d6R:<\/strong> Die Uhr wird in der Originalverpackung mit Wertbest\u00e4tigung und Service-Rechnung geliefert.<\/p>\n<p style=\"text-align: left\"><strong>GARANTIE:<\/strong> Die Uhr unterliegt der Hublot-Servicegarantie. Es gelten die Allgemeinen Gesch\u00e4ftsbedingungen. Bei Fragen stehen wir Ihnen gerne zur Verf\u00fcgung.<\/p>\n","protected":false},"excerpt":{"rendered":"<p style=\"text-align: left\">Zum Verkauf steht eine <strong>Hublot Big Bang St. Moritz<\/strong> aus Keramik mit werkseitig gefassten Diamanten, frisch vom Hublot-Service.<br \/>\nDie Hublot Big Bang St. Moritz ist ein beeindruckender Luxus-Chronograph, der die markentypische Verbindung von k\u00fchnem Design, innovativen Materialien und Schweizer Handwerkskunst verk\u00f6rpert. Benannt nach dem legend\u00e4ren Alpenort, strahlt diese Uhr mit ihrer klaren wei\u00dfen \u00c4sthetik und den Diamantakzenten winterliche Eleganz aus.<\/p>\n","protected":false},"featured_media":31809,"template":"","meta":{"om_disable_all_campaigns":false,"_monsterinsights_skip_tracking":false,"_monsterinsights_sitenote_active":false,"_monsterinsights_sitenote_note":"","_monsterinsights_sitenote_category":0},"product_brand":[],"product_cat":[59],"product_tag":[],"class_list":{"0":"post-31821","1":"product","2":"type-product","3":"status-publish","4":"has-post-thumbnail","6":"product_cat-contemporary-de","8":"first","9":"instock","10":"taxable","11":"shipping-taxable","12":"purchasable","13":"product-type-simple"},"aioseo_notices":[],"_links":{"self":[{"href":"https:\/\/chrono-scope.ch\/de\/wp-json\/wp\/v2\/product\/31821","targetHints":{"allow":["GET"]}}],"collection":[{"href":"https:\/\/chrono-scope.ch\/de\/wp-json\/wp\/v2\/product"}],"about":[{"href":"https:\/\/chrono-scope.ch\/de\/wp-json\/wp\/v2\/types\/product"}],"version-history":[{"count":2,"href":"https:\/\/chrono-scope.ch\/de\/wp-json\/wp\/v2\/product\/31821\/revisions"}],"predecessor-version":[{"id":31823,"href":"https:\/\/chrono-scope.ch\/de\/wp-json\/wp\/v2\/product\/31821\/revisions\/31823"}],"wp:featuredmedia":[{"embeddable":true,"href":"https:\/\/chrono-scope.ch\/de\/wp-json\/wp\/v2\/media\/31809"}],"wp:attachment":[{"href":"https:\/\/chrono-scope.ch\/de\/wp-json\/wp\/v2\/media?parent=31821"}],"wp:term":[{"taxonomy":"product_brand","embeddable":true,"href":"https:\/\/chrono-scope.ch\/de\/wp-json\/wp\/v2\/product_brand?post=31821"},{"taxonomy":"product_cat","embeddable":true,"href":"https:\/\/chrono-scope.ch\/de\/wp-json\/wp\/v2\/product_cat?post=31821"},{"taxonomy":"product_tag","embeddable":true,"href":"https:\/\/chrono-scope.ch\/de\/wp-json\/wp\/v2\/product_tag?post=31821"}],"curies":[{"name":"wp","href":"https:\/\/api.w.org\/{rel}","templated":true}]}}