{"id":31615,"date":"2025-11-07T18:10:49","date_gmt":"2025-11-07T18:10:49","guid":{"rendered":"https:\/\/chrono-scope.ch\/?post_type=product&#038;p=31615"},"modified":"2025-11-07T18:10:16","modified_gmt":"2025-11-07T18:10:16","slug":"omega-vintage-trigold-ultra-silm-in-18k-yellow-gold-serviced","status":"publish","type":"product","link":"https:\/\/chrono-scope.ch\/de\/produkt\/omega-vintage-trigold-ultra-silm-in-18k-yellow-gold-serviced\/","title":{"rendered":"Omega Vintage \u201cTrigold\u201d Ultra Silm In 18k Yellow Gold, serviced"},"content":{"rendered":"<p style=\"text-align: left\"><strong>MODELL\/REFERENZ:<\/strong> Omega \u201eTrigold\u201c Ultra Slim Unisex-Uhr, Referenz 18937. Gefertigt aus einer atemberaubenden Mischung aus Gelb-, Wei\u00df- und Ros\u00e9gold, stammt dieses au\u00dfergew\u00f6hnlich seltene Modell aus dem Jahr 1958. SKU: SAS-34-03<\/p>\n<p style=\"text-align: left\"><strong>ZIFFERBLATT + ZEIGER:<\/strong> Das Zifferblatt ist ein wahres Meisterwerk mit einem faszinierenden Florentiner Finish, das das dreifarbige Goldmuster von Geh\u00e4use und Armband widerspiegelt.<\/p>\n<p style=\"text-align: left\">Die applizierten Goldindizes und die eleganten Stabzeiger vervollst\u00e4ndigen die Komposition und verleihen dem Zifferblatt ein Lichtspiel wie gewebte Seide.<\/p>\n<p style=\"text-align: left\">Au\u00dfergew\u00f6hnlich gut erhalten und vermutlich ein Unikat.<\/p>\n<p style=\"text-align: left\"><strong>GLAS:<\/strong> Das klare und gut erhaltene gew\u00f6lbte Glas bietet einen ungetr\u00fcbten Blick auf die schimmernde Oberfl\u00e4che des Zifferblatts.<\/p>\n<p style=\"text-align: left\"><strong>GEH\u00c4USE:<\/strong> Das ultraflache, 31,5 mm gro\u00dfe Geh\u00e4use im Florentiner Finish vereint Gelb-, Wei\u00df- und Ros\u00e9gold in perfekter Harmonie. Die diamantbesetzte L\u00fcnette strahlt dezenten Luxus aus. Mit seinen eleganten Proportionen bei nur 4 mm Dicke und der filigranen Textur geh\u00f6rt es zu den tragbaren Kunstwerken. Die Oberfl\u00e4che ist makellos und weist nur minimale Gebrauchsspuren auf.<\/p>\n<p style=\"text-align: left\"><strong>GEH\u00c4USEBODEN:<\/strong> Der verschraubte, signierte und nummerierte Geh\u00e4useboden ist sauber und tr\u00e4gt die korrekten Markierungen von Wenger S.A. Er schlie\u00dft b\u00fcndig ab und bewahrt seine pr\u00e4zise Geometrie, was die sorgf\u00e4ltige Aufbewahrung der Uhr belegt.<\/p>\n<p style=\"text-align: left\"><strong>KRONE:<\/strong> Die originale Goldkrone l\u00e4sst sich leichtg\u00e4ngig bedienen und liegt b\u00fcndig am Geh\u00e4use an, wodurch das hauchd\u00fcnne Profil der Uhr erhalten bleibt.<\/p>\n<p style=\"text-align: left\"><strong>UHRWERK:<\/strong> Angetrieben wird die Uhr vom Omega Kaliber 540, einem flachen, von Omega signierten und nummerierten mechanischen Handaufzugswerk. Es wurde vollst\u00e4ndig gewartet, l\u00e4uft zuverl\u00e4ssig und h\u00e4lt die Zeit genau.<\/p>\n<p style=\"text-align: left\"><strong>BAND:<\/strong> Integriertes Trigold-Armband mit passendem Florentiner Finish und signierter Omega-Faltschlie\u00dfe. Die Textur geht nahtlos vom Geh\u00e4use ins Armband \u00fcber und erzeugt so ein harmonisches und skulpturales Erscheinungsbild.<\/p>\n<p style=\"text-align: left\"><strong>ZUBEH\u00d6R:<\/strong> Uhrenrolle aus Saffiano-Leder.<\/p>\n<p style=\"text-align: left\"><strong>GARANTIE:<\/strong> Wir garantieren die Echtheit der Uhr. Wir gew\u00e4hren au\u00dferdem eine 12-monatige Garantie auf die einwandfreie Funktion dieses Zeitmessers. Alle Garantien unterliegen den Allgemeinen Gesch\u00e4ftsbedingungen.<\/p>\n<p style=\"text-align: left\">Stellen Sie gerne Ihre Fragen, wir beantworten sie Ihnen gerne. Besichtigungen sind virtuell oder vor Ort nach Vereinbarung m\u00f6glich.<\/p>\n","protected":false},"excerpt":{"rendered":"<p style=\"text-align: left\">Hin und wieder taucht eine Uhr auf, die eher an Alchemie als an Uhrmacherkunst erinnert, und genau das ist diese <strong>Omega \u201eTrigold\u201c Ultra Slim.<\/strong><\/p>\n<p style=\"text-align: left\">Gefertigt aus einer schimmernden Mischung aus Gelb-, Wei\u00df- und Ros\u00e9gold, mit einem Florentiner Finish und Diamanten besetzt, ist sie ein Meisterwerk, das die Grenzen zwischen Schmuck und Uhrmacherei verschwimmen l\u00e4sst.<\/p>\n<p style=\"text-align: left\">M\u00f6glicherweise ein Unikat und wahrscheinlich im Rahmen einer Sonderanfertigung entstanden, verk\u00f6rpert sie Omegas fantasievollste \u00c4ra \u2013 ein Sammlertraum, in dem Design, Handwerkskunst und Seltenheit in perfekter Harmonie verschmelzen.<\/p>\n<p style=\"text-align: left\">Bitte lesen Sie den Zustandsbericht sorgf\u00e4ltig und sehen Sie sich die hochaufl\u00f6senden Bilder an, um sich ein Bild vom Gesamtzustand der Uhr zu machen.<\/p>\n","protected":false},"featured_media":31583,"template":"","meta":{"om_disable_all_campaigns":false,"_monsterinsights_skip_tracking":false,"_monsterinsights_sitenote_active":false,"_monsterinsights_sitenote_note":"","_monsterinsights_sitenote_category":0},"product_brand":[],"product_cat":[61,74],"product_tag":[],"class_list":{"0":"post-31615","1":"product","2":"type-product","3":"status-publish","4":"has-post-thumbnail","6":"product_cat-omega-de","7":"product_cat-vintage-de","9":"first","10":"instock","11":"taxable","12":"shipping-taxable","13":"purchasable","14":"product-type-simple"},"aioseo_notices":[],"_links":{"self":[{"href":"https:\/\/chrono-scope.ch\/de\/wp-json\/wp\/v2\/product\/31615","targetHints":{"allow":["GET"]}}],"collection":[{"href":"https:\/\/chrono-scope.ch\/de\/wp-json\/wp\/v2\/product"}],"about":[{"href":"https:\/\/chrono-scope.ch\/de\/wp-json\/wp\/v2\/types\/product"}],"version-history":[{"count":1,"href":"https:\/\/chrono-scope.ch\/de\/wp-json\/wp\/v2\/product\/31615\/revisions"}],"predecessor-version":[{"id":31616,"href":"https:\/\/chrono-scope.ch\/de\/wp-json\/wp\/v2\/product\/31615\/revisions\/31616"}],"wp:featuredmedia":[{"embeddable":true,"href":"https:\/\/chrono-scope.ch\/de\/wp-json\/wp\/v2\/media\/31583"}],"wp:attachment":[{"href":"https:\/\/chrono-scope.ch\/de\/wp-json\/wp\/v2\/media?parent=31615"}],"wp:term":[{"taxonomy":"product_brand","embeddable":true,"href":"https:\/\/chrono-scope.ch\/de\/wp-json\/wp\/v2\/product_brand?post=31615"},{"taxonomy":"product_cat","embeddable":true,"href":"https:\/\/chrono-scope.ch\/de\/wp-json\/wp\/v2\/product_cat?post=31615"},{"taxonomy":"product_tag","embeddable":true,"href":"https:\/\/chrono-scope.ch\/de\/wp-json\/wp\/v2\/product_tag?post=31615"}],"curies":[{"name":"wp","href":"https:\/\/api.w.org\/{rel}","templated":true}]}}