{"id":31301,"date":"2025-11-18T11:54:17","date_gmt":"2025-11-18T11:54:17","guid":{"rendered":"https:\/\/chrono-scope.ch\/?post_type=product&#038;p=31301"},"modified":"2025-11-18T11:55:34","modified_gmt":"2025-11-18T11:55:34","slug":"hermes-arceau-grande-lune-reference-ar8-810-full-set","status":"publish","type":"product","link":"https:\/\/chrono-scope.ch\/de\/produkt\/hermes-arceau-grande-lune-reference-ar8-810-full-set\/","title":{"rendered":"Herm\u00e8s Arceau Grande Lune Reference AR8.810 \u2013 Full Set"},"content":{"rendered":"<p style=\"text-align: left\"><strong>MODELL\/REFERENZ:<\/strong> Herm\u00e8s Arceau Grande Lune, Referenz AR8.810. Inventarnummer: SAS-34-13<\/p>\n<p style=\"text-align: left\"><strong>ZIFFERN + ZEIGER:<\/strong> Das opalisierende, silberplattierte Zifferblatt ist in exzellentem Zustand und verf\u00fcgt \u00fcber ein fein guillochiertes Mittelteil sowie applizierte Breguet-Ziffern am Rand.<\/p>\n<p style=\"text-align: left\">Der Aufdruck ist gestochen scharf, und die Scheiben f\u00fcr Tag, Monat und Mondphase sind sauber.<\/p>\n<p style=\"text-align: left\">Die Zeiger sind originalgetreu und in exzellentem Zustand, von den silbernen Zeigern f\u00fcr die Zeitanzeige bis hin zum gebl\u00e4uten Stahlzeiger f\u00fcr die zentrale Sekunde und das Datum.<\/p>\n<p style=\"text-align: left\"><strong>GLAS:<\/strong> Das Saphirglas ist in exzellentem Zustand.<\/p>\n<p style=\"text-align: left\"><strong>GEH\u00c4USE:<\/strong> Das 43 mm gro\u00dfe, b\u00fcgelf\u00f6rmige Edelstahlgeh\u00e4use mit asymmetrischen Bandanst\u00f6\u00dfen weist nur minimale Gebrauchsspuren auf, die einem schonenden Umgang entsprechen.<\/p>\n<p style=\"text-align: left\"><strong>GEH\u00c4USEBODEN:<\/strong> Der verschraubte Edelstahlgeh\u00e4useboden ist mit gut sichtbaren Serien- und Referenznummern versehen. Er befindet sich in einem sehr guten \u00e4sthetischen Zustand und gibt durch das Saphirglas den Blick auf das Uhrwerk frei.<\/p>\n<p style=\"text-align: left\"><strong>KRONE + DR\u00dcCKER:<\/strong> Die Edelstahlkrone ist signiert und funktioniert einwandfrei.<\/p>\n<p style=\"text-align: left\">An jeder Seite des Geh\u00e4uses befinden sich zwei Einstelldr\u00fccker. Diese sind in exzellentem Zustand, weisen keinerlei Besch\u00e4digungen auf und funktionieren einwandfrei.<\/p>\n<p style=\"text-align: left\"><strong>UHRWERK:<\/strong> Signiertes ETA 2892 mit vollst\u00e4ndigem Kalender- und Mondphasenmodul. Das Uhrwerk wurde k\u00fcrzlich gepr\u00fcft und l\u00e4uft pr\u00e4zise. Alle Funktionen sind einwandfrei.<\/p>\n<p style=\"text-align: left\"><strong>BAND:<\/strong> dunkelbraunes Alligatorlederarmband mit signierter Faltschlie\u00dfe aus Edelstahl.<\/p>\n<p style=\"text-align: left\"><strong>ZUBEH\u00d6R:<\/strong> Original-Pr\u00e4sentationsbox und Garantiezertifikat.<\/p>\n<p style=\"text-align: left\"><strong>GARANTIE:<\/strong> Wir garantieren die Echtheit der Uhr. Zudem gew\u00e4hren wir 12 Monate Garantie auf die einwandfreie Funktion. Alle Garantiebedingungen unterliegen den Allgemeinen Gesch\u00e4ftsbedingungen.<\/p>\n<p style=\"text-align: left\">Bei Fragen stehen wir Ihnen gerne zur Verf\u00fcgung. Eine pers\u00f6nliche oder virtuelle Besichtigung ist nach Vereinbarung m\u00f6glich.<\/p>\n","protected":false},"excerpt":{"rendered":"<div class=\"n4sEPd\">\n<div class=\"FFpbKc\">\n<div class=\"xMmqsf\" style=\"text-align: left\"><span class=\"jCAhz ChMk0b\"><span class=\"ryNqvb\"><strong>Herm\u00e8s Arceau Grande Lune Referenz AR8.810 \u2013 Komplettes Set<\/strong><br \/>\nHerm\u00e8s beweist einmal mehr, dass es weit mehr ist als nur ein Hersteller von Kellys und Birkins\u2026<br \/>\nUnter dem eleganten, steigb\u00fcgelf\u00f6rmigen Geh\u00e4use, das an die Reitsporttradition der Marke erinnert, verbirgt sich ein wundersch\u00f6n gestaltetes Guilloche-Zifferblatt mit Mondphasen- und Dreifachkalenderanzeige, umrahmt von Ziffern im Breguet-Stil, die den zeitlosen Charme zus\u00e4tzlich unterstreichen.<\/span><\/span><span class=\"jCAhz ChMk0b\"><span class=\"ryNqvb\"><br \/>\nDieses Arceau ist ein Herm\u00e8s-Einsteigermodell mit dem gewissen Etwas: Sie wirkt absolut luxuri\u00f6s und ist dennoch erfreulich erschwinglich.<\/span><\/span><span class=\"jCAhz ChMk0b\"><span class=\"ryNqvb\"><br \/>\nBitte sehen Sie sich die hochaufl\u00f6senden Bilder an, um den Zustand der Uhr zu beurteilen.<\/span><\/span><\/div>\n<\/div>\n<\/div>\n","protected":false},"featured_media":31292,"template":"","meta":{"om_disable_all_campaigns":false,"_monsterinsights_skip_tracking":false,"_monsterinsights_sitenote_active":false,"_monsterinsights_sitenote_note":"","_monsterinsights_sitenote_category":0},"product_brand":[],"product_cat":[59],"product_tag":[],"class_list":{"0":"post-31301","1":"product","2":"type-product","3":"status-publish","4":"has-post-thumbnail","6":"product_cat-contemporary-de","8":"first","9":"instock","10":"taxable","11":"shipping-taxable","12":"purchasable","13":"product-type-simple"},"aioseo_notices":[],"_links":{"self":[{"href":"https:\/\/chrono-scope.ch\/de\/wp-json\/wp\/v2\/product\/31301","targetHints":{"allow":["GET"]}}],"collection":[{"href":"https:\/\/chrono-scope.ch\/de\/wp-json\/wp\/v2\/product"}],"about":[{"href":"https:\/\/chrono-scope.ch\/de\/wp-json\/wp\/v2\/types\/product"}],"version-history":[{"count":1,"href":"https:\/\/chrono-scope.ch\/de\/wp-json\/wp\/v2\/product\/31301\/revisions"}],"predecessor-version":[{"id":31302,"href":"https:\/\/chrono-scope.ch\/de\/wp-json\/wp\/v2\/product\/31301\/revisions\/31302"}],"wp:featuredmedia":[{"embeddable":true,"href":"https:\/\/chrono-scope.ch\/de\/wp-json\/wp\/v2\/media\/31292"}],"wp:attachment":[{"href":"https:\/\/chrono-scope.ch\/de\/wp-json\/wp\/v2\/media?parent=31301"}],"wp:term":[{"taxonomy":"product_brand","embeddable":true,"href":"https:\/\/chrono-scope.ch\/de\/wp-json\/wp\/v2\/product_brand?post=31301"},{"taxonomy":"product_cat","embeddable":true,"href":"https:\/\/chrono-scope.ch\/de\/wp-json\/wp\/v2\/product_cat?post=31301"},{"taxonomy":"product_tag","embeddable":true,"href":"https:\/\/chrono-scope.ch\/de\/wp-json\/wp\/v2\/product_tag?post=31301"}],"curies":[{"name":"wp","href":"https:\/\/api.w.org\/{rel}","templated":true}]}}