{"id":31187,"date":"2025-11-06T09:33:27","date_gmt":"2025-11-06T09:33:27","guid":{"rendered":"https:\/\/chrono-scope.ch\/product\/cartier-pasha-xl-white-gold-full-set-frist-owner-factory-set-diamonds\/"},"modified":"2025-11-06T09:54:20","modified_gmt":"2025-11-06T09:54:20","slug":"cartier-pasha-xl-white-gold-full-set-frist-owner-factory-set-diamonds","status":"publish","type":"product","link":"https:\/\/chrono-scope.ch\/de\/produkt\/cartier-pasha-xl-white-gold-full-set-frist-owner-factory-set-diamonds\/","title":{"rendered":"Cartier Pasha XL White Gold, Full Set, Frist Owner, factory set diamonds"},"content":{"rendered":"<p style=\"text-align: left\"><strong>MODELL\/REFERENZ:<\/strong> Cartier Pasha XL in massivem 18-kar\u00e4tigem Wei\u00dfgold, Referenz 2765 WJ120251. Diese Uhr wird als Komplettset angeboten und wurde urspr\u00fcnglich im Jahr 200X verkauft. Inventarnummer: SAS-34-41.<\/p>\n<p style=\"text-align: left\"><strong>ZUSTANDSBERICHT:<\/strong> Bitte beachten Sie die hochaufl\u00f6senden Bilder, um den Zustand der Uhr zu beurteilen.<\/p>\n<p style=\"text-align: left\"><strong>ZIFFERN + ZEIGER:<\/strong> Makelloses silbernes Zifferblatt mit Guilloche-Muster in der Mitte, schwarzen arabischen Ziffern an den Viertelstunden, scharfer Gravur und originalen gebl\u00e4uten Stahlzeigern.<\/p>\n<p style=\"text-align: left\"><strong>GLAS:<\/strong> Saphirglas mit Antireflexbeschichtung in exzellentem Zustand.<\/p>\n<p style=\"text-align: left\"><strong>L\u00dcNETTE:<\/strong> Wei\u00dfgold, werkseitig mit 44 VVS-Diamanten (3,25 ct) besetzt.<\/p>\n<p style=\"text-align: left\"><strong>GEH\u00c4USE:<\/strong> 42 mm Geh\u00e4use aus massivem Wei\u00dfgold. Es ist 8,7 mm dick. Guter Gesamtzustand mit alters- und gebrauchsbedingten Gebrauchsspuren.<\/p>\n<p style=\"text-align: left\"><strong>GEH\u00c4USEBODEN:<\/strong> Verschraubter Geh\u00e4useboden aus Wei\u00dfgold, signiert und nummeriert. Die Oberfl\u00e4che ist vertikal geb\u00fcrstet, weist scharfe Punzen und deutliche Gravuren auf. Sie hat au\u00dferdem einige sichtbare Kratzer.<\/p>\n<p style=\"text-align: left\"><strong>KRONE:<\/strong> Korrekte Krone mit facettiertem Diamanten, voll funktionsf\u00e4hig.<\/p>\n<p style=\"text-align: left\"><strong>UHRWERK:<\/strong> Automatikwerk, signiertes Kaliber 8000 MC. Das Uhrwerk wurde von unserem Uhrmacher gepr\u00fcft. Es l\u00e4uft kraftvoll und sehr genau.<\/p>\n<p style=\"text-align: left\"><strong>ARMBAND:<\/strong> Signiertes, zweiteiliges Lederarmband in Blau, getragen, aber in gutem Zustand. Faltschlie\u00dfe aus 18-kar\u00e4tigem Wei\u00dfgold von Cartier.<\/p>\n<p style=\"text-align: left\"><strong>ZUBEH\u00d6R:<\/strong> Komplettes Set wie vom H\u00e4ndler verkauft. Innen- und Au\u00dfenbox, Bedienungsanleitung und Echtheitszertifikat.<\/p>\n<p style=\"text-align: left\"><strong>GARANTIE:<\/strong> Wir garantieren die Echtheit der Uhr. Zudem gew\u00e4hren wir 12 Monate Garantie auf die einwandfreie Funktion. Alle Garantien unterliegen den Allgemeinen Gesch\u00e4ftsbedingungen. Bei Fragen stehen wir Ihnen gerne zur Verf\u00fcgung.<\/p>\n","protected":false},"excerpt":{"rendered":"<p style=\"text-align: left\"><strong>Cartier Pasha XL in Wei\u00dfgold, Komplettset, aus erster Hand<\/strong><\/p>\n<p style=\"text-align: left\">Die Cartier Pasha, ein Designklassiker der 1980er-Jahre und ein Beweis f\u00fcr G\u00e9rald Gentas k\u00fchne Handschrift, z\u00e4hlt zu den charismatischsten Kreationen von Cartier. Dieses Exemplar aus massivem Wei\u00dfgold mit einer L\u00fcnette, die mit 44 Diamanten besetzt ist, verschmilzt die Grenzen zwischen edlem Schmuck und feiner Uhrmacherkunst. Ein dezentes Statement-Piece, das unauff\u00e4llig bleibt, aber alle Konventionen \u00fcbertrifft!<\/p>\n","protected":false},"featured_media":32734,"template":"","meta":{"om_disable_all_campaigns":false,"_monsterinsights_skip_tracking":false,"_monsterinsights_sitenote_active":false,"_monsterinsights_sitenote_note":"","_monsterinsights_sitenote_category":0},"product_brand":[],"product_cat":[110,59],"product_tag":[],"class_list":{"0":"post-31187","1":"product","2":"type-product","3":"status-publish","4":"has-post-thumbnail","6":"product_cat-cartier-de","7":"product_cat-contemporary-de","9":"first","10":"instock","11":"taxable","12":"shipping-taxable","13":"purchasable","14":"product-type-simple"},"aioseo_notices":[],"_links":{"self":[{"href":"https:\/\/chrono-scope.ch\/de\/wp-json\/wp\/v2\/product\/31187","targetHints":{"allow":["GET"]}}],"collection":[{"href":"https:\/\/chrono-scope.ch\/de\/wp-json\/wp\/v2\/product"}],"about":[{"href":"https:\/\/chrono-scope.ch\/de\/wp-json\/wp\/v2\/types\/product"}],"version-history":[{"count":2,"href":"https:\/\/chrono-scope.ch\/de\/wp-json\/wp\/v2\/product\/31187\/revisions"}],"predecessor-version":[{"id":31189,"href":"https:\/\/chrono-scope.ch\/de\/wp-json\/wp\/v2\/product\/31187\/revisions\/31189"}],"wp:featuredmedia":[{"embeddable":true,"href":"https:\/\/chrono-scope.ch\/de\/wp-json\/wp\/v2\/media\/32734"}],"wp:attachment":[{"href":"https:\/\/chrono-scope.ch\/de\/wp-json\/wp\/v2\/media?parent=31187"}],"wp:term":[{"taxonomy":"product_brand","embeddable":true,"href":"https:\/\/chrono-scope.ch\/de\/wp-json\/wp\/v2\/product_brand?post=31187"},{"taxonomy":"product_cat","embeddable":true,"href":"https:\/\/chrono-scope.ch\/de\/wp-json\/wp\/v2\/product_cat?post=31187"},{"taxonomy":"product_tag","embeddable":true,"href":"https:\/\/chrono-scope.ch\/de\/wp-json\/wp\/v2\/product_tag?post=31187"}],"curies":[{"name":"wp","href":"https:\/\/api.w.org\/{rel}","templated":true}]}}