{"id":31139,"date":"2025-11-05T16:39:48","date_gmt":"2025-11-05T16:39:48","guid":{"rendered":"https:\/\/chrono-scope.ch\/product\/universal-geneve-polerouter-reference-204610-7\/"},"modified":"2025-11-05T17:02:46","modified_gmt":"2025-11-05T17:02:46","slug":"universal-geneve-polerouter-reference-204610-7","status":"publish","type":"product","link":"https:\/\/chrono-scope.ch\/de\/produkt\/universal-geneve-polerouter-reference-204610-7\/","title":{"rendered":"Universal Gen\u00e8ve Polerouter Reference 204610\/7"},"content":{"rendered":"<p style=\"text-align: left\"><strong>MODELL\/REFERENZ:<\/strong> Universal Gen\u00e8ve Polerouter, Ref. 204610\/7, Seriennummer 2108584, passend zum Produktionszeitraum 1960\u20131961. Inventarnummer 250914-1.<\/p>\n<p style=\"text-align: left\"><strong>ZIFFERBLATT + ZEIGER:<\/strong> Originales schwarzes Zifferblatt mit gleichm\u00e4\u00dfiger, fleckiger Patina und scharfer Goldpr\u00e4gung, ohne Anzeichen von Manipulation. Die Leuchtpunkte sind vollst\u00e4ndig vorhanden und haben eine dunklere Patina entwickelt. Das applizierte \u201eU\u201c-Logo, der silberne Ring und die Dauphine-Zeiger weisen eine leichte, gleichm\u00e4\u00dfige Oxidation auf.<\/p>\n<p style=\"text-align: left\"><strong>GLAS:<\/strong> Originales Plexiglas mit Zykloplupe bei 3 Uhr, in sehr gutem Zustand mit minimalen Gebrauchsspuren.<\/p>\n<p style=\"text-align: left\"><strong>GEH\u00c4USE:<\/strong> Edelstahlgeh\u00e4use (34 mm) mit eleganten Lyra-Bandanst\u00f6\u00dfen und klaren Linien. Von Bandansto\u00df zu Bandansto\u00df misst es 42 mm. Es wurde vermutlich in der Vergangenheit poliert, ist aber noch gut erhalten und weist altersbedingte Gebrauchsspuren auf.<\/p>\n<p style=\"text-align: left\"><strong>GEH\u00c4USEBODEN:<\/strong> Verschraubter, vierzehneckiger Boden mit scharfen Gravuren und sichtbaren Seriennummern. Innen befindet sich die korrekte Punze von Huguenin Fr\u00e8res mit dekorativer Verzierung.<\/p>\n<p style=\"text-align: left\"><strong>KRONE:<\/strong> Signierte, gew\u00f6lbte Krone, korrekt und voll funktionsf\u00e4hig.<\/p>\n<p style=\"text-align: left\"><strong>UHRWERK:<\/strong> Manufakturkaliber. Kaliber 218-2 mit 28 Steinen und dem charakteristischen Mikrorotor-System. K\u00fcrzlich von unserem Uhrmacher gepr\u00fcft, l\u00e4uft einwandfrei und h\u00e4lt f\u00fcr ihr Alter die Zeit gut.<\/p>\n<p style=\"text-align: left\"><strong>ARMBAND:<\/strong> Neues dunkelbraunes Lederarmband (18 mm) mit generischer Dornschlie\u00dfe aus Stahl. Eine zeitgen\u00f6ssische, signierte UG-Dornschlie\u00dfe ist auf Anfrage gegen Aufpreis erh\u00e4ltlich.<\/p>\n<p style=\"text-align: left\"><strong>ZUBEH\u00d6R:<\/strong> Uhrenrolle aus Saffiano-Leder.<\/p>\n<p style=\"text-align: left\"><strong>GARANTIE:<\/strong> Wir garantieren die Echtheit der Uhr. Zudem gew\u00e4hren wir 12 Monate Garantie auf die einwandfreie Funktion. Alle Garantien unterliegen den Allgemeinen Gesch\u00e4ftsbedingungen.<br \/>\nBei Fragen stehen wir Ihnen gerne zur Verf\u00fcgung. Eine pers\u00f6nliche oder virtuelle Besichtigung ist nach Vereinbarung m\u00f6glich.<\/p>\n","protected":false},"excerpt":{"rendered":"<p style=\"text-align: left\"><strong>Universal Gen\u00e8ve Polerouter Reference 204610\/7<\/strong><\/p>\n<p style=\"text-align: left\">Entstanden aus der Bl\u00fctezeit der Luftfahrt und der Vision des jungen G\u00e9rald Genta, verk\u00f6rpert die Universal Gen\u00e8ve Polerouter Innovation und Eleganz der Mitte des 20. Jahrhunderts. Gefertigt vom renommierten Geh\u00e4usehersteller Huguenin Fr\u00e8res, wurde sie entworfen, um die waghalsigen Polarroutenfl\u00fcge der 1950er-Jahre zu w\u00fcrdigen \u2013 eine Hommage an Abenteuer und Pr\u00e4zision.<\/p>\n<p style=\"text-align: left\">Ein zeitloser Begleiter, der auch heute noch m\u00fchelos durch die Jahrzehnte gleitet.<\/p>\n<p style=\"text-align: left\">Bitte lesen Sie den Zustandsbericht sorgf\u00e4ltig und sehen Sie sich die hochaufl\u00f6senden Bilder an, um den Gesamtzustand der Uhr zu beurteilen.<\/p>\n","protected":false},"featured_media":31115,"template":"","meta":{"om_disable_all_campaigns":false,"_monsterinsights_skip_tracking":false,"_monsterinsights_sitenote_active":false,"_monsterinsights_sitenote_note":"","_monsterinsights_sitenote_category":0},"product_brand":[],"product_cat":[112,74],"product_tag":[],"class_list":{"0":"post-31139","1":"product","2":"type-product","3":"status-publish","4":"has-post-thumbnail","6":"product_cat-universal-geneve-de","7":"product_cat-vintage-de","9":"first","10":"instock","11":"taxable","12":"shipping-taxable","13":"purchasable","14":"product-type-simple"},"aioseo_notices":[],"_links":{"self":[{"href":"https:\/\/chrono-scope.ch\/de\/wp-json\/wp\/v2\/product\/31139","targetHints":{"allow":["GET"]}}],"collection":[{"href":"https:\/\/chrono-scope.ch\/de\/wp-json\/wp\/v2\/product"}],"about":[{"href":"https:\/\/chrono-scope.ch\/de\/wp-json\/wp\/v2\/types\/product"}],"version-history":[{"count":2,"href":"https:\/\/chrono-scope.ch\/de\/wp-json\/wp\/v2\/product\/31139\/revisions"}],"predecessor-version":[{"id":31141,"href":"https:\/\/chrono-scope.ch\/de\/wp-json\/wp\/v2\/product\/31139\/revisions\/31141"}],"wp:featuredmedia":[{"embeddable":true,"href":"https:\/\/chrono-scope.ch\/de\/wp-json\/wp\/v2\/media\/31115"}],"wp:attachment":[{"href":"https:\/\/chrono-scope.ch\/de\/wp-json\/wp\/v2\/media?parent=31139"}],"wp:term":[{"taxonomy":"product_brand","embeddable":true,"href":"https:\/\/chrono-scope.ch\/de\/wp-json\/wp\/v2\/product_brand?post=31139"},{"taxonomy":"product_cat","embeddable":true,"href":"https:\/\/chrono-scope.ch\/de\/wp-json\/wp\/v2\/product_cat?post=31139"},{"taxonomy":"product_tag","embeddable":true,"href":"https:\/\/chrono-scope.ch\/de\/wp-json\/wp\/v2\/product_tag?post=31139"}],"curies":[{"name":"wp","href":"https:\/\/api.w.org\/{rel}","templated":true}]}}