{"id":30953,"date":"2025-12-03T09:42:59","date_gmt":"2025-12-03T09:42:59","guid":{"rendered":"https:\/\/chrono-scope.ch\/?post_type=product&#038;p=30953"},"modified":"2026-03-16T15:15:39","modified_gmt":"2026-03-16T15:15:39","slug":"tudor-black-bay-chrono-full-set-new-swiss-papers","status":"publish","type":"product","link":"https:\/\/chrono-scope.ch\/de\/produkt\/tudor-black-bay-chrono-full-set-new-swiss-papers\/","title":{"rendered":"SOLD &#8211; Tudor Black Bay Chrono full set, new, Swiss papers"},"content":{"rendered":"<p style=\"text-align: left;\"><strong>SPEZIFIKATIONEN:\u00a0<\/strong><\/p>\n<p style=\"text-align: left;\">\u00b7 F\u00fcnf Jahre \u00fcbertragbare Garantie ohne Registrierung oder obligatorische regelm\u00e4\u00dfige Wartung<\/p>\n<p style=\"text-align: left;\">\u00b7 Satiniertes, poliertes Edelstahlgeh\u00e4use, 41 mm<\/p>\n<p style=\"text-align: left;\">\u00b7 Manufakturkaliber MT5813 (COSC)<\/p>\n<p style=\"text-align: left;\">\u00b7 Mechanisches Uhrwerk mit automatischem Aufzug und beidseitig aufziehendem Rotor. Gangreserve von ca. 70 Stunden<\/p>\n<p style=\"text-align: left;\">\u00b7 Verschraubte Dr\u00fccker aus Edelstahl 316L bei 2 und 4 Uhr<\/p>\n<p style=\"text-align: left;\">\u00b7 Wasserdicht bis 200 Meter<\/p>\n<p style=\"text-align: left;\">\u00b7 Feste L\u00fcnette aus Edelstahl 316L mit mattschwarz eloxierter Aluminiumscheibe, Tachymeterskala und silbernen Indizes<\/p>\n<p style=\"text-align: left;\">\u00b7 Opalfarbenes Zifferblatt mit schwarzen Totalisatoren, gew\u00f6lbt<\/p>\n<p style=\"text-align: left;\">\u00b7 Datumsanzeige bei 6 Uhr<\/p>\n<p style=\"text-align: left;\">\u00b7 Satiniertes und poliertes, genietetes Edelstahlarmband mit Sicherheitsfaltschlie\u00dfe<\/p>\n","protected":false},"excerpt":{"rendered":"<p style=\"text-align: left;\">Zum Verkauf steht eine neue <strong>Tudor Black Bay Chronograph Ref. 79360N,<\/strong> komplett mit Box und Papieren.<br \/>\nDie Uhr ist neu und ungetragen. Das Stahlarmband hat volle L\u00e4nge. Bitte beachten Sie die hochaufl\u00f6senden Bilder, die Bestandteil der Beschreibung und des Angebots sind.<br \/>\nDie Uhr wurde am 29. Dezember 2021 bei einem autorisierten Schweizer Uhrenh\u00e4ndler erworben. Die Tudor stammt aus Erstbesitz.<\/p>\n<p style=\"text-align: left;\"><strong>Lieferumfang:<\/strong> Uhr mit Stahlarmband, Papieren und Originalbox (wie abgebildet).<\/p>\n<p style=\"text-align: left;\"><strong>GARANTIE:<\/strong> Wir garantieren die Echtheit der Uhr, die noch durch die Tudor-Werksgarantie abgedeckt ist. Bei Fragen stehen wir Ihnen gerne zur Verf\u00fcgung.<\/p>\n","protected":false},"featured_media":30939,"template":"","meta":{"om_disable_all_campaigns":false,"_monsterinsights_skip_tracking":false,"_monsterinsights_sitenote_active":false,"_monsterinsights_sitenote_note":"","_monsterinsights_sitenote_category":0},"product_brand":[],"product_cat":[59,71],"product_tag":[],"class_list":{"0":"post-30953","1":"product","2":"type-product","3":"status-publish","4":"has-post-thumbnail","6":"product_cat-contemporary-de","7":"product_cat-verkaufte-uhren","9":"first","10":"instock","11":"taxable","12":"shipping-taxable","13":"purchasable","14":"product-type-simple"},"aioseo_notices":[],"_links":{"self":[{"href":"https:\/\/chrono-scope.ch\/de\/wp-json\/wp\/v2\/product\/30953","targetHints":{"allow":["GET"]}}],"collection":[{"href":"https:\/\/chrono-scope.ch\/de\/wp-json\/wp\/v2\/product"}],"about":[{"href":"https:\/\/chrono-scope.ch\/de\/wp-json\/wp\/v2\/types\/product"}],"version-history":[{"count":4,"href":"https:\/\/chrono-scope.ch\/de\/wp-json\/wp\/v2\/product\/30953\/revisions"}],"predecessor-version":[{"id":37628,"href":"https:\/\/chrono-scope.ch\/de\/wp-json\/wp\/v2\/product\/30953\/revisions\/37628"}],"wp:featuredmedia":[{"embeddable":true,"href":"https:\/\/chrono-scope.ch\/de\/wp-json\/wp\/v2\/media\/30939"}],"wp:attachment":[{"href":"https:\/\/chrono-scope.ch\/de\/wp-json\/wp\/v2\/media?parent=30953"}],"wp:term":[{"taxonomy":"product_brand","embeddable":true,"href":"https:\/\/chrono-scope.ch\/de\/wp-json\/wp\/v2\/product_brand?post=30953"},{"taxonomy":"product_cat","embeddable":true,"href":"https:\/\/chrono-scope.ch\/de\/wp-json\/wp\/v2\/product_cat?post=30953"},{"taxonomy":"product_tag","embeddable":true,"href":"https:\/\/chrono-scope.ch\/de\/wp-json\/wp\/v2\/product_tag?post=30953"}],"curies":[{"name":"wp","href":"https:\/\/api.w.org\/{rel}","templated":true}]}}