{"id":30811,"date":"2025-11-02T14:24:32","date_gmt":"2025-11-02T14:24:32","guid":{"rendered":"https:\/\/chrono-scope.ch\/product\/breguet-reine-de-naples-reference-8957st-mop-dial-full-set\/"},"modified":"2025-11-02T14:31:29","modified_gmt":"2025-11-02T14:31:29","slug":"breguet-reine-de-naples-reference-8957st-mop-dial-full-set","status":"publish","type":"product","link":"https:\/\/chrono-scope.ch\/de\/produkt\/breguet-reine-de-naples-reference-8957st-mop-dial-full-set\/","title":{"rendered":"Breguet Reine De Naples Reference 8957ST MOP Dial \u2013 Full Set"},"content":{"rendered":"<p><strong>Modell\/Referenz:<\/strong> Breguet Reine de Naples Ref. 8957ST. Inventarnummer: SAS-34-31.<\/p>\n<p><strong>Zifferblatt + Zeiger<\/strong>: Makelloses wei\u00dfes Perlmuttzifferblatt mit applizierten, facettierten Stundenmarkierungen und aufgemalten arabischen Ziffern bei 6 und 12 Uhr.<\/p>\n<p>Breguets charakteristische gebl\u00e4ute Stahlzeiger \u201ePomme ouverte\u201c.<\/p>\n<p><strong>GLAS:<\/strong> Saphirglas in exzellentem Zustand, frei von sichtbaren Gebrauchsspuren.<\/p>\n<p><strong>GEH\u00c4USE:<\/strong> 35 x 44 mm gro\u00dfes, ovales Edelstahlgeh\u00e4use mit geriffeltem Rand und einer H\u00f6he von 9,6 mm. Wundersch\u00f6n ausgewogene Proportionen und sehr guter Gesamtzustand mit nur leichten Gebrauchsspuren nach einer k\u00fcrzlich erfolgten Politur.<\/p>\n<p><strong>GEH\u00c4USEBODEN:<\/strong> Verschraubter Sichtboden aus Edelstahl. Er ist mit markanten Gravuren signiert und weist einige leichte Kratzer auf.<\/p>\n<p><strong>UHRWERK:<\/strong> Automatikwerk Kaliber 591 C, das pr\u00e4zise und zuverl\u00e4ssig l\u00e4uft und bis zum Rotor aus 22-kar\u00e4tigem Wei\u00dfgold fein verziert ist. Es wurde k\u00fcrzlich gepr\u00fcft und befindet sich in einwandfreiem Zustand.<\/p>\n<p><strong>KRONE<\/strong>: Originale, signierte Breguet-Krone mit facettiertem Cabochon, die einwandfrei funktioniert.<\/p>\n<p><strong>ARMBAND\/SCHLIESSE:<\/strong> Schwarzes Lederarmband mit signierter Faltschlie\u00dfe aus Edelstahl, beides in gutem Zustand.<\/p>\n<p><strong>ZUBEH\u00d6R:<\/strong> Original-Innen- und -Au\u00dfenbox, Bedienungsanleitung und Garantiezertifikat.<\/p>\n<p><strong>GARANTIE:<\/strong> Wir garantieren die Echtheit der Uhr. Zudem gew\u00e4hren wir 12 Monate Garantie auf die einwandfreie Funktion des Zeitmessers. Alle Garantien unterliegen den Allgemeinen Gesch\u00e4ftsbedingungen.<\/p>\n<p>Bei Fragen stehen wir Ihnen gerne zur Verf\u00fcgung. Eine pers\u00f6nliche oder virtuelle Besichtigung ist nach Vereinbarung m\u00f6glich.<\/p>\n","protected":false},"excerpt":{"rendered":"<p style=\"text-align: left\">Inspiriert von einer der ersten Armbanduhren \u00fcberhaupt, ist diese <strong>Breguet<\/strong> ein unverwechselbares und elegantes Modell, das sich durch seine ovale Form, die makellose Verarbeitung und das mechanische Uhrwerk auszeichnet, das ganz in der jahrhundertealten Tradition von Breguet schl\u00e4gt.<\/p>\n<p style=\"text-align: left\">Als anmutiger Ausdruck des Erbes der Marke wird sie die kultivierte Dame stets als Begleiterin im Alltag begleiten und feminine Eleganz mit uhrmacherischer Finesse vereinen.<\/p>\n<p style=\"text-align: left\"><strong>Zustandsbericht:<\/strong> Bitte beachten Sie die unver\u00e4nderten hochaufl\u00f6senden Bilder, um den Zustand der Uhr zu beurteilen.<\/p>\n","protected":false},"featured_media":30791,"template":"","meta":{"om_disable_all_campaigns":false,"_monsterinsights_skip_tracking":false,"_monsterinsights_sitenote_active":false,"_monsterinsights_sitenote_note":"","_monsterinsights_sitenote_category":0},"product_brand":[],"product_cat":[314,59],"product_tag":[],"class_list":{"0":"post-30811","1":"product","2":"type-product","3":"status-publish","4":"has-post-thumbnail","6":"product_cat-breguet","7":"product_cat-contemporary-de","9":"first","10":"instock","11":"taxable","12":"shipping-taxable","13":"purchasable","14":"product-type-simple"},"aioseo_notices":[],"_links":{"self":[{"href":"https:\/\/chrono-scope.ch\/de\/wp-json\/wp\/v2\/product\/30811","targetHints":{"allow":["GET"]}}],"collection":[{"href":"https:\/\/chrono-scope.ch\/de\/wp-json\/wp\/v2\/product"}],"about":[{"href":"https:\/\/chrono-scope.ch\/de\/wp-json\/wp\/v2\/types\/product"}],"version-history":[{"count":2,"href":"https:\/\/chrono-scope.ch\/de\/wp-json\/wp\/v2\/product\/30811\/revisions"}],"predecessor-version":[{"id":30813,"href":"https:\/\/chrono-scope.ch\/de\/wp-json\/wp\/v2\/product\/30811\/revisions\/30813"}],"wp:featuredmedia":[{"embeddable":true,"href":"https:\/\/chrono-scope.ch\/de\/wp-json\/wp\/v2\/media\/30791"}],"wp:attachment":[{"href":"https:\/\/chrono-scope.ch\/de\/wp-json\/wp\/v2\/media?parent=30811"}],"wp:term":[{"taxonomy":"product_brand","embeddable":true,"href":"https:\/\/chrono-scope.ch\/de\/wp-json\/wp\/v2\/product_brand?post=30811"},{"taxonomy":"product_cat","embeddable":true,"href":"https:\/\/chrono-scope.ch\/de\/wp-json\/wp\/v2\/product_cat?post=30811"},{"taxonomy":"product_tag","embeddable":true,"href":"https:\/\/chrono-scope.ch\/de\/wp-json\/wp\/v2\/product_tag?post=30811"}],"curies":[{"name":"wp","href":"https:\/\/api.w.org\/{rel}","templated":true}]}}