{"id":30771,"date":"2025-11-02T12:48:12","date_gmt":"2025-11-02T12:48:12","guid":{"rendered":"https:\/\/chrono-scope.ch\/product\/franck-muller-conquistador-ladies-steel-ref-8001-sc\/"},"modified":"2025-11-02T16:19:47","modified_gmt":"2025-11-02T16:19:47","slug":"franck-muller-conquistador-ladies-steel-ref-8001-sc","status":"publish","type":"product","link":"https:\/\/chrono-scope.ch\/de\/produkt\/franck-muller-conquistador-ladies-steel-ref-8001-sc\/","title":{"rendered":"Franck Muller Conquistador Ladies steel ref. 8001 SC"},"content":{"rendered":"<p style=\"text-align: left\"><strong>MODELL\/REFERENZ:<\/strong> Franck Muller Conquistador Damenuhr, Referenz 8001 SC. Aus dem Jahr 2001, Artikelnummer: SAS-34-01.<\/p>\n<p style=\"text-align: left\"><strong>ZUSTANDSBERICHT:<\/strong> Bitte beachten Sie die unver\u00e4nderten, hochaufl\u00f6senden Bilder, um den Zustand der Uhr zu beurteilen.<\/p>\n<p style=\"text-align: left\"><strong>ZIFFERBLATT:<\/strong> Guillochiertes silbernes Zifferblatt mit roten Akzenten, aufgemalten, leuchtenden arabischen Ziffern und Datumsanzeige bei 6 Uhr.<\/p>\n<p style=\"text-align: left\"><strong>ZEIGER:<\/strong> Leuchtende Blattzeiger und roter zentraler Sekundenzeiger in neuwertigem Zustand.<\/p>\n<p style=\"text-align: left\"><strong>GLAS:<\/strong> Das Saphirglas verf\u00fcgt \u00fcber eine Zykloplupe bei 6 Uhr. Es weist diverse Kratzer auf.<\/p>\n<p style=\"text-align: left\"><strong>GEH\u00c4USE:<\/strong> Das tonnenf\u00f6rmige Edelstahlgeh\u00e4use zeigt leichte Gebrauchsspuren. Es misst 28 mm im Durchmesser und 38 mm von Bandansto\u00df zu Bandansto\u00df.<\/p>\n<p style=\"text-align: left\"><strong>GEH\u00c4USEBODEN:<\/strong> Edelstahl-Geh\u00e4useboden in gutem Zustand. Er ist signiert und nummeriert. Die Oberfl\u00e4che weist minimale Gebrauchsspuren auf.<\/p>\n<p style=\"text-align: left\"><strong>KRONE:<\/strong> Originale, signierte Krone. Sie funktioniert einwandfrei.<\/p>\n<p style=\"text-align: left\"><strong>UHRWERK:<\/strong> Automatikwerk mit Datumsanzeige und Schwungmasse aus Platin. Es wurde vom Uhrmacher gepr\u00fcft. Alle Funktionen arbeiten einwandfrei.<\/p>\n<p style=\"text-align: left\"><strong>ARMBAND:<\/strong> Mehrgliedriges Edelstahlarmband mit signierter Faltschlie\u00dfe. Es passt an ein Handgelenk mit einem Umfang von ca. 15 cm. Drei Ersatzglieder sind im Lieferumfang enthalten.<\/p>\n<p style=\"text-align: left\"><strong>ZUBEH\u00d6R:<\/strong> Komplettes Set mit Originalzertifikat und Pr\u00e4sentationsbox in sehr gutem Zustand.<\/p>\n<p style=\"text-align: left\"><strong>GARANTIE:<\/strong> Wir garantieren die Echtheit der Uhr. Wir gew\u00e4hren au\u00dferdem 12 Monate Garantie auf die einwandfreie Funktion dieses Zeitmessers. Alle Garantien unterliegen den Allgemeinen Gesch\u00e4ftsbedingungen. Stellen Sie gerne Ihre Fragen; wir beantworten sie Ihnen gerne. Eine pers\u00f6nliche oder virtuelle Besichtigung ist nach Vereinbarung m\u00f6glich.<\/p>\n","protected":false},"excerpt":{"rendered":"<div class=\"n4sEPd\">\n<div class=\"FFpbKc\">Mit ihrer charakteristischen Tonneau-Form, dem guillochierten Zifferblatt mit roten Akzenten und dem angenehm massiven Armband verk\u00f6rpert diese kompakte und zugleich kraftvolle Uhr alles, was <strong>Franck Muller<\/strong> ausmacht: k\u00fchn, kurvenreich und voller Ausstrahlung.<\/div>\n<\/div>\n<div class=\"QcsUad BDJ8fb BLojaf sMVRZe hCXDsb wneUed\">\n<div class=\"usGWQd\">\n<div class=\"KkbLmb\">\n<div class=\"lRu31\" dir=\"ltr\" style=\"text-align: left\">\n<p>Angeboten als Komplettset. Ein lebendiger Beweis daf\u00fcr, dass Charisma und Handwerkskunst ein unwiderstehliches Duo bilden.<\/p>\n<\/div>\n<\/div>\n<\/div>\n<\/div>\n","protected":false},"featured_media":30822,"template":"","meta":{"om_disable_all_campaigns":false,"_monsterinsights_skip_tracking":false,"_monsterinsights_sitenote_active":false,"_monsterinsights_sitenote_note":"","_monsterinsights_sitenote_category":0},"product_brand":[],"product_cat":[109],"product_tag":[],"class_list":{"0":"post-30771","1":"product","2":"type-product","3":"status-publish","4":"has-post-thumbnail","6":"product_cat-neo-vintage-de","8":"first","9":"instock","10":"taxable","11":"shipping-taxable","12":"purchasable","13":"product-type-simple"},"aioseo_notices":[],"_links":{"self":[{"href":"https:\/\/chrono-scope.ch\/de\/wp-json\/wp\/v2\/product\/30771","targetHints":{"allow":["GET"]}}],"collection":[{"href":"https:\/\/chrono-scope.ch\/de\/wp-json\/wp\/v2\/product"}],"about":[{"href":"https:\/\/chrono-scope.ch\/de\/wp-json\/wp\/v2\/types\/product"}],"version-history":[{"count":4,"href":"https:\/\/chrono-scope.ch\/de\/wp-json\/wp\/v2\/product\/30771\/revisions"}],"predecessor-version":[{"id":30772,"href":"https:\/\/chrono-scope.ch\/de\/wp-json\/wp\/v2\/product\/30771\/revisions\/30772"}],"wp:featuredmedia":[{"embeddable":true,"href":"https:\/\/chrono-scope.ch\/de\/wp-json\/wp\/v2\/media\/30822"}],"wp:attachment":[{"href":"https:\/\/chrono-scope.ch\/de\/wp-json\/wp\/v2\/media?parent=30771"}],"wp:term":[{"taxonomy":"product_brand","embeddable":true,"href":"https:\/\/chrono-scope.ch\/de\/wp-json\/wp\/v2\/product_brand?post=30771"},{"taxonomy":"product_cat","embeddable":true,"href":"https:\/\/chrono-scope.ch\/de\/wp-json\/wp\/v2\/product_cat?post=30771"},{"taxonomy":"product_tag","embeddable":true,"href":"https:\/\/chrono-scope.ch\/de\/wp-json\/wp\/v2\/product_tag?post=30771"}],"curies":[{"name":"wp","href":"https:\/\/api.w.org\/{rel}","templated":true}]}}