{"id":30723,"date":"2025-10-31T16:43:36","date_gmt":"2025-10-31T16:43:36","guid":{"rendered":"https:\/\/chrono-scope.ch\/product\/iwc-automatic-ref-1827\/"},"modified":"2025-10-31T16:55:08","modified_gmt":"2025-10-31T16:55:08","slug":"iwc-automatic-ref-1827","status":"publish","type":"product","link":"https:\/\/chrono-scope.ch\/de\/produkt\/iwc-automatic-ref-1827\/","title":{"rendered":"IWC Automatic Ref. 1827"},"content":{"rendered":"<p style=\"text-align: left\"><strong>MODELL\/REFERENZ:<\/strong> IWC Automatikuhr, Referenz 1827. Das Geh\u00e4use ist nummeriert und datiert die Produktion auf die sp\u00e4ten 1960er oder fr\u00fchen 1970er Jahre. Inventarnummer: 250921-2<\/p>\n<p style=\"text-align: left\"><strong>ZIFFERBLATT + ZEIGER:<\/strong> Das tiefblaue Zifferblatt ist makellos und besticht durch ein attraktives Sonnenschliff-Finish. Das dezente Datumsfenster bei 3 Uhr verf\u00fcgt \u00fcber eine klare, dunkelblaue Scheibe.<\/p>\n<p style=\"text-align: left\">Der wei\u00dfe Aufdruck ist scharf und vollst\u00e4ndig und wird durch das applizierte Markenlogo sowie hochglanzpolierte Stundenmarkierungen erg\u00e4nzt, die einen Hauch von schimmerndem Glanz verleihen.<\/p>\n<p style=\"text-align: left\">Die originalen Zeiger sind in perfektem Zustand. Ihre Leuchteinlagen sind intakt und entsprechen der Farbe der Tritium-Punkte an den jeweiligen Markierungen. Der Leuchtpunkt bei 2 Uhr ist teilweise verblasst.<\/p>\n<p style=\"text-align: left\"><strong>GLAS:<\/strong> Das gew\u00f6lbte Plexiglas ist in gutem Zustand und weist nur minimale, feine Kratzer auf.<\/p>\n<p style=\"text-align: left\"><strong>GEH\u00c4USE:<\/strong> Das Edelstahlgeh\u00e4use in C-Form mit 35 mm Durchmesser sorgt f\u00fcr einen ausgewogenen und angenehmen Tragekomfort am Handgelenk. Die integrierten Bandanst\u00f6\u00dfe betonen die Gr\u00f6\u00dfe.<\/p>\n<p style=\"text-align: left\">Das Geh\u00e4use ist vermutlich unpoliert und hat seine urspr\u00fcngliche Form bewahrt. Es befindet sich in einem guten Gesamtzustand mit leichten, altersbedingten Gebrauchsspuren.<\/p>\n<p style=\"text-align: left\"><strong>GEH\u00c4USEBODEN:<\/strong> Der verschraubte Edelstahl-Geh\u00e4useboden hat eine markante vierzehneckige Form und weist einige feine Kratzer, aber keine gr\u00f6\u00dferen Besch\u00e4digungen auf. Sie besitzt noch immer ihr originales, konzentrisch geb\u00fcrstetes Finish und eine gut sichtbare, eingravierte Seriennummer.<\/p>\n<p style=\"text-align: left\"><strong>KRONE:<\/strong> Die Krone tr\u00e4gt das ikonische IWC-Fischlogo, das die Wasserdichtigkeit symbolisiert. Sie ist in gutem Zustand und funktioniert einwandfrei.<\/p>\n<p style=\"text-align: left\"><strong>UHRWERK:<\/strong> Kaliber 8541, Automatikwerk mit Datumsanzeige, signiert und nummeriert. Es wurde gepr\u00fcft, ist sauber und voll funktionsf\u00e4hig. Das Werk l\u00e4uft pr\u00e4zise, \u200b\u200bund das Datum wechselt um Mitternacht.<\/p>\n<p style=\"text-align: left\"><strong>ARMBAND:<\/strong> Kamelfarbenes Lederarmband mit Schnellwechselstegen und einer generischen Edelstahlschlie\u00dfe.<\/p>\n<p style=\"text-align: left\"><strong>ZUBEH\u00d6R:<\/strong> Uhrenetui<\/p>\n<p style=\"text-align: left\"><strong>GARANTIE:<\/strong> Wir garantieren die Echtheit der Uhr. Wir gew\u00e4hren au\u00dferdem 12 Monate Garantie auf die einwandfreie Funktion dieses Zeitmessers. Alle Garantien unterliegen den Allgemeinen Gesch\u00e4ftsbedingungen.<\/p>\n<p style=\"text-align: left\">Bei Fragen stehen wir Ihnen gerne zur Verf\u00fcgung. Eine pers\u00f6nliche oder virtuelle Besichtigung ist nach Vereinbarung m\u00f6glich.<\/p>\n","protected":false},"excerpt":{"rendered":"<p>Ob zu einem formellen Anlass oder in der Freizeit \u2013 diese <strong>IWC<\/strong> passt immer, denn sie vereint Eleganz und Sportlichkeit perfekt. In puncto Vielseitigkeit ist sie eine direkte Konkurrenz zur Rolex Datejust und zudem eine deutlich seltenere und erschwinglichere Alternative.<\/p>\n<p>Bitte lesen Sie den Zustandsbericht sorgf\u00e4ltig und sehen Sie sich die hochaufl\u00f6senden Bilder an, um den Gesamtzustand der Uhr zu beurteilen.<\/p>\n","protected":false},"featured_media":30717,"template":"","meta":{"om_disable_all_campaigns":false,"_monsterinsights_skip_tracking":false,"_monsterinsights_sitenote_active":false,"_monsterinsights_sitenote_note":"","_monsterinsights_sitenote_category":0},"product_brand":[],"product_cat":[81,74],"product_tag":[],"class_list":{"0":"post-30723","1":"product","2":"type-product","3":"status-publish","4":"has-post-thumbnail","6":"product_cat-iwc-de","7":"product_cat-vintage-de","9":"first","10":"instock","11":"taxable","12":"shipping-taxable","13":"purchasable","14":"product-type-simple"},"aioseo_notices":[],"_links":{"self":[{"href":"https:\/\/chrono-scope.ch\/de\/wp-json\/wp\/v2\/product\/30723","targetHints":{"allow":["GET"]}}],"collection":[{"href":"https:\/\/chrono-scope.ch\/de\/wp-json\/wp\/v2\/product"}],"about":[{"href":"https:\/\/chrono-scope.ch\/de\/wp-json\/wp\/v2\/types\/product"}],"version-history":[{"count":2,"href":"https:\/\/chrono-scope.ch\/de\/wp-json\/wp\/v2\/product\/30723\/revisions"}],"predecessor-version":[{"id":30725,"href":"https:\/\/chrono-scope.ch\/de\/wp-json\/wp\/v2\/product\/30723\/revisions\/30725"}],"wp:featuredmedia":[{"embeddable":true,"href":"https:\/\/chrono-scope.ch\/de\/wp-json\/wp\/v2\/media\/30717"}],"wp:attachment":[{"href":"https:\/\/chrono-scope.ch\/de\/wp-json\/wp\/v2\/media?parent=30723"}],"wp:term":[{"taxonomy":"product_brand","embeddable":true,"href":"https:\/\/chrono-scope.ch\/de\/wp-json\/wp\/v2\/product_brand?post=30723"},{"taxonomy":"product_cat","embeddable":true,"href":"https:\/\/chrono-scope.ch\/de\/wp-json\/wp\/v2\/product_cat?post=30723"},{"taxonomy":"product_tag","embeddable":true,"href":"https:\/\/chrono-scope.ch\/de\/wp-json\/wp\/v2\/product_tag?post=30723"}],"curies":[{"name":"wp","href":"https:\/\/api.w.org\/{rel}","templated":true}]}}