{"id":30687,"date":"2025-10-31T10:17:12","date_gmt":"2025-10-31T10:17:12","guid":{"rendered":"https:\/\/chrono-scope.ch\/product\/parmigiani-tondagraphe-gt-annual-calendar-chronograph-reference-pfc906-full-set\/"},"modified":"2026-03-02T12:53:22","modified_gmt":"2026-03-02T12:53:22","slug":"parmigiani-tondagraphe-gt-annual-calendar-chronograph-reference-pfc906-full-set","status":"publish","type":"product","link":"https:\/\/chrono-scope.ch\/de\/produkt\/parmigiani-tondagraphe-gt-annual-calendar-chronograph-reference-pfc906-full-set\/","title":{"rendered":"SOLD &#8211; Parmigiani Tondagraphe GT Annual Calendar Chronograph, reference PFC906 \u2013 Full Set"},"content":{"rendered":"<p style=\"text-align: left\"><strong>MODELL\/REFERENZ:<\/strong> Parmigiani Tondagraphe GT Jahreskalender-Chronograph, Referenz PFC906. Hergestellt im Jahr 2020. Weltweit auf 200 St\u00fcck limitiert. Inventarnummer: MM-22.<\/p>\n<p style=\"text-align: left\"><strong>ZUSTANDSBERICHT:<\/strong> Bitte beachten Sie die hochaufl\u00f6senden Bilder, um den Zustand der Uhr zu beurteilen.<\/p>\n<p style=\"text-align: left\"><strong>ZIFFERBLATT + ZEIGER:<\/strong><\/p>\n<p style=\"text-align: left\">Exzellentes, seidenmattes schwarzes Zifferblatt mit Guilloche-Muster und rhodinierten, applizierten Indizes.<\/p>\n<p style=\"text-align: left\"><strong>Aufdruck:<\/strong> Perfekt erhaltener wei\u00dfer und orangefarbener Aufdruck.<\/p>\n<p style=\"text-align: left\"><strong>Monats-<\/strong> und Gro\u00dfdatumsanzeige mit klaren Scheiben und orangefarbenen Akzenten.<\/p>\n<p style=\"text-align: left\">Rhodinierte, lanzettf\u00f6rmige Zeiger.<\/p>\n<p style=\"text-align: left\"><strong>GLAS:<\/strong> Saphirglas auf beiden Seiten des Geh\u00e4uses.<\/p>\n<p style=\"text-align: left\"><strong>L\u00dcNETTE:<\/strong> Geriffelte Stahll\u00fcnette in exzellentem Zustand.<\/p>\n<p style=\"text-align: left\"><strong>GEH\u00c4USE:<\/strong> 42 mm Edelstahlgeh\u00e4use in gutem Zustand. Minimale Gebrauchsspuren.<\/p>\n<p style=\"text-align: left\"><strong>GEH\u00c4USEBODEN:<\/strong> Sichtboden aus Edelstahl, mit vier Schrauben befestigt. Nummeriert und in sehr gutem Zustand.<\/p>\n<p style=\"text-align: left\"><strong>KRONE + DR\u00dcCKER:<\/strong> Signierte Krone und zwei Chronographendr\u00fccker. Funktion einwandfrei.<\/p>\n<p style=\"text-align: left\"><strong>UHRWERK:<\/strong> Rhodiniertes Automatikwerk Kaliber PF043 mit Chronographenfunktion, Jahreskalender mit Gro\u00dfdatum und 22-Karat-Goldrotor.<\/p>\n<p style=\"text-align: left\"><strong>BAND:<\/strong> Originales Stahlarmband in exzellentem Zustand mit signierter, verdeckter Faltschlie\u00dfe.<\/p>\n<p style=\"text-align: left\"><strong>ZUBEH\u00d6R:<\/strong> Komplettes Set: Innen- und Au\u00dfenbox, Garantiekarte, Bedienungsanleitung und Ersatzglieder.<\/p>\n<p style=\"text-align: left\"><strong>GARANTIE:<\/strong> Wir garantieren die Echtheit der Uhr. Zudem gew\u00e4hren wir 12 Monate Garantie auf die einwandfreie Funktion. Alle Garantien unterliegen den Allgemeinen Gesch\u00e4ftsbedingungen.<\/p>\n<p style=\"text-align: left\">Bei Fragen stehen wir Ihnen gerne zur Verf\u00fcgung.<\/p>\n","protected":false},"excerpt":{"rendered":"<p style=\"text-align: left\">Parmigiani Tondagraphe GT Jahreskalender-Chronograph, Referenz PFC906 \u2013 Komplettes Set<\/p>\n<p style=\"text-align: left\">Die Marke, die aus der Vision des Meisterrestaurators Michel Parmigiani hervorgegangen ist, hat sich stets der Unabh\u00e4ngigkeit verschrieben und fertigt alles selbst, bis hin zur kleinsten Schraube.<\/p>\n<p style=\"text-align: left\">Der Tondagraphe GT verk\u00f6rpert die Essenz der Bewegung und vereint Jahreskalender und Chronograph mit m\u00fcheloser Eleganz und mechanischer Raffinesse.<\/p>\n<p style=\"text-align: left\">Limitiert auf nur 200 St\u00fcck und als komplettes Set angeboten, bietet sich hier die seltene Gelegenheit, ein au\u00dfergew\u00f6hnliches St\u00fcck Haute Horlogerie zu tragen, in dem Intelligenz, Sch\u00f6nheit und Pr\u00e4zision f\u00fcr perfekte Zeitmessung sorgen.<\/p>\n","protected":false},"featured_media":30663,"template":"","meta":{"om_disable_all_campaigns":false,"_monsterinsights_skip_tracking":false,"_monsterinsights_sitenote_active":false,"_monsterinsights_sitenote_note":"","_monsterinsights_sitenote_category":0},"product_brand":[],"product_cat":[59,71],"product_tag":[],"class_list":{"0":"post-30687","1":"product","2":"type-product","3":"status-publish","4":"has-post-thumbnail","6":"product_cat-contemporary-de","7":"product_cat-verkaufte-uhren","9":"first","10":"instock","11":"taxable","12":"shipping-taxable","13":"purchasable","14":"product-type-simple"},"aioseo_notices":[],"_links":{"self":[{"href":"https:\/\/chrono-scope.ch\/de\/wp-json\/wp\/v2\/product\/30687","targetHints":{"allow":["GET"]}}],"collection":[{"href":"https:\/\/chrono-scope.ch\/de\/wp-json\/wp\/v2\/product"}],"about":[{"href":"https:\/\/chrono-scope.ch\/de\/wp-json\/wp\/v2\/types\/product"}],"version-history":[{"count":3,"href":"https:\/\/chrono-scope.ch\/de\/wp-json\/wp\/v2\/product\/30687\/revisions"}],"predecessor-version":[{"id":37010,"href":"https:\/\/chrono-scope.ch\/de\/wp-json\/wp\/v2\/product\/30687\/revisions\/37010"}],"wp:featuredmedia":[{"embeddable":true,"href":"https:\/\/chrono-scope.ch\/de\/wp-json\/wp\/v2\/media\/30663"}],"wp:attachment":[{"href":"https:\/\/chrono-scope.ch\/de\/wp-json\/wp\/v2\/media?parent=30687"}],"wp:term":[{"taxonomy":"product_brand","embeddable":true,"href":"https:\/\/chrono-scope.ch\/de\/wp-json\/wp\/v2\/product_brand?post=30687"},{"taxonomy":"product_cat","embeddable":true,"href":"https:\/\/chrono-scope.ch\/de\/wp-json\/wp\/v2\/product_cat?post=30687"},{"taxonomy":"product_tag","embeddable":true,"href":"https:\/\/chrono-scope.ch\/de\/wp-json\/wp\/v2\/product_tag?post=30687"}],"curies":[{"name":"wp","href":"https:\/\/api.w.org\/{rel}","templated":true}]}}