{"id":30546,"date":"2025-10-23T09:39:57","date_gmt":"2025-10-23T09:39:57","guid":{"rendered":"https:\/\/chrono-scope.ch\/product\/audemars-piguet-royal-oak-chronograph-26300st-panda-dial-ap-service-2025\/"},"modified":"2025-10-28T15:52:00","modified_gmt":"2025-10-28T15:52:00","slug":"audemars-piguet-royal-oak-chronograph-26300st-panda-dial-ap-service-2025","status":"publish","type":"product","link":"https:\/\/chrono-scope.ch\/de\/produkt\/audemars-piguet-royal-oak-chronograph-26300st-panda-dial-ap-service-2025\/","title":{"rendered":"Audemars Piguet Royal Oak Chronograph 26300ST Panda dial, AP service 2025"},"content":{"rendered":"<p style=\"text-align: left\"><strong>MODELL\/REFERENZ:<\/strong> Royal Oak Ref. 26300ST.OO.1110ST.06, Seriennummer H. Inventarnummer ST-31-06<\/p>\n<p style=\"text-align: left\"><strong>TECHNISCHE DATEN: ZUSTANDSBERICHT;<\/strong> bitte entnehmen Sie den Zustand der Uhr den hochaufl\u00f6senden Bildern.<\/p>\n<p style=\"text-align: left\"><strong>ZIFFERBLATT + ZEIGER:<\/strong><\/p>\n<ul style=\"text-align: left\">\n<li>Makelloses silbernes Zifferblatt mit Grande-Tapisserie-Muster<\/li>\n<li>Druck: klar<\/li>\n<li>Das Datumsrad ist sauber<\/li>\n<li>Intakter Zeigersatz<\/li>\n<\/ul>\n<p style=\"text-align: left\"><strong>GLAS:<\/strong> Saphirglas \u2013 im Rahmen der AP-Wartung ausgetauscht<\/p>\n<p style=\"text-align: left\"><strong>L\u00dcNETTE:<\/strong> Stahll\u00fcnette in ausgezeichnetem Zustand.<\/p>\n<p style=\"text-align: left\"><strong>GEH\u00c4USE:<\/strong> 39 mm Edelstahlgeh\u00e4use in ausgezeichnetem Zustand.<\/p>\n<p style=\"text-align: left\"><strong>GEH\u00c4USEBODEN:<\/strong> Edelstahlgeh\u00e4useboden, signiert und nummeriert.<\/p>\n<p style=\"text-align: left\"><strong>KRONE:<\/strong> Signierte achteckige Krone.<\/p>\n<p style=\"text-align: left\"><strong>UHRWERK:<\/strong> Chronographenwerk mit Automatikaufzug AP 2385, basierend auf einem Fr\u00e9d\u00e9ric Piguet Kaliber 1185. Es wurde im September 2025 von AP vollst\u00e4ndig gewartet.<\/p>\n<p style=\"text-align: left\"><strong>ARMBAND:<\/strong> Originales Stahlarmband in ausgezeichnetem Zustand. Die Doppelfaltschlie\u00dfe tr\u00e4gt das AP-Logo. Das Armband passt um ein Handgelenk von ca. 17 cm. Ersatzglieder sind auf Anfrage erh\u00e4ltlich.<\/p>\n<p style=\"text-align: left\"><strong>ZUBEH\u00d6R:<\/strong> AP-Servicebox, AP-Servicedokumente.<\/p>\n<p style=\"text-align: left\"><strong>GARANTIE:<\/strong> Wir garantieren die Echtheit der Uhr. Zus\u00e4tzlich gew\u00e4hren wir 24 Monate Garantie auf die einwandfreie Funktion dieser Uhr. F\u00fcr alle Garantien gelten die Allgemeinen Gesch\u00e4ftsbedingungen. Bei Fragen stehen wir Ihnen gerne zur Verf\u00fcgung.<\/p>\n","protected":false},"excerpt":{"rendered":"<p style=\"text-align: left\"><strong>Audemars Piguet Royal Oak Chronograph 26300ST Panda-Zifferblatt<\/strong>, AP-Service 2025. Wir bieten Ihnen einen Neo-Vintage AP Royal Oak Chronographen Ref. 26300ST aus dem Jahr ca. 2010 in hervorragendem Zustand an. Dieses Modell verf\u00fcgt \u00fcber das klassische 39-mm-Geh\u00e4use, das nicht mehr produziert wird. Im September 2025 wurde ein vollst\u00e4ndiger AP-Service f\u00fcr \u00fcber 2500 Euro durchgef\u00fchrt.<\/p>\n","protected":false},"featured_media":30537,"template":"","meta":{"om_disable_all_campaigns":false,"_monsterinsights_skip_tracking":false,"_monsterinsights_sitenote_active":false,"_monsterinsights_sitenote_note":"","_monsterinsights_sitenote_category":0},"product_brand":[],"product_cat":[295,109],"product_tag":[],"class_list":{"0":"post-30546","1":"product","2":"type-product","3":"status-publish","4":"has-post-thumbnail","6":"product_cat-ap-de","7":"product_cat-neo-vintage-de","9":"first","10":"instock","11":"taxable","12":"shipping-taxable","13":"purchasable","14":"product-type-simple"},"aioseo_notices":[],"_links":{"self":[{"href":"https:\/\/chrono-scope.ch\/de\/wp-json\/wp\/v2\/product\/30546","targetHints":{"allow":["GET"]}}],"collection":[{"href":"https:\/\/chrono-scope.ch\/de\/wp-json\/wp\/v2\/product"}],"about":[{"href":"https:\/\/chrono-scope.ch\/de\/wp-json\/wp\/v2\/types\/product"}],"version-history":[{"count":3,"href":"https:\/\/chrono-scope.ch\/de\/wp-json\/wp\/v2\/product\/30546\/revisions"}],"predecessor-version":[{"id":30596,"href":"https:\/\/chrono-scope.ch\/de\/wp-json\/wp\/v2\/product\/30546\/revisions\/30596"}],"wp:featuredmedia":[{"embeddable":true,"href":"https:\/\/chrono-scope.ch\/de\/wp-json\/wp\/v2\/media\/30537"}],"wp:attachment":[{"href":"https:\/\/chrono-scope.ch\/de\/wp-json\/wp\/v2\/media?parent=30546"}],"wp:term":[{"taxonomy":"product_brand","embeddable":true,"href":"https:\/\/chrono-scope.ch\/de\/wp-json\/wp\/v2\/product_brand?post=30546"},{"taxonomy":"product_cat","embeddable":true,"href":"https:\/\/chrono-scope.ch\/de\/wp-json\/wp\/v2\/product_cat?post=30546"},{"taxonomy":"product_tag","embeddable":true,"href":"https:\/\/chrono-scope.ch\/de\/wp-json\/wp\/v2\/product_tag?post=30546"}],"curies":[{"name":"wp","href":"https:\/\/api.w.org\/{rel}","templated":true}]}}