{"id":30495,"date":"2025-10-21T18:33:59","date_gmt":"2025-10-21T18:33:59","guid":{"rendered":"https:\/\/chrono-scope.ch\/product\/audemars-piguet-royal-oak-mk-2-long-indexes-serviced\/"},"modified":"2026-03-30T18:36:55","modified_gmt":"2026-03-30T18:36:55","slug":"audemars-piguet-royal-oak-mk-2-long-indexes-serviced","status":"publish","type":"product","link":"https:\/\/chrono-scope.ch\/de\/produkt\/audemars-piguet-royal-oak-mk-2-long-indexes-serviced\/","title":{"rendered":"SOLD &#8211; Audemars Piguet Royal Oak 14790ST MK 2 long indexes, serviced"},"content":{"rendered":"<p style=\"text-align: left;\"><strong>MODELL\/REFERENZ:<\/strong> Royal Oak Ref. 14790ST, Seriennummer D. Inventarnummer 250923-2<\/p>\n<p style=\"text-align: left;\"><strong>TECHNISCHE DATEN: ZUSTANDSBERICHT;<\/strong> bitte entnehmen Sie den Zustand der Uhr den hochaufl\u00f6senden Bildern.<\/p>\n<p style=\"text-align: left;\"><strong>ZIFFERBLATT + ZEIGER:<\/strong><\/p>\n<ul style=\"text-align: left;\">\n<li>Makelloses blaues MK 2-Zifferblatt mit Petite Tapisserie-Muster und langen Indexen.<\/li>\n<li>Druck: klar<\/li>\n<li>Das Datumsrad ist sauber<\/li>\n<li>Intakter Zeigersatz mit originaler Tritium-Leuchtmasse<\/li>\n<\/ul>\n<p style=\"text-align: left;\"><strong>GLAS:<\/strong> Saphirglas<\/p>\n<p style=\"text-align: left;\"><strong>L\u00dcNETTE:<\/strong> Stahll\u00fcnette in sehr gutem Zustand<\/p>\n<p style=\"text-align: left;\"><strong>GEH\u00c4USE:<\/strong> 36,5 mm Edelstahlgeh\u00e4use in sehr gutem Zustand mit leichten Gebrauchsspuren. Gestochen scharfes Geh\u00e4use.<\/p>\n<p style=\"text-align: left;\"><strong>GEH\u00c4USEBODEN:<\/strong> Edelstahlboden, signiert und nummeriert.<\/p>\n<p style=\"text-align: left;\"><strong>KRONE:<\/strong> Unsignierte, korrekte achteckige Krone.<\/p>\n<p style=\"text-align: left;\"><strong>UHRWERK:<\/strong> Automatikwerk AP Kal. 2225 in sehr gutem und voll funktionsf\u00e4higem Zustand. Die Uhr verf\u00fcgt \u00fcber eine Datumsschnellschaltung. Das Datum wechselt um Mitternacht. Das Uhrwerk wurde im April 2025 vollst\u00e4ndig gewartet. Es l\u00e4uft einwandfrei und zeigt die genaue Zeit an.<\/p>\n<p style=\"text-align: left;\"><strong>ARMBAND:<\/strong> Originales Stahlarmband in ausgezeichnetem Zustand mit nur leichten Oberfl\u00e4chenspuren. Die Doppelfaltschlie\u00dfe tr\u00e4gt das AP-Logo. Das Armband passt f\u00fcr ein Handgelenk von ca. 17 cm. Ersatzglieder sind auf Anfrage erh\u00e4ltlich.<\/p>\n<p style=\"text-align: left;\"><strong>ZUBEH\u00d6R:<\/strong> Originale Pr\u00e4sentationsbox, AP-Stammauszug.<\/p>\n<p style=\"text-align: left;\"><strong>GARANTIE:<\/strong> Wir garantieren die Echtheit der Uhr. Wir gew\u00e4hren au\u00dferdem eine 12-monatige Garantie auf die einwandfreie Funktion dieser Uhr. F\u00fcr alle Garantien gelten die Allgemeinen Gesch\u00e4ftsbedingungen. Bei Fragen stehen wir Ihnen gerne zur Verf\u00fcgung.<\/p>\n","protected":false},"excerpt":{"rendered":"<p style=\"text-align: left;\">Wir bieten Ihnen eine <strong>Neo-Vintage AP Royal Oak Ref. 14790ST<\/strong> aus dem Jahr 1998 in hervorragendem Zustand an. Das Geh\u00e4use ist noch immer messerscharf, und das blaue \u201ePetite Tapisserie\u201c-Zifferblatt ist wundersch\u00f6n erhalten. Zifferblatt, Krone, Geh\u00e4useboden, Uhrwerk und Armband sind mit AP signiert. Die Royal Oak wurde 2025 gewartet und wird mit einem Archivauszug sowie 12 Monaten Garantie geliefert.<\/p>\n","protected":false},"featured_media":30459,"template":"","meta":{"om_disable_all_campaigns":false,"_monsterinsights_skip_tracking":false,"_monsterinsights_sitenote_active":false,"_monsterinsights_sitenote_note":"","_monsterinsights_sitenote_category":0},"product_brand":[],"product_cat":[295,109],"product_tag":[],"class_list":{"0":"post-30495","1":"product","2":"type-product","3":"status-publish","4":"has-post-thumbnail","6":"product_cat-ap-de","7":"product_cat-neo-vintage-de","9":"first","10":"instock","11":"taxable","12":"shipping-taxable","13":"purchasable","14":"product-type-simple"},"aioseo_notices":[],"_links":{"self":[{"href":"https:\/\/chrono-scope.ch\/de\/wp-json\/wp\/v2\/product\/30495","targetHints":{"allow":["GET"]}}],"collection":[{"href":"https:\/\/chrono-scope.ch\/de\/wp-json\/wp\/v2\/product"}],"about":[{"href":"https:\/\/chrono-scope.ch\/de\/wp-json\/wp\/v2\/types\/product"}],"version-history":[{"count":5,"href":"https:\/\/chrono-scope.ch\/de\/wp-json\/wp\/v2\/product\/30495\/revisions"}],"predecessor-version":[{"id":37982,"href":"https:\/\/chrono-scope.ch\/de\/wp-json\/wp\/v2\/product\/30495\/revisions\/37982"}],"wp:featuredmedia":[{"embeddable":true,"href":"https:\/\/chrono-scope.ch\/de\/wp-json\/wp\/v2\/media\/30459"}],"wp:attachment":[{"href":"https:\/\/chrono-scope.ch\/de\/wp-json\/wp\/v2\/media?parent=30495"}],"wp:term":[{"taxonomy":"product_brand","embeddable":true,"href":"https:\/\/chrono-scope.ch\/de\/wp-json\/wp\/v2\/product_brand?post=30495"},{"taxonomy":"product_cat","embeddable":true,"href":"https:\/\/chrono-scope.ch\/de\/wp-json\/wp\/v2\/product_cat?post=30495"},{"taxonomy":"product_tag","embeddable":true,"href":"https:\/\/chrono-scope.ch\/de\/wp-json\/wp\/v2\/product_tag?post=30495"}],"curies":[{"name":"wp","href":"https:\/\/api.w.org\/{rel}","templated":true}]}}