{"id":30434,"date":"2025-10-20T16:42:43","date_gmt":"2025-10-20T16:42:43","guid":{"rendered":"https:\/\/chrono-scope.ch\/product\/franck-muller-long-island-crazy-hours-color-dreams-ref-1200-ch-first-owner-watch-2\/"},"modified":"2025-10-20T16:51:58","modified_gmt":"2025-10-20T16:51:58","slug":"franck-muller-long-island-crazy-hours-color-dreams-ref-1200-ch-first-owner-watch-2","status":"publish","type":"product","link":"https:\/\/chrono-scope.ch\/de\/produkt\/franck-muller-long-island-crazy-hours-color-dreams-ref-1200-ch-first-owner-watch-2\/","title":{"rendered":"Franck Muller Long Island Crazy Hours \u201cColor Dreams\u201d Ref. 1200 CH first owner watch"},"content":{"rendered":"<p style=\"text-align: left\"><strong>MODELL \/ REFERENZ:<\/strong> Franck Muller Crazy Hours \u201eColor Dreams\u201c, Referenz 1200 CH. Artikelnummer: SAS-34-28.<\/p>\n<p style=\"text-align: left\"><strong>ZUSTANDSBERICHT:<\/strong> Bitte beachten Sie die unver\u00e4nderten hochaufl\u00f6senden Bilder, um den Zustand der Uhr zu beurteilen.<\/p>\n<p style=\"text-align: left\"><strong>ZIFFERBLATT:<\/strong> Guillochiertes blaues Zifferblatt mit farbenfrohen Akzenten, insbesondere auf den aufgemalten arabischen Leuchtziffern.<\/p>\n<p style=\"text-align: left\"><strong>ZEIGER:<\/strong> Leuchtende, unterteilte Zeiger in hervorragendem Zustand.<\/p>\n<p style=\"text-align: left\"><strong>GLAS:<\/strong> Das Saphirglas ist in perfektem Zustand.<\/p>\n<p style=\"text-align: left\"><strong>GEH\u00c4USE:<\/strong> Das rechteckige Edelstahlgeh\u00e4use weist Gebrauchsspuren auf, die auf eine schonende Nutzung der Uhr zur\u00fcckzuf\u00fchren sind. Mit seinem sanft geschwungenen Profil misst es 32 mm im Durchmesser und 45 mm von Bandansto\u00df zu Bandansto\u00df.<\/p>\n<p style=\"text-align: left\"><strong>GEH\u00c4USEBODEN:<\/strong> Edelstahlboden in sehr gutem Zustand. Signiert und nummeriert. Die Oberfl\u00e4che weist keine gr\u00f6\u00dferen Kratzer auf.<\/p>\n<p style=\"text-align: left\"><strong>KRONE:<\/strong> Original signierte Krone, die einwandfrei funktioniert.<\/p>\n<p style=\"text-align: left\"><strong>UHRWERK:<\/strong> Signiertes Automatikwerk Kal. 2800 V. Gepr\u00fcft, daher genaue Zeitanzeige.<\/p>\n<p style=\"text-align: left\"><strong>ARMBAND:<\/strong> Blaues Krokodillederarmband mit Schnellverschluss und signierter Edelstahl-Dornschlie\u00dfe.<\/p>\n<p style=\"text-align: left\"><strong>ZUBEH\u00d6R:<\/strong> Originale schwarze Lederbox mit Umverpackung.<\/p>\n<p style=\"text-align: left\"><strong>GARANTIE:<\/strong> Wir garantieren die Echtheit der Uhr. Wir gew\u00e4hren au\u00dferdem 12 Monate Garantie auf die einwandfreie Funktion dieser Uhr. F\u00fcr alle Garantien gelten die Allgemeinen Gesch\u00e4ftsbedingungen. Bei Fragen stehen wir Ihnen gerne zur Verf\u00fcgung. Eine pers\u00f6nliche oder virtuelle Besichtigung ist nach Vereinbarung m\u00f6glich.<\/p>\n","protected":false},"excerpt":{"rendered":"<p style=\"text-align: left\"><strong>Franck Muller Crazy Hours \u201eColor Dreams\u201c Ref. 1200 CH \u2013 Uhr aus erster Hand<\/strong><\/p>\n<p style=\"text-align: left\">Diese Franck Muller Uhr macht das Ablesen der Zeit zu einem spielerischen R\u00e4tsel. Jede leuchtende Ziffer tanzt durcheinander, doch das ausgekl\u00fcgelte Uhrwerk beh\u00e4lt die perfekte Spur und springt mit theatralischem Flair von Stunde zu Stunde. Das ist Franck Mullers Genie: Wahnsinn am Handgelenk wie pure Magie wirken zu lassen, und wir wagen zu behaupten: \u201eChaos\u201c sah noch nie so gut aus! Die Uhr stammt vom Erstbesitzer. Bitte beachten Sie die hochaufl\u00f6senden Bilder, um den Zustand der Uhr zu beurteilen.<\/p>\n","protected":false},"featured_media":30410,"template":"","meta":{"om_disable_all_campaigns":false,"_monsterinsights_skip_tracking":false,"_monsterinsights_sitenote_active":false,"_monsterinsights_sitenote_note":"","_monsterinsights_sitenote_category":0},"product_brand":[],"product_cat":[59],"product_tag":[],"class_list":{"0":"post-30434","1":"product","2":"type-product","3":"status-publish","4":"has-post-thumbnail","6":"product_cat-contemporary-de","8":"first","9":"instock","10":"taxable","11":"shipping-taxable","12":"purchasable","13":"product-type-simple"},"aioseo_notices":[],"_links":{"self":[{"href":"https:\/\/chrono-scope.ch\/de\/wp-json\/wp\/v2\/product\/30434","targetHints":{"allow":["GET"]}}],"collection":[{"href":"https:\/\/chrono-scope.ch\/de\/wp-json\/wp\/v2\/product"}],"about":[{"href":"https:\/\/chrono-scope.ch\/de\/wp-json\/wp\/v2\/types\/product"}],"version-history":[{"count":2,"href":"https:\/\/chrono-scope.ch\/de\/wp-json\/wp\/v2\/product\/30434\/revisions"}],"predecessor-version":[{"id":30436,"href":"https:\/\/chrono-scope.ch\/de\/wp-json\/wp\/v2\/product\/30434\/revisions\/30436"}],"wp:featuredmedia":[{"embeddable":true,"href":"https:\/\/chrono-scope.ch\/de\/wp-json\/wp\/v2\/media\/30410"}],"wp:attachment":[{"href":"https:\/\/chrono-scope.ch\/de\/wp-json\/wp\/v2\/media?parent=30434"}],"wp:term":[{"taxonomy":"product_brand","embeddable":true,"href":"https:\/\/chrono-scope.ch\/de\/wp-json\/wp\/v2\/product_brand?post=30434"},{"taxonomy":"product_cat","embeddable":true,"href":"https:\/\/chrono-scope.ch\/de\/wp-json\/wp\/v2\/product_cat?post=30434"},{"taxonomy":"product_tag","embeddable":true,"href":"https:\/\/chrono-scope.ch\/de\/wp-json\/wp\/v2\/product_tag?post=30434"}],"curies":[{"name":"wp","href":"https:\/\/api.w.org\/{rel}","templated":true}]}}