{"id":30396,"date":"2025-10-20T14:34:58","date_gmt":"2025-10-20T14:34:58","guid":{"rendered":"https:\/\/chrono-scope.ch\/product\/franck-muller-long-island-crazy-hours-color-dreams-ref-1200-ch-first-owner-watch\/"},"modified":"2025-10-21T09:22:54","modified_gmt":"2025-10-21T09:22:54","slug":"franck-muller-long-island-crazy-hours-color-dreams-ref-1200-ch-first-owner-watch","status":"publish","type":"product","link":"https:\/\/chrono-scope.ch\/de\/produkt\/franck-muller-long-island-crazy-hours-color-dreams-ref-1200-ch-first-owner-watch\/","title":{"rendered":"Franck Muller Long Island Crazy Hours \u201cColor Dreams\u201d Ref. 1200 CH first owner watch"},"content":{"rendered":"<p style=\"text-align: left\"><strong>MODELL\/REFERENZ:<\/strong> Franck Muller Crazy Hours \u201eColor Dreams\u201c, Referenz 1200 CH. Artikelnummer: SAS-34-39.<\/p>\n<p style=\"text-align: left\"><strong>ZIFFERBLATT:<\/strong> Guillochiertes silbernes Zifferblatt mit schwarzem Aufdruck und farbenfrohen Akzenten, insbesondere auf den aufgemalten arabischen Leuchtziffern.<\/p>\n<p style=\"text-align: left\"><strong>ZEIGER:<\/strong> Leuchtende Blattzeiger aus gebl\u00e4utem Stahl in ausgezeichnetem Zustand.<\/p>\n<p style=\"text-align: left\"><strong>GLAS:<\/strong> Das Saphirglas ist in einwandfreiem Zustand.<\/p>\n<p style=\"text-align: left\"><strong>GEH\u00c4USE:<\/strong> Das rechteckige Edelstahlgeh\u00e4use weist Gebrauchsspuren auf, die auf eine schonende Nutzung der Uhr zur\u00fcckzuf\u00fchren sind. Mit seinem sanft geschwungenen Profil misst es 32 mm im Durchmesser und 45 mm von Bandansto\u00df zu Bandansto\u00df.<\/p>\n<p style=\"text-align: left\"><strong>GEH\u00c4USEBODEN:<\/strong> Der Edelstahlboden ist in sehr gutem Zustand. Er ist signiert und nummeriert. Die Oberfl\u00e4che weist keine gr\u00f6\u00dferen Kratzer auf.<\/p>\n<p style=\"text-align: left\"><strong>KRONE:<\/strong> Die originale, signierte Krone funktioniert einwandfrei.<\/p>\n<p style=\"text-align: left\"><strong>UHRWERK:<\/strong> Signiertes Kaliber 2800 V, Automatikwerk. Es wurde gepr\u00fcft und zeigt daher die genaue Zeit an.<\/p>\n<p style=\"text-align: left\"><strong>ARMBAND:<\/strong> Burgunderfarbenes Krokodillederarmband mit signierter Edelstahl-Dornschlie\u00dfe.<\/p>\n<p style=\"text-align: left\"><strong>ZUBEH\u00d6R:<\/strong> Originale schwarze Lederbox in gutem Zustand, komplett mit Umkarton und Garantiezertifikat.<\/p>\n<p style=\"text-align: left\"><strong>GARANTIE:<\/strong> Wir garantieren die Echtheit der Uhr. Wir gew\u00e4hren au\u00dferdem 12 Monate Garantie auf die einwandfreie Funktion dieser Uhr. Alle Garantien unterliegen den Allgemeinen Gesch\u00e4ftsbedingungen. Bei Fragen stehen wir Ihnen gerne zur Verf\u00fcgung. Eine pers\u00f6nliche oder virtuelle Besichtigung ist nach Vereinbarung m\u00f6glich.<\/p>\n","protected":false},"excerpt":{"rendered":"<p style=\"text-align: left\"><strong>Franck Muller Crazy Hours \u201eColor Dreams\u201c Ref. 1200 CH \u2013 Erstbesitzeruhr<\/strong><\/p>\n<p style=\"text-align: left\">Zeit sollte nie linear verlaufen, zumindest nicht in Franck Mullers Welt. Die Crazy Hours bricht mit allen Konventionen: Ihr Zifferblatt tanzt nach ihrem eigenen Rhythmus, wo Zahlen sich der Ordnung verweigern und Freude die Logik \u00fcberlagert. Ihre lebendige Farbpalette und die skurrile Anzeige verk\u00f6rpern den reinsten Ausdruck uhrmacherischer Kreativit\u00e4t! Die Uhr stammt von ihrem Erstbesitzer und wurde urspr\u00fcnglich in der Franck Muller Boutique in Genf verkauft.<\/p>\n<p style=\"text-align: left\">Bitte beachten Sie die unver\u00e4nderten hochaufl\u00f6senden Bilder, um den Zustand der Uhr zu beurteilen.<\/p>\n","protected":false},"featured_media":30394,"template":"","meta":{"om_disable_all_campaigns":false,"_monsterinsights_skip_tracking":false,"_monsterinsights_sitenote_active":false,"_monsterinsights_sitenote_note":"","_monsterinsights_sitenote_category":0},"product_brand":[],"product_cat":[59],"product_tag":[],"class_list":{"0":"post-30396","1":"product","2":"type-product","3":"status-publish","4":"has-post-thumbnail","6":"product_cat-contemporary-de","8":"first","9":"instock","10":"taxable","11":"shipping-taxable","12":"purchasable","13":"product-type-simple"},"aioseo_notices":[],"_links":{"self":[{"href":"https:\/\/chrono-scope.ch\/de\/wp-json\/wp\/v2\/product\/30396","targetHints":{"allow":["GET"]}}],"collection":[{"href":"https:\/\/chrono-scope.ch\/de\/wp-json\/wp\/v2\/product"}],"about":[{"href":"https:\/\/chrono-scope.ch\/de\/wp-json\/wp\/v2\/types\/product"}],"version-history":[{"count":2,"href":"https:\/\/chrono-scope.ch\/de\/wp-json\/wp\/v2\/product\/30396\/revisions"}],"predecessor-version":[{"id":30439,"href":"https:\/\/chrono-scope.ch\/de\/wp-json\/wp\/v2\/product\/30396\/revisions\/30439"}],"wp:featuredmedia":[{"embeddable":true,"href":"https:\/\/chrono-scope.ch\/de\/wp-json\/wp\/v2\/media\/30394"}],"wp:attachment":[{"href":"https:\/\/chrono-scope.ch\/de\/wp-json\/wp\/v2\/media?parent=30396"}],"wp:term":[{"taxonomy":"product_brand","embeddable":true,"href":"https:\/\/chrono-scope.ch\/de\/wp-json\/wp\/v2\/product_brand?post=30396"},{"taxonomy":"product_cat","embeddable":true,"href":"https:\/\/chrono-scope.ch\/de\/wp-json\/wp\/v2\/product_cat?post=30396"},{"taxonomy":"product_tag","embeddable":true,"href":"https:\/\/chrono-scope.ch\/de\/wp-json\/wp\/v2\/product_tag?post=30396"}],"curies":[{"name":"wp","href":"https:\/\/api.w.org\/{rel}","templated":true}]}}