{"id":30354,"date":"2025-10-20T13:26:26","date_gmt":"2025-10-20T13:26:26","guid":{"rendered":"https:\/\/chrono-scope.ch\/product\/graham-chronofighter-chronograph-r-a-c-reference-2crbs\/"},"modified":"2025-10-20T13:45:58","modified_gmt":"2025-10-20T13:45:58","slug":"graham-chronofighter-chronograph-r-a-c-reference-2crbs","status":"publish","type":"product","link":"https:\/\/chrono-scope.ch\/de\/produkt\/graham-chronofighter-chronograph-r-a-c-reference-2crbs\/","title":{"rendered":"Graham Chronofighter Chronograph R.A.C Reference 2CRBS"},"content":{"rendered":"<p style=\"text-align: left\"><strong>MODELL\/REFERENZ:<\/strong> Graham Chronofighter R.A.C. Chronograph aus Edelstahl, Referenz 2CRBS. Die Seriennummer des Geh\u00e4uses lautet 424. Artikelnummer: SAS-34-34.<\/p>\n<p style=\"text-align: left\"><strong>ZUSTANDSBERICHT:<\/strong> Bitte beachten Sie die unver\u00e4nderten hochaufl\u00f6senden Bilder, um den Zustand der Uhr zu beurteilen.<\/p>\n<p style=\"text-align: left\"><strong>ZIFFERBLATT:<\/strong> Silbernes Bicompax-Zifferblatt mit guillochierten gro\u00dfen Ziffern, aufgemalten arabischen Leuchtziffern bei 6 und 12 Uhr sowie Leuchtpunkten. Das Datumsfenster befindet sich bei 7 Uhr.<\/p>\n<p style=\"text-align: left\"><strong>ZEIGER:<\/strong> Originale Leuchtzeiger in neuwertigem Zustand.<\/p>\n<p style=\"text-align: left\"><strong>GLAS:<\/strong> Das Saphirglas ist in perfektem Zustand.<\/p>\n<p style=\"text-align: left\"><strong>GEH\u00c4USE:<\/strong> Das Edelstahlgeh\u00e4use weist leichte, altersbedingte Gebrauchsspuren auf. Der Durchmesser betr\u00e4gt 43 mm, ohne den beeindruckenden Kronenschutz und den Dr\u00fccker auf der linken Seite.<\/p>\n<p style=\"text-align: left\"><strong>GEH\u00c4USEBODEN:<\/strong> Edelstahlboden in gutem Zustand. Er ist nummeriert, und der mittlere Teil ist durch ein Saphirglas durchsichtig. Die Oberfl\u00e4che weist verschiedene Gebrauchsspuren auf.<\/p>\n<p style=\"text-align: left\"><strong>KRONE &amp; DR\u00dcCKER:<\/strong> Originale Stahlkrone und passender Pumpendr\u00fccker bei 10 Uhr. Sie funktionieren einwandfrei.<\/p>\n<p style=\"text-align: left\"><strong>UHRWERK:<\/strong> Automatik-Chronographenwerk, Kal. G1742, mit Datumsanzeige und 24 Steinen. Es zeigt die genaue Zeit an, und alle Funktionen funktionieren einwandfrei.<\/p>\n<p style=\"text-align: left\"><strong>BAND:<\/strong> Braunes Lederarmband mit signierter Edelstahlschlie\u00dfe mit Doppelverschluss.<\/p>\n<p style=\"text-align: left\"><strong>ZUBEH\u00d6R:<\/strong> Komplettset mit Zertifikat und Garantie.<\/p>\n<p style=\"text-align: left\"><strong>GARANTIE:<\/strong> Wir garantieren die Echtheit der Uhr. Wir gew\u00e4hren au\u00dferdem 12 Monate Garantie auf die einwandfreie Funktion dieser Uhr. F\u00fcr alle Garantien gelten die Allgemeinen Gesch\u00e4ftsbedingungen.<\/p>\n<p style=\"text-align: left\">Bei Fragen stehen wir Ihnen gerne zur Verf\u00fcgung. Eine pers\u00f6nliche oder virtuelle Besichtigung ist nach Vereinbarung m\u00f6glich.<\/p>\n","protected":false},"excerpt":{"rendered":"<p style=\"text-align: left\">Ein Zeitmesser, der seine K\u00fchnheit am linken Handgelenk zur Schau tr\u00e4gt. Dieser Graham Chronofighter ist eine Hommage an die fr\u00fchen Milit\u00e4rstoppuhren, bei denen eine sofortige Reaktion alles war.<\/p>\n<p style=\"text-align: left\">Das charakteristische Hebel-Chronographensystem, heute ein Markenzeichen von Graham, macht die Zeitmessung zu einem taktilen Ritual. Unter dem Vintage-inspirierten Zifferblatt schl\u00e4gt Schweizer Pr\u00e4zision, umrahmt vom robusten Charme polierten Stahls.<\/p>\n<p style=\"text-align: left\">Bitte beachten Sie die hochaufl\u00f6senden Bilder, um den Zustand der Uhr zu beurteilen.<\/p>\n","protected":false},"featured_media":30344,"template":"","meta":{"om_disable_all_campaigns":false,"_monsterinsights_skip_tracking":false,"_monsterinsights_sitenote_active":false,"_monsterinsights_sitenote_note":"","_monsterinsights_sitenote_category":0},"product_brand":[],"product_cat":[59],"product_tag":[],"class_list":{"0":"post-30354","1":"product","2":"type-product","3":"status-publish","4":"has-post-thumbnail","6":"product_cat-contemporary-de","8":"first","9":"instock","10":"taxable","11":"shipping-taxable","12":"purchasable","13":"product-type-simple"},"aioseo_notices":[],"_links":{"self":[{"href":"https:\/\/chrono-scope.ch\/de\/wp-json\/wp\/v2\/product\/30354","targetHints":{"allow":["GET"]}}],"collection":[{"href":"https:\/\/chrono-scope.ch\/de\/wp-json\/wp\/v2\/product"}],"about":[{"href":"https:\/\/chrono-scope.ch\/de\/wp-json\/wp\/v2\/types\/product"}],"version-history":[{"count":2,"href":"https:\/\/chrono-scope.ch\/de\/wp-json\/wp\/v2\/product\/30354\/revisions"}],"predecessor-version":[{"id":30356,"href":"https:\/\/chrono-scope.ch\/de\/wp-json\/wp\/v2\/product\/30354\/revisions\/30356"}],"wp:featuredmedia":[{"embeddable":true,"href":"https:\/\/chrono-scope.ch\/de\/wp-json\/wp\/v2\/media\/30344"}],"wp:attachment":[{"href":"https:\/\/chrono-scope.ch\/de\/wp-json\/wp\/v2\/media?parent=30354"}],"wp:term":[{"taxonomy":"product_brand","embeddable":true,"href":"https:\/\/chrono-scope.ch\/de\/wp-json\/wp\/v2\/product_brand?post=30354"},{"taxonomy":"product_cat","embeddable":true,"href":"https:\/\/chrono-scope.ch\/de\/wp-json\/wp\/v2\/product_cat?post=30354"},{"taxonomy":"product_tag","embeddable":true,"href":"https:\/\/chrono-scope.ch\/de\/wp-json\/wp\/v2\/product_tag?post=30354"}],"curies":[{"name":"wp","href":"https:\/\/api.w.org\/{rel}","templated":true}]}}