{"id":30321,"date":"2025-10-20T08:53:22","date_gmt":"2025-10-20T08:53:22","guid":{"rendered":"https:\/\/chrono-scope.ch\/product\/graham-chronofighter-graham-chronofighter-r-a-c-ref-2msbr-18k-gold\/"},"modified":"2026-04-17T16:13:39","modified_gmt":"2026-04-17T16:13:39","slug":"graham-chronofighter-graham-chronofighter-r-a-c-ref-2msbr-18k-gold","status":"publish","type":"product","link":"https:\/\/chrono-scope.ch\/de\/produkt\/graham-chronofighter-graham-chronofighter-r-a-c-ref-2msbr-18k-gold\/","title":{"rendered":"SOLD &#8211; Graham Chronofighter Graham Chronofighter R.A.C Ref. 2MSBR 18k gold"},"content":{"rendered":"<p style=\"text-align: left\"><strong>MODELL \/ REFERENZ:<\/strong> Graham Chronofighter R.A.C Chronograph in 18 Karat Rotgold, Referenz 2MSBR. Die Seriennummer des Geh\u00e4uses lautet 32. Artikelnummer: SAS-34-25<\/p>\n<p style=\"text-align: left\"><strong>ZUSTANDSBERICHT:<\/strong> Bitte beachten Sie die unver\u00e4nderten hochaufl\u00f6senden Bilder, um den Zustand der Uhr zu beurteilen.<\/p>\n<p style=\"text-align: left\"><strong>ZIFFERBLATT:<\/strong> Panda-Bicompax-Zifferblatt mit gro\u00dfen guillochierten Ziffern, aufgemalten arabischen Leuchtziffern bei 6 und 12 Uhr sowie Leuchtpunkten. Ein Datumsfenster befindet sich bei 7 Uhr.<\/p>\n<p style=\"text-align: left\"><strong>ZEIGER:<\/strong> Originale Leuchtzeiger in neuwertigem Zustand.<\/p>\n<p style=\"text-align: left\"><strong>GLAS:<\/strong> Das Saphirglas ist in perfektem Zustand.<\/p>\n<p style=\"text-align: left\"><strong>GEH\u00c4USE:<\/strong> Das Rotgoldgeh\u00e4use weist leichte Gebrauchsspuren auf, die auf eine schonende Nutzung zur\u00fcckzuf\u00fchren sind. Der Durchmesser betr\u00e4gt 43 mm, ohne den beeindruckenden Kronenschutz und den Dr\u00fccker auf der linken Seite.<\/p>\n<p style=\"text-align: left\"><strong>GEH\u00c4USEBODEN:<\/strong> Rotgoldgeh\u00e4useboden in ausgezeichnetem Zustand. Er ist nummeriert und der mittlere Teil ist durch ein Saphirglas durchsichtig. Die Oberfl\u00e4che weist verschiedene leichte Kratzer auf.<\/p>\n<p style=\"text-align: left\"><strong>KRONE &amp; DR\u00dcCKER:<\/strong> Originale Rotgoldkrone und passender Pumpendr\u00fccker bei 10 Uhr. Sie funktionieren einwandfrei.<\/p>\n<p style=\"text-align: left\"><strong>UHRWERK:<\/strong> Automatik-Chronographenwerk mit Datumsanzeige und 24 Steinen. Es zeigt die genaue Zeit an, und alle Funktionen funktionieren einwandfrei.<\/p>\n<p style=\"text-align: left\"><strong>ARMBAND:<\/strong> Schwarzes Alligatorlederarmband mit signierter Dornschlie\u00dfe aus Rotgold.<\/p>\n<p style=\"text-align: left\"><strong>ZUBEH\u00d6R:<\/strong> Komplettset mit Zertifikat und Garantie, Pr\u00e4sentationsbox in gutem Zustand.<\/p>\n<p style=\"text-align: left\"><strong>GARANTIE:<\/strong> Wir garantieren die Echtheit der Uhr. Wir gew\u00e4hren au\u00dferdem 12 Monate Garantie auf die einwandfreie Funktion dieser Uhr. F\u00fcr alle Garantien gelten die Allgemeinen Gesch\u00e4ftsbedingungen. Bei Fragen stehen wir Ihnen gerne zur Verf\u00fcgung. Eine pers\u00f6nliche oder virtuelle Besichtigung ist nach Vereinbarung m\u00f6glich.<\/p>\n","protected":false},"excerpt":{"rendered":"<p style=\"text-align: left\"><strong>Graham Chronofighter Chronograph R.A.C Ref. 2MSBR 18 Karat Gold<\/strong><\/p>\n<p style=\"text-align: left\">Die Graham Chronofighter vereint britische K\u00fchnheit mit Schweizer Finesse und hebt sich m\u00fchelos von der Masse ab. Das Geh\u00e4use in warmem Rotgold umrahmt ein Design, das durch den charakteristischen Monodr\u00fccker und Kronenhebel auf der linken Seite gepr\u00e4gt ist \u2013 ein funktionales Detail, das ebenso unverwechselbar wie ikonisch ist. Sammler lieben sie nicht nur wegen ihrer mechanischen Originalit\u00e4t, sondern auch wegen ihres einzigartigen Auftritts auf dem Asphalt der modernen Uhrmacherkunst. Die Uhr stammt vom Erstbesitzer. Bitte beachten Sie die hochaufl\u00f6senden Bilder, um den Zustand der Uhr zu beurteilen.<\/p>\n","protected":false},"featured_media":30302,"template":"","meta":{"om_disable_all_campaigns":false,"_monsterinsights_skip_tracking":false,"_monsterinsights_sitenote_active":false,"_monsterinsights_sitenote_note":"","_monsterinsights_sitenote_category":0},"product_brand":[],"product_cat":[59,71],"product_tag":[],"class_list":{"0":"post-30321","1":"product","2":"type-product","3":"status-publish","4":"has-post-thumbnail","6":"product_cat-contemporary-de","7":"product_cat-verkaufte-uhren","9":"first","10":"outofstock","11":"taxable","12":"shipping-taxable","13":"purchasable","14":"product-type-simple"},"aioseo_notices":[],"_links":{"self":[{"href":"https:\/\/chrono-scope.ch\/de\/wp-json\/wp\/v2\/product\/30321","targetHints":{"allow":["GET"]}}],"collection":[{"href":"https:\/\/chrono-scope.ch\/de\/wp-json\/wp\/v2\/product"}],"about":[{"href":"https:\/\/chrono-scope.ch\/de\/wp-json\/wp\/v2\/types\/product"}],"version-history":[{"count":3,"href":"https:\/\/chrono-scope.ch\/de\/wp-json\/wp\/v2\/product\/30321\/revisions"}],"predecessor-version":[{"id":38536,"href":"https:\/\/chrono-scope.ch\/de\/wp-json\/wp\/v2\/product\/30321\/revisions\/38536"}],"wp:featuredmedia":[{"embeddable":true,"href":"https:\/\/chrono-scope.ch\/de\/wp-json\/wp\/v2\/media\/30302"}],"wp:attachment":[{"href":"https:\/\/chrono-scope.ch\/de\/wp-json\/wp\/v2\/media?parent=30321"}],"wp:term":[{"taxonomy":"product_brand","embeddable":true,"href":"https:\/\/chrono-scope.ch\/de\/wp-json\/wp\/v2\/product_brand?post=30321"},{"taxonomy":"product_cat","embeddable":true,"href":"https:\/\/chrono-scope.ch\/de\/wp-json\/wp\/v2\/product_cat?post=30321"},{"taxonomy":"product_tag","embeddable":true,"href":"https:\/\/chrono-scope.ch\/de\/wp-json\/wp\/v2\/product_tag?post=30321"}],"curies":[{"name":"wp","href":"https:\/\/api.w.org\/{rel}","templated":true}]}}