{"id":30268,"date":"2025-10-16T19:29:01","date_gmt":"2025-10-16T19:29:01","guid":{"rendered":"https:\/\/chrono-scope.ch\/product\/heuer-carrera-chronograph-ref-110-573-cal-12-serviced\/"},"modified":"2025-11-14T10:11:10","modified_gmt":"2025-11-14T10:11:10","slug":"heuer-carrera-chronograph-ref-110-573-cal-12-serviced","status":"publish","type":"product","link":"https:\/\/chrono-scope.ch\/de\/produkt\/heuer-carrera-chronograph-ref-110-573-cal-12-serviced\/","title":{"rendered":"SOLD &#8211; Heuer Carrera Chronograph Ref. 110.573 Cal. 12, serviced"},"content":{"rendered":"<p style=\"text-align: left\"><strong>MODELL\/REFERENZ:<\/strong> Heuer Carrera, Referenz 110.573. Inventarnummer: 250930-1<\/p>\n<p style=\"text-align: left\"><strong>ZIFFERBLATT + ZEIGER:<\/strong> Metallicblaues Zifferblatt mit gewelltem Finish, gestochen scharfem Druck und einer gut ausgef\u00fchrten Tachymeterskala. Ausgeglichen durch ein gerahmtes Datum bei 6 Uhr. Original orangefarbene Zeiger mit leuchtender Farbe und intaktem, puddingfarben gealtertem Tritium. Aufgesetzte silberne Markierungen mit wei\u00dfen Streifen, jeweils mit erhaltenem Tritium-Plot. Die Tritiummasse des Herstellers bei 7 Uhr ist teilweise verblasst.<\/p>\n<p style=\"text-align: left\"><strong>GLAS:<\/strong> Diese Carrera ist mit ihrem originalen Mineralglas in gutem Zustand ausgestattet.<\/p>\n<p style=\"text-align: left\"><strong>GEH\u00c4USE:<\/strong> Edelstahlgeh\u00e4use in Tonneau-Form mit zwei Geh\u00e4usen, 39 x 44 mm. Es ist gut erhalten mit scharfen Kanten, leichten Gebrauchsspuren und einer leichten Politur an den Seiten. Der Sonnenschliff auf der Oberseite ist noch immer makellos.<\/p>\n<p style=\"text-align: left\"><strong>GEH\u00c4USEBODEN:<\/strong> Sechsfach verschraubter Geh\u00e4useboden in gutem Vintage-Zustand mit den \u00fcblichen Gebrauchsspuren. Die Gravuren sind noch scharf und gut lesbar; die Innenseite ist sauber und mit \u201eHeuer \u2013 Leonidas S.A.\u201c signiert.<\/p>\n<p style=\"text-align: left\"><strong>KRONE + DR\u00dcCKER:<\/strong> Die mit Heuer signierte Krone befindet sich auf der linken Seite der Uhr und funktioniert wie vorgesehen, vom Aufziehen bis zur Zeiteinstellung. Die Pumpen-Chronographendr\u00fccker entsprechen der Referenz und befinden sich auf der rechten Seite. Sie steuern die Chronographenfunktionen einwandfrei.<\/p>\n<p style=\"text-align: left\"><strong>UHRWERK:<\/strong> Automatikwerk Kaliber 12 mit Nockenschaltung und Mikrorotor sowie einer halbschnellen Datumsanzeige bei der Sechs. Die Uhr wurde im September 2025 gewartet. Sie ist sauber, voll funktionsf\u00e4hig und zeigt die genaue Zeit an.<\/p>\n<p style=\"text-align: left\"><strong>BAND:<\/strong> Das Edelstahlarmband ist in gutem Zustand mit einigen Oberfl\u00e4chenspuren. Die Faltschlie\u00dfe ist signiert und schlie\u00dft sicher.<\/p>\n<p style=\"text-align: left\"><strong>ZUBEH\u00d6R:<\/strong> Uhrenrolle aus Saffiano-Leder. Die originale Heuer-Box ist NICHT im Preis enthalten und kann gegen Aufpreis erworben werden.<\/p>\n<p style=\"text-align: left\">Zifferblatt, Krone, Geh\u00e4useboden, Uhrwerk und Schlie\u00dfe sind mit Heuer signiert. Die Uhr ist voll funktionsf\u00e4hig und sofort einsatzbereit.<\/p>\n<p style=\"text-align: left\"><strong>GARANTIE:<\/strong> Wir garantieren die Echtheit der Uhr. Wir gew\u00e4hren au\u00dferdem eine 12-monatige Garantie auf die einwandfreie Funktion dieser Uhr. Alle Garantien unterliegen den Allgemeinen Gesch\u00e4ftsbedingungen.<\/p>\n<p style=\"text-align: left\">Bei Fragen stehen wir Ihnen gerne zur Verf\u00fcgung. Eine virtuelle oder pers\u00f6nliche Besichtigung ist nach Vereinbarung m\u00f6glich.<\/p>\n","protected":false},"excerpt":{"rendered":"<p style=\"text-align: left\">Diese Carrera hebt sich stilistisch deutlich von ihren Zeitgenossen ab: mit einer interessanten Kissengeh\u00e4useform, einem attraktiven Fum\u00e9-Zifferblatt und einer verbesserten Version des weltweit ersten automatischen Chronographen mit Mikrorotor: dem Kaliber 12.<br \/>\nSie verk\u00f6rpert die wahre Essenz von Heuers Motorsporttradition der 1970er Jahre, und die f\u00fcr diese atemberaubende Uhr verwendeten Farben spiegeln diese Epoche eindrucksvoll wider. Bitte lesen Sie den Zustandsbericht sorgf\u00e4ltig durch und ziehen Sie die hochaufl\u00f6senden Bilder heran, um den Gesamtzustand der Uhr zu beurteilen.<\/p>\n","protected":false},"featured_media":30242,"template":"","meta":{"om_disable_all_campaigns":false,"_monsterinsights_skip_tracking":false,"_monsterinsights_sitenote_active":false,"_monsterinsights_sitenote_note":"","_monsterinsights_sitenote_category":0},"product_brand":[],"product_cat":[76,71,74],"product_tag":[],"class_list":{"0":"post-30268","1":"product","2":"type-product","3":"status-publish","4":"has-post-thumbnail","6":"product_cat-heuer-de","7":"product_cat-verkaufte-uhren","8":"product_cat-vintage-de","10":"first","11":"instock","12":"taxable","13":"shipping-taxable","14":"purchasable","15":"product-type-simple"},"aioseo_notices":[],"_links":{"self":[{"href":"https:\/\/chrono-scope.ch\/de\/wp-json\/wp\/v2\/product\/30268","targetHints":{"allow":["GET"]}}],"collection":[{"href":"https:\/\/chrono-scope.ch\/de\/wp-json\/wp\/v2\/product"}],"about":[{"href":"https:\/\/chrono-scope.ch\/de\/wp-json\/wp\/v2\/types\/product"}],"version-history":[{"count":5,"href":"https:\/\/chrono-scope.ch\/de\/wp-json\/wp\/v2\/product\/30268\/revisions"}],"predecessor-version":[{"id":32245,"href":"https:\/\/chrono-scope.ch\/de\/wp-json\/wp\/v2\/product\/30268\/revisions\/32245"}],"wp:featuredmedia":[{"embeddable":true,"href":"https:\/\/chrono-scope.ch\/de\/wp-json\/wp\/v2\/media\/30242"}],"wp:attachment":[{"href":"https:\/\/chrono-scope.ch\/de\/wp-json\/wp\/v2\/media?parent=30268"}],"wp:term":[{"taxonomy":"product_brand","embeddable":true,"href":"https:\/\/chrono-scope.ch\/de\/wp-json\/wp\/v2\/product_brand?post=30268"},{"taxonomy":"product_cat","embeddable":true,"href":"https:\/\/chrono-scope.ch\/de\/wp-json\/wp\/v2\/product_cat?post=30268"},{"taxonomy":"product_tag","embeddable":true,"href":"https:\/\/chrono-scope.ch\/de\/wp-json\/wp\/v2\/product_tag?post=30268"}],"curies":[{"name":"wp","href":"https:\/\/api.w.org\/{rel}","templated":true}]}}