{"id":30226,"date":"2025-10-16T17:12:00","date_gmt":"2025-10-16T17:12:00","guid":{"rendered":"https:\/\/chrono-scope.ch\/product\/titan-pulsations-dial-chronograph-waterproof-case\/"},"modified":"2025-10-16T17:26:08","modified_gmt":"2025-10-16T17:26:08","slug":"titan-pulsations-dial-chronograph-waterproof-case","status":"publish","type":"product","link":"https:\/\/chrono-scope.ch\/de\/produkt\/titan-pulsations-dial-chronograph-waterproof-case\/","title":{"rendered":"Titan Pulsations Dial Chronograph &#8211; Waterproof Case"},"content":{"rendered":"<p style=\"text-align: left\"><strong>MODELL\/REFERENZ:<\/strong> Titan Pulsations Dial Chronograph. Inventarnummer: 250921-3.<\/p>\n<p style=\"text-align: left\"><strong>ZIFFERBLATT + ZEIGER:<\/strong> Silbernes Zifferblatt mit Doppelregister und blauer Pulsationsskala am \u00e4u\u00dferen Rand. Schwarze arabische Ziffern und eine dezente Minutenskala sorgen f\u00fcr hervorragende Ablesbarkeit. Die Hilfszifferbl\u00e4tter sind gleichm\u00e4\u00dfig angeordnet und gut erhalten, mit passendem Farbton und klarem Aufdruck.<\/p>\n<p style=\"text-align: left\">Die goldenen Zeiger und der Chronographen-Zeiger bilden einen edlen Kontrast und zeigen eine gleichm\u00e4\u00dfige Alterung, die dem Vintage-Charakter der Uhr entspricht. Insgesamt hat das Zifferblatt sein urspr\u00fcngliches Finish und seine attraktive Patina bewahrt.<\/p>\n<p style=\"text-align: left\"><strong>GLAS:<\/strong> Das Plexiglas weist einige Kratzer auf, die wegpoliert werden k\u00f6nnen.<\/p>\n<p style=\"text-align: left\"><strong>GEH\u00c4USE:<\/strong> Das Edelstahlgeh\u00e4use hat einen Durchmesser von 38 mm und ist damit nach heutigen Ma\u00dfst\u00e4ben sehr tragbar. Es scheint unbesch\u00e4digt zu sein, da es dicke, nach unten gebogene Bandanst\u00f6\u00dfe und ein kr\u00e4ftiges Profil mit leichten Gebrauchsspuren aufweist.<\/p>\n<p style=\"text-align: left\">Auf der R\u00fcckseite des unteren rechten Bandansto\u00dfes ist die Zahl \u201e80\u201c klar eingepr\u00e4gt.<\/p>\n<p style=\"text-align: left\"><strong>GEH\u00c4USEBODEN:<\/strong> Der Geh\u00e4useboden aus Edelstahl verf\u00fcgt \u00fcber sechs \u00d6ffnungskerben und ist noch immer mit seiner kreisf\u00f6rmig gek\u00f6rnten Oberfl\u00e4che versehen. Die Oberfl\u00e4che weist verschiedene Kratzer auf, die durch normale Abnutzung und den Lauf der Zeit entstehen. Die Innenseite ist perliert und gestempelt.<\/p>\n<p style=\"text-align: left\"><strong>KRONE + DR\u00dcCKER:<\/strong> Die gro\u00dfe, unsignierte Krone ist wahrscheinlich zeitgem\u00e4\u00df und original, genau wie die Doppelpumpendr\u00fccker. Das gesamte Ensemble funktioniert pr\u00e4zise.<\/p>\n<p style=\"text-align: left\"><strong>UHRWERK:<\/strong> Das manuell aufgezogene Valjoux 22 ist ein leistungsstarkes Zwei-Dr\u00fccker-Chronographenwerk mit Bicompax-Anzeige und S\u00e4ulenrad. Es wurde auf einwandfreie Ganggenauigkeit gepr\u00fcft und ist daher sauber und in ausgezeichnetem Zustand.<\/p>\n<p style=\"text-align: left\"><strong>ARMBAND:<\/strong> Neu montiertes braun-beiges Lederarmband mit der Signatur Hodinkee und einer Dornschlie\u00dfe aus Stahl.<\/p>\n<p style=\"text-align: left\"><strong>ZUBEH\u00d6R:<\/strong> Uhrenrolle aus Saffiano-Leder<\/p>\n<p style=\"text-align: left\"><strong>GARANTIE:<\/strong> Wir garantieren die Echtheit der Uhr. Wir gew\u00e4hren au\u00dferdem 12 Monate Garantie auf die einwandfreie Funktion dieser Uhr. Alle Garantien unterliegen den Allgemeinen Gesch\u00e4ftsbedingungen.<\/p>\n<p style=\"text-align: left\">Bei Fragen stehen wir Ihnen gerne zur Verf\u00fcgung. Eine pers\u00f6nliche oder virtuelle Besichtigung ist nach Vereinbarung m\u00f6glich.<\/p>\n","protected":false},"excerpt":{"rendered":"<p style=\"text-align: left\">Dieser Chronograph strahlt eine stille Poesie aus \u2026 Ein Werkzeug, das aus Notwendigkeit und nicht aus Eitelkeit geboren wurde. Sein wasserdichtes 38-mm-Geh\u00e4use beherbergt das zuverl\u00e4ssige Valjoux 22, ein Uhrwerk, das genauso hart arbeitet wie die Profis, die sich einst darauf verlie\u00dfen.<\/p>\n<p style=\"text-align: left\">Und obwohl sein Name bescheiden klingt, erz\u00e4hlt das Pulsationszifferblatt eine andere Geschichte: die von \u00c4rzten, die Herzschl\u00e4ge ma\u00dfen, als eine Uhr mehr konnte, als nur die Stunde anzuzeigen \u2026 Sie konnte Leben retten.<\/p>\n<p style=\"text-align: left\">ZUSTANDSBERICHT: Bitte ziehen Sie die unver\u00e4nderten hochaufl\u00f6senden Bilder heran, um den Zustand der Uhr zu beurteilen.<\/p>\n","protected":false},"featured_media":30208,"template":"","meta":{"om_disable_all_campaigns":false,"_monsterinsights_skip_tracking":false,"_monsterinsights_sitenote_active":false,"_monsterinsights_sitenote_note":"","_monsterinsights_sitenote_category":0},"product_brand":[],"product_cat":[74],"product_tag":[],"class_list":{"0":"post-30226","1":"product","2":"type-product","3":"status-publish","4":"has-post-thumbnail","6":"product_cat-vintage-de","8":"first","9":"instock","10":"taxable","11":"shipping-taxable","12":"purchasable","13":"product-type-simple"},"aioseo_notices":[],"_links":{"self":[{"href":"https:\/\/chrono-scope.ch\/de\/wp-json\/wp\/v2\/product\/30226","targetHints":{"allow":["GET"]}}],"collection":[{"href":"https:\/\/chrono-scope.ch\/de\/wp-json\/wp\/v2\/product"}],"about":[{"href":"https:\/\/chrono-scope.ch\/de\/wp-json\/wp\/v2\/types\/product"}],"version-history":[{"count":2,"href":"https:\/\/chrono-scope.ch\/de\/wp-json\/wp\/v2\/product\/30226\/revisions"}],"predecessor-version":[{"id":30228,"href":"https:\/\/chrono-scope.ch\/de\/wp-json\/wp\/v2\/product\/30226\/revisions\/30228"}],"wp:featuredmedia":[{"embeddable":true,"href":"https:\/\/chrono-scope.ch\/de\/wp-json\/wp\/v2\/media\/30208"}],"wp:attachment":[{"href":"https:\/\/chrono-scope.ch\/de\/wp-json\/wp\/v2\/media?parent=30226"}],"wp:term":[{"taxonomy":"product_brand","embeddable":true,"href":"https:\/\/chrono-scope.ch\/de\/wp-json\/wp\/v2\/product_brand?post=30226"},{"taxonomy":"product_cat","embeddable":true,"href":"https:\/\/chrono-scope.ch\/de\/wp-json\/wp\/v2\/product_cat?post=30226"},{"taxonomy":"product_tag","embeddable":true,"href":"https:\/\/chrono-scope.ch\/de\/wp-json\/wp\/v2\/product_tag?post=30226"}],"curies":[{"name":"wp","href":"https:\/\/api.w.org\/{rel}","templated":true}]}}