{"id":30192,"date":"2025-10-16T11:00:32","date_gmt":"2025-10-16T11:00:32","guid":{"rendered":"https:\/\/chrono-scope.ch\/product\/rolex-cosmograph-daytona-aph-dial-ref-116520-full-set\/"},"modified":"2025-12-30T09:22:51","modified_gmt":"2025-12-30T09:22:51","slug":"rolex-cosmograph-daytona-aph-dial-ref-116520-full-set","status":"publish","type":"product","link":"https:\/\/chrono-scope.ch\/de\/produkt\/rolex-cosmograph-daytona-aph-dial-ref-116520-full-set\/","title":{"rendered":"SOLD &#8211; Rolex Cosmograph Daytona \u201cAPH Dial\u201d ref. 116520 Full Set"},"content":{"rendered":"<p style=\"text-align: left\"><strong>DIE GESCHICHTE:<\/strong><\/p>\n<p style=\"text-align: left\">Die im Jahr 2000 eingef\u00fchrte Daytona Referenz 116520 markierte einen Wendepunkt in der Geschichte des Modells. Nachdem Rolex jahrzehntelang auf Uhrwerke von Drittanbietern angewiesen war, stellte Rolex endlich sein eigenes Chronographenwerk vor: Das Kaliber 4130 setzte neue Ma\u00dfst\u00e4be in puncto Zuverl\u00e4ssigkeit und Pr\u00e4zision.<\/p>\n<p style=\"text-align: left\">Unter den vielen Exemplaren des Kalibers 116520 sticht eine Besonderheit hervor, die die Aufmerksamkeit von Rolex-Fans auf sich gezogen hat: das \u201eAPH\u201c-Zifferblatt. Auf diesen seltenen Zifferbl\u00e4ttern f\u00e4llt eine dezente, aber deutliche typografische L\u00fccke im Wort \u201eCOSMOGRAPH\u201c auf, bei der \u201eCOSMO\u201c und \u201eGRAPH\u201c leicht voneinander getrennt erscheinen. Diese Anomalie des Abstands gibt der Variante ihren Spitznamen: \u201eAPH\u201c bezieht sich auf die letzten drei Buchstaben von \u201eCOSMOGRAPH\u201c.<\/p>\n<p style=\"text-align: left\"><strong>SPEZIFIKATIONEN:<\/strong><\/p>\n<p style=\"text-align: left\"><strong>GEH\u00c4USE:<\/strong> 40-mm-Osyter-Geh\u00e4use aus poliertem 904L-Edelstahl.<\/p>\n<p style=\"text-align: left\"><strong>L\u00dcNETTE:<\/strong> Feste Stahll\u00fcnette mit eingravierter Tachymeterskala.<\/p>\n<p style=\"text-align: left\"><strong>UHRWERK:<\/strong> Eigenes Kaliber 4130 Automatik-Chronographenwerk<\/p>\n<p style=\"text-align: left\"><strong>ZIFFERBLATT:<\/strong> Wei\u00dfes Tricompax-Zifferblatt mit dem begehrten \u201eAPH\u201c-Schriftzug, silbernen Unterringen, applizierten Leuchtindizes und passendem Zeigersatz.<\/p>\n<p style=\"text-align: left\"><strong>BAND:<\/strong> Oyster-Armband aus 904L-Edelstahl mit massiven Endgliedern und signierter Faltschlie\u00dfe. Drei Ersatzglieder werden mitgeliefert.<\/p>\n<p style=\"text-align: left\"><strong>GARANTIE:<\/strong> Wir garantieren die Echtheit der Uhr. Wir gew\u00e4hren au\u00dferdem 12 Monate Garantie auf die einwandfreie Funktion dieser Uhr. F\u00fcr alle Garantien gelten die Allgemeinen Gesch\u00e4ftsbedingungen.<\/p>\n<p style=\"text-align: left\">Bei Fragen stehen wir Ihnen gerne zur Verf\u00fcgung. Virtuelle oder pers\u00f6nliche Besichtigung nur nach Vereinbarung.<\/p>\n","protected":false},"excerpt":{"rendered":"<p style=\"text-align: left\">Im Auftrag eines privaten Sammlers bieten wir eine erhabene <strong>Rolex Cosmograph Daytona Ref. 116520<\/strong> an. Sie wird als komplettes Set aus dem Jahr 2010 geliefert. Inventarnummer: 250930-2<\/p>\n<p style=\"text-align: left\"><strong>ZUSTAND:<\/strong> Diese Daytona befindet sich in hervorragendem Gesamtzustand. Bitte beachten Sie die Bilder, um den Zustand der Uhr zu beurteilen.<\/p>\n<p style=\"text-align: left\"><strong>LIEFERUMFANG:<\/strong> Komplettes Set, wie urspr\u00fcnglich vom H\u00e4ndler verkauft, siehe Bilder.<\/p>\n<p style=\"text-align: left\"><strong>GARANTIE:<\/strong> Wir garantieren die Echtheit der Uhr. Mit Ihrem Kauf erhalten Sie eine 12-monatige Garantie.<\/p>\n","protected":false},"featured_media":30169,"template":"","meta":{"om_disable_all_campaigns":false,"_monsterinsights_skip_tracking":false,"_monsterinsights_sitenote_active":false,"_monsterinsights_sitenote_note":"","_monsterinsights_sitenote_category":0},"product_brand":[],"product_cat":[109,71],"product_tag":[],"class_list":{"0":"post-30192","1":"product","2":"type-product","3":"status-publish","4":"has-post-thumbnail","6":"product_cat-neo-vintage-de","7":"product_cat-verkaufte-uhren","9":"first","10":"instock","11":"taxable","12":"shipping-taxable","13":"purchasable","14":"product-type-simple"},"aioseo_notices":[],"_links":{"self":[{"href":"https:\/\/chrono-scope.ch\/de\/wp-json\/wp\/v2\/product\/30192","targetHints":{"allow":["GET"]}}],"collection":[{"href":"https:\/\/chrono-scope.ch\/de\/wp-json\/wp\/v2\/product"}],"about":[{"href":"https:\/\/chrono-scope.ch\/de\/wp-json\/wp\/v2\/types\/product"}],"version-history":[{"count":3,"href":"https:\/\/chrono-scope.ch\/de\/wp-json\/wp\/v2\/product\/30192\/revisions"}],"predecessor-version":[{"id":34283,"href":"https:\/\/chrono-scope.ch\/de\/wp-json\/wp\/v2\/product\/30192\/revisions\/34283"}],"wp:featuredmedia":[{"embeddable":true,"href":"https:\/\/chrono-scope.ch\/de\/wp-json\/wp\/v2\/media\/30169"}],"wp:attachment":[{"href":"https:\/\/chrono-scope.ch\/de\/wp-json\/wp\/v2\/media?parent=30192"}],"wp:term":[{"taxonomy":"product_brand","embeddable":true,"href":"https:\/\/chrono-scope.ch\/de\/wp-json\/wp\/v2\/product_brand?post=30192"},{"taxonomy":"product_cat","embeddable":true,"href":"https:\/\/chrono-scope.ch\/de\/wp-json\/wp\/v2\/product_cat?post=30192"},{"taxonomy":"product_tag","embeddable":true,"href":"https:\/\/chrono-scope.ch\/de\/wp-json\/wp\/v2\/product_tag?post=30192"}],"curies":[{"name":"wp","href":"https:\/\/api.w.org\/{rel}","templated":true}]}}