{"id":30080,"date":"2025-10-02T16:23:18","date_gmt":"2025-10-02T16:23:18","guid":{"rendered":"https:\/\/chrono-scope.ch\/product\/breguet-ulra-slim-open-work-dial-18k-white-gold-skeleton\/"},"modified":"2026-01-12T10:53:44","modified_gmt":"2026-01-12T10:53:44","slug":"breguet-ulra-slim-open-work-dial-18k-white-gold-skeleton","status":"publish","type":"product","link":"https:\/\/chrono-scope.ch\/de\/produkt\/breguet-ulra-slim-open-work-dial-18k-white-gold-skeleton\/","title":{"rendered":"SOLD &#8211; Breguet Ulra Slim Open Work Dial \u2013 18k white gold Skeleton"},"content":{"rendered":"<p style=\"text-align: left\"><strong>MODELL \/ REFERENZ:<\/strong> Breguet Classique, Referenz 3020, 18k Wei\u00dfgold. Dieses Modell stammt wahrscheinlich aus den 1990er Jahren. Artikelnummer: SAS-34-20.<\/p>\n<p style=\"text-align: left\"><strong>ZIFFERN + ZEIGER:<\/strong> Halb-skelettiertes Zifferblatt mit silbernem Minutenring, r\u00f6mischen Ziffern, skelettiertem Mittelteil, der das Uhrwerk zeigt, und den charakteristischen bl\u00e4ulich-geh\u00e4rteten Zeigern aus Stahl.<\/p>\n<p style=\"text-align: left\"><strong>GLAS:<\/strong> Flaches Saphirglas in einwandfreiem Zustand.<\/p>\n<p style=\"text-align: left\"><strong>GEH\u00c4USE:<\/strong> Das 34 mm gro\u00dfe Wei\u00dfgoldgeh\u00e4use (38 mm mit Bandanst\u00f6\u00dfen) besitzt die charakteristischen M\u00fcnzkanten von Breguet und schmale, perforierte Bandanst\u00f6\u00dfe f\u00fcr ein elegantes, traditionelles Profil. Mit einer Geh\u00e4useh\u00f6he von ca. 4,5 mm ist sie tats\u00e4chlich ultrad\u00fcnn. Sie wirkt am Handgelenk elegant und dezente, ohne aufdringlich zu sein.<\/p>\n<p style=\"text-align: left\"><strong>GEH\u00c4USEBODEN:<\/strong> Der aufgesetzte Wei\u00dfgoldboden ist signiert und nummeriert. Er bietet einen Blick auf das Uhrwerk durch ein Saphirglas. Die Gravuren und Stempel sind gut lesbar, die Oberfl\u00e4che weist Gebrauchsspuren auf.<\/p>\n<p style=\"text-align: left\"><strong>KRONE:<\/strong> Originale Krone mit intaktem blauen Cabochon. Sie funktioniert einwandfrei (Aufziehen und Zeitregulierung).<\/p>\n<p style=\"text-align: left\"><strong>UHRWERK:<\/strong> Handaufzugswerk Kaliber 503SQ, vollst\u00e4ndig handgraviert, basierend auf dem Frederique Piguet Kaliber 21. Nach einem k\u00fcrzlich durchgef\u00fchrten Service l\u00e4uft es pr\u00e4zise und zuverl\u00e4ssig.<\/p>\n<p style=\"text-align: left\"><strong>BAND:<\/strong> Schwarzes Lederarmband (19 mm) mit originaler Dornschlie\u00dfe aus Wei\u00dfgold.<\/p>\n<p style=\"text-align: left\"><strong>ZUBEH\u00d6R:<\/strong> Uhrenrolle aus Saffiano-Leder.<\/p>\n<p style=\"text-align: left\"><strong>GARANTIE:<\/strong> Wir garantieren die Echtheit der Uhr. Wir gew\u00e4hren au\u00dferdem 12 Monate Garantie auf die Funktionst\u00fcchtigkeit. Alle Garantien unterliegen unseren Allgemeinen Gesch\u00e4ftsbedingungen.<br \/>\nBei Fragen stehen wir Ihnen gerne zur Verf\u00fcgung. Eine Besichtigung vor Ort oder per Videoanruf ist nach Terminvereinbarung m\u00f6glich.<\/p>\n","protected":false},"excerpt":{"rendered":"<p style=\"text-align: left\"><strong>Breguet Ultra Slim Ref. 3020 mit skelettiertem Zifferblatt \u2013 18k Wei\u00dfgold<\/strong><br \/>\nDiese Breguet-Uhr interpretiert die klassische Uhrmacherkunst auf charmante Weise neu und pr\u00e4sentiert das fein gearbeitete Uhrwerk sowohl durch das Zifferblatt als auch durch den Saphirglasboden.<br \/>\nTrotz des skelettierten Zifferblatts bleibt sie den zeitlosen Designmerkmalen des Hauses Breguet treu: M\u00fcnzkanten am Geh\u00e4use, schmale St\u00e4be f\u00fcr die Bandanst\u00f6\u00dfe und bl\u00e4ulich-geh\u00e4rtete Zeiger aus Stahl. Eine raffinierte Kombination aus Tradition und Transparenz \u2013 sie verk\u00f6rpert den Geist von Breguet und l\u00e4sst gleichzeitig einen Blick auf die meisterhafte Mechanik im Inneren zu.<br \/>\nBitte beachten Sie die hochaufl\u00f6senden Bilder, um den Zustand der Uhr zu beurteilen.<\/p>\n","protected":false},"featured_media":30062,"template":"","meta":{"om_disable_all_campaigns":false,"_monsterinsights_skip_tracking":false,"_monsterinsights_sitenote_active":false,"_monsterinsights_sitenote_note":"","_monsterinsights_sitenote_category":0},"product_brand":[],"product_cat":[314,109,71],"product_tag":[],"class_list":{"0":"post-30080","1":"product","2":"type-product","3":"status-publish","4":"has-post-thumbnail","6":"product_cat-breguet","7":"product_cat-neo-vintage-de","8":"product_cat-verkaufte-uhren","10":"first","11":"instock","12":"taxable","13":"shipping-taxable","14":"purchasable","15":"product-type-simple"},"aioseo_notices":[],"_links":{"self":[{"href":"https:\/\/chrono-scope.ch\/de\/wp-json\/wp\/v2\/product\/30080","targetHints":{"allow":["GET"]}}],"collection":[{"href":"https:\/\/chrono-scope.ch\/de\/wp-json\/wp\/v2\/product"}],"about":[{"href":"https:\/\/chrono-scope.ch\/de\/wp-json\/wp\/v2\/types\/product"}],"version-history":[{"count":3,"href":"https:\/\/chrono-scope.ch\/de\/wp-json\/wp\/v2\/product\/30080\/revisions"}],"predecessor-version":[{"id":34841,"href":"https:\/\/chrono-scope.ch\/de\/wp-json\/wp\/v2\/product\/30080\/revisions\/34841"}],"wp:featuredmedia":[{"embeddable":true,"href":"https:\/\/chrono-scope.ch\/de\/wp-json\/wp\/v2\/media\/30062"}],"wp:attachment":[{"href":"https:\/\/chrono-scope.ch\/de\/wp-json\/wp\/v2\/media?parent=30080"}],"wp:term":[{"taxonomy":"product_brand","embeddable":true,"href":"https:\/\/chrono-scope.ch\/de\/wp-json\/wp\/v2\/product_brand?post=30080"},{"taxonomy":"product_cat","embeddable":true,"href":"https:\/\/chrono-scope.ch\/de\/wp-json\/wp\/v2\/product_cat?post=30080"},{"taxonomy":"product_tag","embeddable":true,"href":"https:\/\/chrono-scope.ch\/de\/wp-json\/wp\/v2\/product_tag?post=30080"}],"curies":[{"name":"wp","href":"https:\/\/api.w.org\/{rel}","templated":true}]}}