{"id":29995,"date":"2025-10-02T14:29:51","date_gmt":"2025-10-02T14:29:51","guid":{"rendered":"https:\/\/chrono-scope.ch\/product\/blancpain-half-hunter-moon-full-calendar-half-hunter-case-18k-white-gold-le-200-pcs\/"},"modified":"2026-03-17T17:01:52","modified_gmt":"2026-03-17T17:01:52","slug":"blancpain-half-hunter-moon-full-calendar-half-hunter-case-18k-white-gold-le-200-pcs","status":"publish","type":"product","link":"https:\/\/chrono-scope.ch\/de\/produkt\/blancpain-half-hunter-moon-full-calendar-half-hunter-case-18k-white-gold-le-200-pcs\/","title":{"rendered":"SOLD &#8211; Blancpain Half Hunter Moon Full Calendar Half Hunter Case &#8211; 18k White Gold LE 200 pcs"},"content":{"rendered":"<p style=\"text-align: left;\"><strong>MODELL\/REFERENZ:<\/strong> Blancpain Full Calendar Uhr mit 18K Wei\u00dfgold-Halbj\u00e4gergeh\u00e4use, Referenz 4563-1542-55B. Aus den 1990er Jahren, limitierte Auflage von 200 St\u00fcck. Artikelnummer: SAS-34-048.<\/p>\n<p style=\"text-align: left;\"><strong>ZIFFERBLATT + ZEIGER:<\/strong> Das Zifferblatt verf\u00fcgt \u00fcber ein fein ausgef\u00fchrtes Guilloch\u00e9-Sonnenschliffmuster mit aufgesetzten pyramidenf\u00f6rmigen Stundenmarkierungen und versilberten Blattzeigern. Der Vollkalender mit Tages- und Monatsanzeige unterhalb 12 Uhr, einem zentralen Datumszeiger mit roter Spitze und einer Mondphasenanzeige mit Sekunde bei 6 Uhr. Das Zifferblatt ist in hervorragendem Zustand, die Gravuren sind klar und deutlich.<\/p>\n<p style=\"text-align: left;\"><strong>GLAS:<\/strong> Das Saphirglas ist in einwandfreiem Zustand.<\/p>\n<p style=\"text-align: left;\"><strong>GEH\u00c4USE:<\/strong> 39-mm-Wei\u00dfgoldgeh\u00e4use mit Kronenschutz und zwei Klappdeckeln: Der obere ist eine hohle Schale, die die Mitte des Zifferblatts freigibt, w\u00e4hrend der hintere Deckel massiv ist. Die Oberfl\u00e4che weist leichte Gebrauchsspuren auf, entsprechend dem Alter.<br \/>\nAuf der linken Seite befindet sich eine Blancpain-Gravur, und auf der R\u00fcckseite der H\u00f6rner ist das Qualit\u00e4tszeichen deutlich zu sehen.<\/p>\n<p style=\"text-align: left;\"><strong>GEH\u00c4USEBODEN:<\/strong> Der verschraubte Geh\u00e4useboden aus Wei\u00dfgold ist durch einen Klappdeckel sichtbar. Er ist in hervorragendem Zustand und bietet einen Blick auf das Uhrwerk durch ein Saphirglas.<\/p>\n<p style=\"text-align: left;\"><strong>KRONE+DR\u00dcCKER:<\/strong> Die verschraubte Krone aus Wei\u00dfgold ist signiert, schlie\u00dft sicher und funktioniert einwandfrei.<br \/>\nAuf beiden Seiten des Geh\u00e4uses befinden sich zwei Dr\u00fccker. Sie sind in einwandfreiem Zustand und funktionieren einwandfrei. WERK: Hochverziertes und signiertes Automatikwerk Frederique Piguet Kaliber 1150 mit 30 Rubinen und einer 18-kar\u00e4tigen Gelbgold-Schwingmasse. Das Uhrwerk wurde im August 2025 gewartet, l\u00e4uft pr\u00e4zise und zuverl\u00e4ssig.<\/p>\n<p style=\"text-align: left;\"><strong>BAND:<\/strong> Gr\u00fcnes Alligatorenlederarmband mit einer massiven Wei\u00dfgold-Stiftschlie\u00dfe von Blancpain.<\/p>\n<p style=\"text-align: left;\"><strong>ZUBEH\u00d6R:<\/strong> Uhrenrolle aus Saffiano-Leder.<\/p>\n<p style=\"text-align: left;\"><strong>GARANTIE:<\/strong> Wir garantieren die Echtheit der Uhr. Zudem gew\u00e4hren wir 12 Monate Garantie auf die Funktionst\u00fcchtigkeit. Alle Garantien unterliegen unseren Allgemeinen Gesch\u00e4ftsbedingungen.<\/p>\n<p style=\"text-align: left;\">Bei Fragen stehen wir Ihnen gerne zur Verf\u00fcgung. Eine pers\u00f6nliche oder virtuelle Besichtigung ist nach Vereinbarung m\u00f6glich.<\/p>\n","protected":false},"excerpt":{"rendered":"<p style=\"text-align: left;\"><strong>Blancpain Full Calendar Uhr mit Halbj\u00e4gergeh\u00e4use \u2013 18K Wei\u00dfgold, Limitierte Auflage 200 St\u00fcck, revidiert.<\/strong><br \/>\nDiese Blancpain-Uhr aus massivem Wei\u00dfgold vereint eine elegante Geh\u00e4useform mit einem raffiniert gestalteten Zifferblatt, das einen Vollkalender und eine Mondphasenanzeige auf einen Blick pr\u00e4sentiert. Das innovative Halbj\u00e4gergeh\u00e4use ist inspiriert von historischen Taschenuhren und wurde modern interpretiert.<br \/>\nAls seltene, limitierte Auflage von nur 200 Exemplaren ist sie ein wahres Meisterwerk der Uhrmacherkunst \u2013 elegant und funktional.<br \/>\nBitte beachten Sie die hochaufl\u00f6senden Bilder, um den Zustand der Uhr zu beurteilen.<\/p>\n","protected":false},"featured_media":29972,"template":"","meta":{"om_disable_all_campaigns":false,"_monsterinsights_skip_tracking":false,"_monsterinsights_sitenote_active":false,"_monsterinsights_sitenote_note":"","_monsterinsights_sitenote_category":0},"product_brand":[],"product_cat":[109,71],"product_tag":[],"class_list":{"0":"post-29995","1":"product","2":"type-product","3":"status-publish","4":"has-post-thumbnail","6":"product_cat-neo-vintage-de","7":"product_cat-verkaufte-uhren","9":"first","10":"instock","11":"taxable","12":"shipping-taxable","13":"purchasable","14":"product-type-simple"},"aioseo_notices":[],"_links":{"self":[{"href":"https:\/\/chrono-scope.ch\/de\/wp-json\/wp\/v2\/product\/29995","targetHints":{"allow":["GET"]}}],"collection":[{"href":"https:\/\/chrono-scope.ch\/de\/wp-json\/wp\/v2\/product"}],"about":[{"href":"https:\/\/chrono-scope.ch\/de\/wp-json\/wp\/v2\/types\/product"}],"version-history":[{"count":5,"href":"https:\/\/chrono-scope.ch\/de\/wp-json\/wp\/v2\/product\/29995\/revisions"}],"predecessor-version":[{"id":37715,"href":"https:\/\/chrono-scope.ch\/de\/wp-json\/wp\/v2\/product\/29995\/revisions\/37715"}],"wp:featuredmedia":[{"embeddable":true,"href":"https:\/\/chrono-scope.ch\/de\/wp-json\/wp\/v2\/media\/29972"}],"wp:attachment":[{"href":"https:\/\/chrono-scope.ch\/de\/wp-json\/wp\/v2\/media?parent=29995"}],"wp:term":[{"taxonomy":"product_brand","embeddable":true,"href":"https:\/\/chrono-scope.ch\/de\/wp-json\/wp\/v2\/product_brand?post=29995"},{"taxonomy":"product_cat","embeddable":true,"href":"https:\/\/chrono-scope.ch\/de\/wp-json\/wp\/v2\/product_cat?post=29995"},{"taxonomy":"product_tag","embeddable":true,"href":"https:\/\/chrono-scope.ch\/de\/wp-json\/wp\/v2\/product_tag?post=29995"}],"curies":[{"name":"wp","href":"https:\/\/api.w.org\/{rel}","templated":true}]}}