{"id":29678,"date":"2025-09-10T09:55:55","date_gmt":"2025-09-10T09:55:55","guid":{"rendered":"https:\/\/chrono-scope.ch\/product\/patek-philippe-jumbo-ellipse-reference-3605-1\/"},"modified":"2026-04-17T13:58:48","modified_gmt":"2026-04-17T13:58:48","slug":"patek-philippe-jumbo-ellipse-reference-3605-1","status":"publish","type":"product","link":"https:\/\/chrono-scope.ch\/de\/produkt\/patek-philippe-jumbo-ellipse-reference-3605-1\/","title":{"rendered":"Patek Philippe Jumbo Ellipse Reference 3605\/1"},"content":{"rendered":"<p style=\"text-align: left\"><strong>MODELL\/REFERENZ:<\/strong> Patek Philippe Jumbo Ellipse Ref. 3605\/1. Die Geh\u00e4useseriennummer lautet \u201e2\u2019781\u2019441\u201c und die Werksseriennummer \u201e1\u2019307\u2019232\u201c. Beide liegen im normalen Bereich f\u00fcr eine Produktion aus den sp\u00e4ten 1970er Jahren.<\/p>\n<p style=\"text-align: left\"><strong>ZIFFERN + ZEIGER:<\/strong> Das einfarbig blaue Zifferblatt mit seinem warmen Sonnenschliff ist makellos, mit einem klaren und vollst\u00e4ndigen Druck und ohne Makel.<\/p>\n<p style=\"text-align: left\">Das gerahmte Datumsfenster bei 3 Uhr verf\u00fcgt \u00fcber eine saubere Scheibe.<\/p>\n<p style=\"text-align: left\">Dieses Sigma-Zifferblatt besticht durch elf applizierte Gelbgold-Stundenmarkierungen und passende Dauphine-Zeiger, die der Uhr einen Hauch von Leichtigkeit und optischer Tiefe verleihen. Zeiger und Markierungen weisen leichte altersbedingte Gebrauchsspuren auf.<\/p>\n<p style=\"text-align: left\"><strong>GLAS:<\/strong> Das flache Saphirglas ist in ausgezeichnetem Zustand.<\/p>\n<p style=\"text-align: left\"><strong>GEH\u00c4USE:<\/strong> Das markante elliptische Geh\u00e4use aus 18 Karat Gelbgold besticht durch seine modernen Proportionen und misst 32 x 38 mm. Dank seines schlanken Profils passt es bequem unter jede Manschette.<\/p>\n<p style=\"text-align: left\">Es wirkt leicht poliert, wenn nicht gar nicht: Mit ausgepr\u00e4gten Profillinien und klaren Punzen. Die Oberfl\u00e4che weist nur leichte Kratzer auf, die auf eine sehr sorgf\u00e4ltige Handhabung schlie\u00dfen lassen.<\/p>\n<p style=\"text-align: left\"><strong>GEH\u00c4USEBODEN:<\/strong> Der gestufte, aufsteckbare Geh\u00e4useboden ist aus Gelbgold. In ausgezeichnetem \u00e4sthetischen Zustand weist die Uhr einige Mikrokratzer auf der vertikal geb\u00fcrsteten Oberfl\u00e4che auf, die dem Alter und dem schonenden Gebrauch entsprechen. Sie weist au\u00dferdem zwei klare Punzen auf.<\/p>\n<p style=\"text-align: left\">Die Innenseite ist sauber und tr\u00e4gt die zeitgem\u00e4\u00dfen Stempel, darunter einen klar gepr\u00e4gten Markennamen, das Geh\u00e4usematerial sowie die Serien- und Referenznummer des Geh\u00e4uses.<\/p>\n<p style=\"text-align: left\"><strong>KRONE:<\/strong> Originale Gelbgoldkrone, signiert mit dem Calatrava-Kreuz. Sie funktioniert einwandfrei, vom Aufziehen bis zur Zeiteinstellung.<\/p>\n<p style=\"text-align: left\"><strong>UHRWERK:<\/strong> Automatikwerk Kal. 28-255C, extrem flach, basierend auf einem JLC 920 Rohwerk. Es schl\u00e4gt mit 19800 Halbschwingungen pro Stunde und wurde in f\u00fcnf Positionen sowie f\u00fcr K\u00e4lte, W\u00e4rme und Isochronismus reguliert.<\/p>\n<p style=\"text-align: left\">Das rhodinierte Uhrwerk ist mit wundersch\u00f6nen \u201eFausses C\u00f4tes\u201c-Dekoren verziert, sauber und zeigt die Zeit pr\u00e4zise an. Das Datum wechselt um Mitternacht.<\/p>\n<p style=\"text-align: left\"><strong>ARMBAND:<\/strong> Integriertes, seidig glattes Gelbgoldarmband mit leichten Kratzern und voller L\u00e4nge. Dieses luxuri\u00f6se Kunstwerk wurde vom Armbandmachermeister Jean-Pierre Ecoffey gefertigt, wie die Signatur auf dem Verschluss verr\u00e4t.<\/p>\n<p style=\"text-align: left\"><strong>ZUBEH\u00d6R:<\/strong> Uhrenrolle aus Saffianoleder.<\/p>\n<p style=\"text-align: left\">Zifferblatt, Krone, Geh\u00e4useboden, Verschluss und Uhrwerk sind signiert. Die Uhr ist voll funktionsf\u00e4hig und sofort einsatzbereit.<\/p>\n<p style=\"text-align: left\"><strong>GARANTIE:<\/strong> Wir garantieren die Echtheit der Uhr. Wir gew\u00e4hren au\u00dferdem 12 Monate Garantie auf die einwandfreie Funktion dieser Uhr. Alle Garantien unterliegen den Allgemeinen Gesch\u00e4ftsbedingungen.<\/p>\n<p style=\"text-align: left\">Bei Fragen stehen wir Ihnen gerne zur Verf\u00fcgung. Eine pers\u00f6nliche oder virtuelle Besichtigung ist nach Vereinbarung m\u00f6glich.<\/p>\n","protected":false},"excerpt":{"rendered":"<p style=\"text-align: left\">Die Ellipse 3605 von Patek Philippe ist Eleganz in Reinform: Ein goldenes Geh\u00e4use, geformt nach dem ewigen Goldenen Schnitt, gepaart mit einem schimmernden blauen Sigma-Zifferblatt mit Sonnenschliff, das von innen heraus zu leuchten scheint.<\/p>\n<p style=\"text-align: left\">Ihre Brillanz setzt sich am Handgelenk fort, mit einem meisterhaften Armband von Jean Pierre Ecoffey, das die Zeitmessung in Schmuck verwandelt. Als vertr\u00e4umte Designikone der 1970er Jahre vereint sie Romantik, Glamour und Geometrie in einem.<\/p>\n<p style=\"text-align: left\">Bitte lesen Sie den Zustandsbericht sorgf\u00e4ltig durch und ziehen Sie die hochaufl\u00f6senden Bilder heran, um den Gesamtzustand der Uhr zu beurteilen.<\/p>\n","protected":false},"featured_media":29676,"template":"","meta":{"om_disable_all_campaigns":false,"_monsterinsights_skip_tracking":false,"_monsterinsights_sitenote_active":false,"_monsterinsights_sitenote_note":"","_monsterinsights_sitenote_category":0},"product_brand":[],"product_cat":[60,280,71,74],"product_tag":[],"class_list":{"0":"post-29678","1":"product","2":"type-product","3":"status-publish","4":"has-post-thumbnail","6":"product_cat-featured-de","7":"product_cat-patek-philippe-de","8":"product_cat-verkaufte-uhren","9":"product_cat-vintage-de","11":"first","12":"instock","13":"taxable","14":"shipping-taxable","15":"purchasable","16":"product-type-simple"},"aioseo_notices":[],"_links":{"self":[{"href":"https:\/\/chrono-scope.ch\/de\/wp-json\/wp\/v2\/product\/29678","targetHints":{"allow":["GET"]}}],"collection":[{"href":"https:\/\/chrono-scope.ch\/de\/wp-json\/wp\/v2\/product"}],"about":[{"href":"https:\/\/chrono-scope.ch\/de\/wp-json\/wp\/v2\/types\/product"}],"version-history":[{"count":6,"href":"https:\/\/chrono-scope.ch\/de\/wp-json\/wp\/v2\/product\/29678\/revisions"}],"predecessor-version":[{"id":38530,"href":"https:\/\/chrono-scope.ch\/de\/wp-json\/wp\/v2\/product\/29678\/revisions\/38530"}],"wp:featuredmedia":[{"embeddable":true,"href":"https:\/\/chrono-scope.ch\/de\/wp-json\/wp\/v2\/media\/29676"}],"wp:attachment":[{"href":"https:\/\/chrono-scope.ch\/de\/wp-json\/wp\/v2\/media?parent=29678"}],"wp:term":[{"taxonomy":"product_brand","embeddable":true,"href":"https:\/\/chrono-scope.ch\/de\/wp-json\/wp\/v2\/product_brand?post=29678"},{"taxonomy":"product_cat","embeddable":true,"href":"https:\/\/chrono-scope.ch\/de\/wp-json\/wp\/v2\/product_cat?post=29678"},{"taxonomy":"product_tag","embeddable":true,"href":"https:\/\/chrono-scope.ch\/de\/wp-json\/wp\/v2\/product_tag?post=29678"}],"curies":[{"name":"wp","href":"https:\/\/api.w.org\/{rel}","templated":true}]}}