{"id":29560,"date":"2025-09-05T09:35:33","date_gmt":"2025-09-05T09:35:33","guid":{"rendered":"https:\/\/chrono-scope.ch\/product\/universal-geneve-white-shadow-ellipse-microrotor-kal-2-66-mintblaues-zifferblatt\/"},"modified":"2025-10-27T08:23:15","modified_gmt":"2025-10-27T08:23:15","slug":"universal-geneve-white-shadow-ellipse-microrotor-kal-2-66-mintblaues-zifferblatt","status":"publish","type":"product","link":"https:\/\/chrono-scope.ch\/de\/produkt\/universal-geneve-white-shadow-ellipse-microrotor-kal-2-66-mintblaues-zifferblatt\/","title":{"rendered":"SOLD &#8211; Universal Gen\u00e8ve White Shadow Ellipse Ref. 866.104 Roman Dial With Box"},"content":{"rendered":"<p style=\"text-align: left\"><strong>MODELL\/REFERENZ:<\/strong> Universal Geneve \u201eWhite Shadow\u201c Blue Ellipse, Seriennummer: 3\u2019367\u2019373. Inventarnummer: 250701-2<\/p>\n<p style=\"text-align: left\"><strong>ZIFFERN + ZEIGER:<\/strong> Das tiefblaue Zifferblatt ist ein echter Blickfang. Der kontrastierende wei\u00dfe Aufdruck ist scharf und weist keine Abnutzungen oder Besch\u00e4digungen auf.<\/p>\n<p style=\"text-align: left\">Das Zifferblatt ist nahezu neuwertig. Siehe Abbildungen.<\/p>\n<p style=\"text-align: left\"><strong>GLAS:<\/strong> Das Mineralglas ist sauber.<\/p>\n<p style=\"text-align: left\"><strong>GEH\u00c4USE:<\/strong> Mit seiner markanten elliptischen Form strahlt das Edelstahlgeh\u00e4use viel Charakter und zeitlose Anziehungskraft aus. Es ist 31 mm breit, 34,5 mm lang und wirkt unpoliert mit klar definierten Konturlinien. Die Oberfl\u00e4che weist minimale Gebrauchsspuren auf, die auf sorgf\u00e4ltigen Gebrauch zur\u00fcckzuf\u00fchren sind.<\/p>\n<p style=\"text-align: left\"><strong>GEH\u00c4USEBODEN:<\/strong> Der aufsteckbare Edelstahlboden ist insgesamt in gutem Zustand, erkennbar an der vertikal geb\u00fcrsteten Oberfl\u00e4che sowie zwei klar gepr\u00e4gten Referenz- und Seriennummern. Die Oberfl\u00e4che weist wenige Kratzer und einige altersbedingte Dellen auf. Die Innenseite ist sauber und tr\u00e4gt alle korrekten Stempel.<\/p>\n<p style=\"text-align: left\"><strong>KRONE:<\/strong> Signierte Krone<\/p>\n<p style=\"text-align: left\"><strong>UHRWERK:<\/strong> Das hauseigene Kaliber 2-66 galt damals als das flachste Automatikwerk der Welt. Es ist ein \u00e4u\u00dferst zuverl\u00e4ssiges Uhrwerk, das in zwei Positionen reguliert wurde und mit dem charakteristischen Mikrorotor ausgestattet ist. Es wurde gepr\u00fcft, l\u00e4uft zuverl\u00e4ssig und h\u00e4lt die Zeit genau.<\/p>\n<p style=\"text-align: left\"><strong>BAND:<\/strong> Das seidenweiche Milanaise-Armband befindet sich in ausgezeichnetem \u00e4sthetischen Zustand und wird mit einer signierten Schlie\u00dfe geliefert.<\/p>\n<p style=\"text-align: left\"><strong>ZUBEH\u00d6R:<\/strong> Universal Geneve Box<\/p>\n<p style=\"text-align: left\">Zifferblatt, Krone, Geh\u00e4useboden, Armband und Uhrwerk sind signiert. Die Uhr ist voll funktionsf\u00e4hig und sofort einsatzbereit.<\/p>\n<p style=\"text-align: left\"><strong>GARANTIE:<\/strong> Wir gew\u00e4hren 12 Monate Garantie auf die einwandfreie Funktion dieser Uhr. Alle Garantien unterliegen den Allgemeinen Gesch\u00e4ftsbedingungen.<\/p>\n<p style=\"text-align: left\">Bei Fragen stehen wir Ihnen gerne zur Verf\u00fcgung. Eine pers\u00f6nliche oder virtuelle Besichtigung ist nach Vereinbarung m\u00f6glich.<\/p>\n","protected":false},"excerpt":{"rendered":"<p style=\"text-align: left\">In der Welt der Uhrmacherei werden manche Uhren zu wahren Ikonen, die Trends und Generationen \u00fcberdauern und ein unverg\u00e4ngliches Erbe hinterlassen. Die originale Ellipse ist zweifellos eine Uhrenlegende. (Entschuldigung, Patek, wir sprechen hier von der Universal Geneve Ellipse!)<\/p>\n<p style=\"text-align: left\">Ja, das stimmt: Das Design der Universal Gen\u00e8ve Ellipse ist zwei Jahre \u00e4lter als das von Patek Philippe. Als Idee von Gerald Genta wurde dieses Modell schnell zum heimlichen Helden der Marke. Seine unverwechselbare ovale Form ist vom Goldenen Schnitt inspiriert, einem ausgewogenen Proportionssystem, das in der Natur allgegenw\u00e4rtig ist und somit eine emblematische \u00c4ra des Designs darstellt.<\/p>\n<p style=\"text-align: left\">Bitte lesen Sie den Zustandsbericht sorgf\u00e4ltig durch und ziehen Sie die hochaufl\u00f6senden Bilder heran, um den Gesamtzustand der Uhr zu beurteilen.<\/p>\n","protected":false},"featured_media":29534,"template":"","meta":{"om_disable_all_campaigns":false,"_monsterinsights_skip_tracking":false,"_monsterinsights_sitenote_active":false,"_monsterinsights_sitenote_note":"","_monsterinsights_sitenote_category":0},"product_brand":[],"product_cat":[112,71,74],"product_tag":[],"class_list":{"0":"post-29560","1":"product","2":"type-product","3":"status-publish","4":"has-post-thumbnail","6":"product_cat-universal-geneve-de","7":"product_cat-verkaufte-uhren","8":"product_cat-vintage-de","10":"first","11":"instock","12":"taxable","13":"shipping-taxable","14":"purchasable","15":"product-type-simple"},"aioseo_notices":[],"_links":{"self":[{"href":"https:\/\/chrono-scope.ch\/de\/wp-json\/wp\/v2\/product\/29560","targetHints":{"allow":["GET"]}}],"collection":[{"href":"https:\/\/chrono-scope.ch\/de\/wp-json\/wp\/v2\/product"}],"about":[{"href":"https:\/\/chrono-scope.ch\/de\/wp-json\/wp\/v2\/types\/product"}],"version-history":[{"count":4,"href":"https:\/\/chrono-scope.ch\/de\/wp-json\/wp\/v2\/product\/29560\/revisions"}],"predecessor-version":[{"id":30629,"href":"https:\/\/chrono-scope.ch\/de\/wp-json\/wp\/v2\/product\/29560\/revisions\/30629"}],"wp:featuredmedia":[{"embeddable":true,"href":"https:\/\/chrono-scope.ch\/de\/wp-json\/wp\/v2\/media\/29534"}],"wp:attachment":[{"href":"https:\/\/chrono-scope.ch\/de\/wp-json\/wp\/v2\/media?parent=29560"}],"wp:term":[{"taxonomy":"product_brand","embeddable":true,"href":"https:\/\/chrono-scope.ch\/de\/wp-json\/wp\/v2\/product_brand?post=29560"},{"taxonomy":"product_cat","embeddable":true,"href":"https:\/\/chrono-scope.ch\/de\/wp-json\/wp\/v2\/product_cat?post=29560"},{"taxonomy":"product_tag","embeddable":true,"href":"https:\/\/chrono-scope.ch\/de\/wp-json\/wp\/v2\/product_tag?post=29560"}],"curies":[{"name":"wp","href":"https:\/\/api.w.org\/{rel}","templated":true}]}}