{"id":29243,"date":"2025-09-02T16:27:04","date_gmt":"2025-09-02T16:27:04","guid":{"rendered":"https:\/\/chrono-scope.ch\/?post_type=product&#038;p=29243"},"modified":"2025-09-02T16:27:14","modified_gmt":"2025-09-02T16:27:14","slug":"omega-constellation-globemaster-annual-calendar-full-set-ref-130-33-41-22-06-001","status":"publish","type":"product","link":"https:\/\/chrono-scope.ch\/de\/produkt\/omega-constellation-globemaster-annual-calendar-full-set-ref-130-33-41-22-06-001\/","title":{"rendered":"Omega Constellation Globemaster Annual Calendar, full set, ref. 130.33.41.22.06.001"},"content":{"rendered":"<p style=\"text-align: left\"><strong>DIE GESCHICHTE:<\/strong><\/p>\n<p style=\"text-align: left\">Das \u201ePie Pan\u201c-Zifferblatt ist eine Hommage an die originale Constellation von 1952.<\/p>\n<p style=\"text-align: left\">Der Jahreskalender passt sich automatisch an Monate mit 30 oder 31 Tagen an und muss nur einmal j\u00e4hrlich im Februar korrigiert werden.<\/p>\n<p style=\"text-align: left\">Das Kaliber 8922 ist ein Meisterwerk antimagnetischer Technik und Pr\u00e4zision.<\/p>\n<p style=\"text-align: left\"><strong>SPEZIFIKATIONEN:<\/strong><\/p>\n<p style=\"text-align: left\"><strong>GEH\u00c4USE:<\/strong> 41 mm Edelstahl, geriffelte Wolframkarbid-L\u00fcnette (Hartmetall f\u00fcr Langlebigkeit). Transparentes Saphirglas mit zentralem Observatoriumsmedaillon. Wasserdicht: 100 Meter.<\/p>\n<p style=\"text-align: left\"><strong>ZIFFERBLATT:<\/strong> Sonnengeb\u00fcrstetes graues \u201ePie Pan\u201c-Geh\u00e4use mit Monatsmarkierungen am Rand, gebl\u00e4ute, facettierte Zeiger, gef\u00fcllt mit Super-LumiNova.<\/p>\n<p style=\"text-align: left\"><strong>GLAS:<\/strong> Gew\u00f6lbtes, kratzfestes Saphirglas mit Antireflexbeschichtung.<\/p>\n<p style=\"text-align: left\"><strong>ARMBAND:<\/strong> Blaues Alligatorleder mit Druckknopf-Faltschlie\u00dfe.<\/p>\n<p style=\"text-align: left\"><strong>UHRWERK:<\/strong> Omega Co-Axial Master Chronometer Kaliber 8922, 55 Stunden Gangreserve, magnetische Widerstandsf\u00e4higkeit bis 15.000 Gau\u00df.<\/p>\n<p style=\"text-align: left\"><strong>FUNKTIONEN:<\/strong> Jahreskalender (Monatsanzeige durch zentralen Zeiger), Datum<\/p>\n<p style=\"text-align: left\"><strong>Zertifizierung:<\/strong> METAS- und COSC-zertifizierter Master Chronometer<\/p>\n<p style=\"text-align: left\">Bei Fragen stehen wir Ihnen gerne zur Verf\u00fcgung. Virtuell oder pers\u00f6nlich<\/p>\n","protected":false},"excerpt":{"rendered":"<p style=\"text-align: left\">Im Auftrag eines privaten Sammlers bieten wir eine wundersch\u00f6ne Omega Globemaster Jahreskalender, Komplettset, Ref. 130.33.41.22.06.001, an. Die Uhr wird als Komplettset aus dem Jahr 2022 geliefert und hat eine 12-monatige Garantie. Inventarnummer: 26-06<\/p>\n<p style=\"text-align: left\"><strong>ZUSTAND:<\/strong> Hervorragend mit minimalen Gebrauchsspuren. Bitte beachten Sie die Bilder, um den Zustand der Uhr zu beurteilen.<\/p>\n<p style=\"text-align: left\"><strong>LIEFERUMFANG:<\/strong> Komplettset, wie urspr\u00fcnglich vom H\u00e4ndler verkauft, wie auf den Bildern gezeigt.<\/p>\n<p style=\"text-align: left\"><strong>GARANTIE:<\/strong> Wir garantieren die Echtheit der Uhr. Auf Ihren Kauf gew\u00e4hren wir 12 Monate Garantie.<\/p>\n","protected":false},"featured_media":29236,"template":"","meta":{"om_disable_all_campaigns":false,"_monsterinsights_skip_tracking":false,"_monsterinsights_sitenote_active":false,"_monsterinsights_sitenote_note":"","_monsterinsights_sitenote_category":0},"product_brand":[],"product_cat":[59,61],"product_tag":[],"class_list":{"0":"post-29243","1":"product","2":"type-product","3":"status-publish","4":"has-post-thumbnail","6":"product_cat-contemporary-de","7":"product_cat-omega-de","9":"first","10":"instock","11":"taxable","12":"shipping-taxable","13":"purchasable","14":"product-type-simple"},"aioseo_notices":[],"_links":{"self":[{"href":"https:\/\/chrono-scope.ch\/de\/wp-json\/wp\/v2\/product\/29243","targetHints":{"allow":["GET"]}}],"collection":[{"href":"https:\/\/chrono-scope.ch\/de\/wp-json\/wp\/v2\/product"}],"about":[{"href":"https:\/\/chrono-scope.ch\/de\/wp-json\/wp\/v2\/types\/product"}],"version-history":[{"count":1,"href":"https:\/\/chrono-scope.ch\/de\/wp-json\/wp\/v2\/product\/29243\/revisions"}],"predecessor-version":[{"id":29244,"href":"https:\/\/chrono-scope.ch\/de\/wp-json\/wp\/v2\/product\/29243\/revisions\/29244"}],"wp:featuredmedia":[{"embeddable":true,"href":"https:\/\/chrono-scope.ch\/de\/wp-json\/wp\/v2\/media\/29236"}],"wp:attachment":[{"href":"https:\/\/chrono-scope.ch\/de\/wp-json\/wp\/v2\/media?parent=29243"}],"wp:term":[{"taxonomy":"product_brand","embeddable":true,"href":"https:\/\/chrono-scope.ch\/de\/wp-json\/wp\/v2\/product_brand?post=29243"},{"taxonomy":"product_cat","embeddable":true,"href":"https:\/\/chrono-scope.ch\/de\/wp-json\/wp\/v2\/product_cat?post=29243"},{"taxonomy":"product_tag","embeddable":true,"href":"https:\/\/chrono-scope.ch\/de\/wp-json\/wp\/v2\/product_tag?post=29243"}],"curies":[{"name":"wp","href":"https:\/\/api.w.org\/{rel}","templated":true}]}}