{"id":29019,"date":"2025-08-20T12:58:56","date_gmt":"2025-08-20T12:58:56","guid":{"rendered":"https:\/\/chrono-scope.ch\/product\/universal-geneve-polerouter-gilt-dial-starry-night\/"},"modified":"2025-10-03T09:07:50","modified_gmt":"2025-10-03T09:07:50","slug":"universal-geneve-polerouter-gilt-dial-starry-night","status":"publish","type":"product","link":"https:\/\/chrono-scope.ch\/de\/produkt\/universal-geneve-polerouter-gilt-dial-starry-night\/","title":{"rendered":"SOLD &#8211; Universal Gen\u00e8ve Polerouter Gilt Dial &#8222;starry night&#8220;"},"content":{"rendered":"<p style=\"text-align: left\"><strong>MODELL\/REFERENZ:<\/strong> Universal Geneve Polerouter, Referenz 20368\/1. Die teilweise verblasste Seriennummer lautet 210888X. Sie liegt im korrekten Serienbereich f\u00fcr diese Referenz und datiert das Produktionsjahr auf ca. 1960\u20131961. Inventarnummer: 250708-1.<\/p>\n<p style=\"text-align: left\"><strong>ZIFFERN + ZEIGER:<\/strong> Das originale schwarze Zifferblatt ist elegant gealtert und weist eine gleichm\u00e4\u00dfige Patina mit Flecken sowie ein attraktives \u201eSpinnennetz\u201c-Muster auf.<br \/>\nDer hochgelobte Golddruck ist noch immer klar und deutlich und l\u00e4sst darauf schlie\u00dfen, dass das Zifferblatt nie manipuliert wurde.<br \/>\nDie Leuchtpunkte sind alle vorhanden und gleichm\u00e4\u00dfig gealtert und haben einen warmen Karamellton angenommen.<br \/>\nDas applizierte \u201eU\u201c-Logo, der umgebende Silberring und die Dauphine-Zeiger setzen einen willkommenen Kontrast zum Gesamtbild. Die originalen Zeiger sind sch\u00f6n gealtert, haben aber mit der Zeit ihre Leuchtmasse verloren.<\/p>\n<p style=\"text-align: left\"><strong>GLAS:<\/strong> Das Plexiglas ist in sehr gutem Zustand und weist keine gr\u00f6\u00dferen Flecken oder Kratzer auf. In der Mitte ist noch das charakteristische Logo der Marke zu sehen.<\/p>\n<p style=\"text-align: left\"><strong>GEH\u00c4USE:<\/strong> Mit seinen eleganten Lyra-\u00d6sen ist das Edelstahlgeh\u00e4use mit einem Durchmesser von 34 mm hervorragend tragbar.<br \/>\nObwohl es wahrscheinlich in der Vergangenheit poliert wurde, beh\u00e4lt es seine markanten Profillinien. Die Oberfl\u00e4che weist einige starke Gebrauchsspuren und Kratzer auf, die dem Alter und der Nutzung der Uhr entsprechen.<\/p>\n<p style=\"text-align: left\"><strong>GEH\u00c4USEBODEN:<\/strong> Der verschraubte Geh\u00e4useboden aus Edelstahl hat eine markante viereckige Form und weist sichtbare Gebrauchsspuren auf. Genau wie das Geh\u00e4use scheint er zuvor poliert worden zu sein.<br \/>\nDie Signaturgravur in der Mitte ist ebenso sichtbar wie die Serien- und Referenznummern.<br \/>\nDie Innenseite ist sauber, verziert und tr\u00e4gt die korrekten Stempel, einschlie\u00dflich des Geh\u00e4useherstellers: Huguenin Fr\u00e8res.<\/p>\n<p style=\"text-align: left\"><strong>KRONE:<\/strong> Die kleine, gew\u00f6lbte Krone tr\u00e4gt das Markenlogo und scheint in Ordnung zu sein. Sie funktioniert einwandfrei.<\/p>\n<p style=\"text-align: left\"><strong>UHRWERK:<\/strong> Das hauseigene Kaliber 218-9 ist ein \u00e4u\u00dferst zuverl\u00e4ssiges Uhrwerk mit 28 Steinen und nat\u00fcrlich dem charakteristischen Mikrorotor.<br \/>\nEs wurde von unserem Uhrmacher gepr\u00fcft; es l\u00e4uft einwandfrei und h\u00e4lt die Zeit f\u00fcr eine Vintage-Uhr gut.<\/p>\n<p style=\"text-align: left\"><strong>ARMBAND:<\/strong> Neu montiertes strukturiertes Lederarmband mit 18 mm Breite und einer Dornschlie\u00dfe aus Edelstahl.<\/p>\n<p style=\"text-align: left\"><strong>ZUBEH\u00d6R:<\/strong> Universelle Geneve-Box<br \/>\nZifferblatt, Krone, Geh\u00e4useboden und Uhrwerk sind signiert. Die Uhr ist voll funktionsf\u00e4hig und sofort einsatzbereit.<\/p>\n<p style=\"text-align: left\"><strong>GARANTIE:<\/strong> Wir garantieren die Echtheit der Uhr. Wir gew\u00e4hren au\u00dferdem 12 Monate Garantie auf die einwandfreie Funktion dieser Uhr. Alle Garantien unterliegen den Allgemeinen Gesch\u00e4ftsbedingungen.<br \/>\nBei Fragen stehen wir Ihnen gerne zur Verf\u00fcgung. Eine pers\u00f6nliche oder virtuelle Besichtigung ist nach Vereinbarung m\u00f6glich.<\/p>\n","protected":false},"excerpt":{"rendered":"<p style=\"text-align: left\">Die <strong>Universal Gen\u00e8ve Polerouter<\/strong> ist eines der ikonischsten Designs der Mitte des Jahrhunderts. Sie wurde in den 1950er Jahren vom jungen G\u00e9rald Genta als Hommage an die Pioniere des Interkontinentalflugs entworfen. Mit ihren eleganten Proportionen und der pr\u00e4zisen Geh\u00e4useausf\u00fchrung von Huguenin Fr\u00e8res wurde sie schnell zu einem Favoriten unter Sammlern.<\/p>\n<p style=\"text-align: left\">Dieses besondere Exemplar besticht durch sein wundersch\u00f6n gealtertes schwarzes Zifferblatt, das nun mit einer kosmischen Patina gesprenkelt ist, die an Van Goghs Sternennacht erinnert. Der seltene Golddruck verleiht dem Design einen Hauch von W\u00e4rme und Kontrast und wertet es zus\u00e4tzlich auf.<\/p>\n<p style=\"text-align: left\">Bitte lesen Sie den Zustandsbericht sorgf\u00e4ltig durch und ziehen Sie die hochaufl\u00f6senden Bilder heran, um den Gesamtzustand der Uhr zu beurteilen.<\/p>\n","protected":false},"featured_media":28984,"template":"","meta":{"om_disable_all_campaigns":false,"_monsterinsights_skip_tracking":false,"_monsterinsights_sitenote_active":false,"_monsterinsights_sitenote_note":"","_monsterinsights_sitenote_category":0},"product_brand":[],"product_cat":[112,71],"product_tag":[],"class_list":{"0":"post-29019","1":"product","2":"type-product","3":"status-publish","4":"has-post-thumbnail","6":"product_cat-universal-geneve-de","7":"product_cat-verkaufte-uhren","9":"first","10":"instock","11":"taxable","12":"shipping-taxable","13":"purchasable","14":"product-type-simple"},"aioseo_notices":[],"_links":{"self":[{"href":"https:\/\/chrono-scope.ch\/de\/wp-json\/wp\/v2\/product\/29019","targetHints":{"allow":["GET"]}}],"collection":[{"href":"https:\/\/chrono-scope.ch\/de\/wp-json\/wp\/v2\/product"}],"about":[{"href":"https:\/\/chrono-scope.ch\/de\/wp-json\/wp\/v2\/types\/product"}],"version-history":[{"count":3,"href":"https:\/\/chrono-scope.ch\/de\/wp-json\/wp\/v2\/product\/29019\/revisions"}],"predecessor-version":[{"id":30095,"href":"https:\/\/chrono-scope.ch\/de\/wp-json\/wp\/v2\/product\/29019\/revisions\/30095"}],"wp:featuredmedia":[{"embeddable":true,"href":"https:\/\/chrono-scope.ch\/de\/wp-json\/wp\/v2\/media\/28984"}],"wp:attachment":[{"href":"https:\/\/chrono-scope.ch\/de\/wp-json\/wp\/v2\/media?parent=29019"}],"wp:term":[{"taxonomy":"product_brand","embeddable":true,"href":"https:\/\/chrono-scope.ch\/de\/wp-json\/wp\/v2\/product_brand?post=29019"},{"taxonomy":"product_cat","embeddable":true,"href":"https:\/\/chrono-scope.ch\/de\/wp-json\/wp\/v2\/product_cat?post=29019"},{"taxonomy":"product_tag","embeddable":true,"href":"https:\/\/chrono-scope.ch\/de\/wp-json\/wp\/v2\/product_tag?post=29019"}],"curies":[{"name":"wp","href":"https:\/\/api.w.org\/{rel}","templated":true}]}}