{"id":28693,"date":"2025-07-29T07:51:53","date_gmt":"2025-07-29T07:51:53","guid":{"rendered":"https:\/\/chrono-scope.ch\/?post_type=product&#038;p=28693"},"modified":"2025-09-08T11:16:58","modified_gmt":"2025-09-08T11:16:58","slug":"lemania-monopusher-chronograph-for-the-british-royal-navy-reference-0552-920-3305","status":"publish","type":"product","link":"https:\/\/chrono-scope.ch\/de\/produkt\/lemania-monopusher-chronograph-for-the-british-royal-navy-reference-0552-920-3305\/","title":{"rendered":"SOLD &#8211; Lemania Monopusher Chronograph For The British Royal Navy Reference 0552\/920-3305"},"content":{"rendered":"<p style=\"text-align: left\"><span style=\"font-weight: 400\"><strong>MODELL\/REFERENZ:<\/strong> Lemania Monopusher Chronograph der zweiten Serie, Referenz 0552\/920-3305. Ausgestellt f\u00fcr die britische Royal Navy, stammt das Produktionsdatum vermutlich aus den 1950er Jahren.<\/span><\/p>\n<p style=\"text-align: left\"><span style=\"font-weight: 400\"><strong>ZIFFERBLATT + ZEIGER:<\/strong> Klar, gut lesbar und speziell gefertigt \u2013 das schwarze Zifferblatt verk\u00f6rpert milit\u00e4rischen Minimalismus in seiner besten Form. Es verf\u00fcgt \u00fcber strahlend wei\u00dfe arabische Ziffern, die breite Milit\u00e4rmarkierung bei 6 Uhr und das eingekreiste \u201eT\u201c, das die Verwendung von Tritium-Leuchtmasse anzeigt.<\/span><\/p>\n<p style=\"text-align: left\"><span style=\"font-weight: 400\">Das bikompaxe Design erm\u00f6glicht durch den Minutenz\u00e4hler bei 3 Uhr Zeitintervalle von bis zu 30 Minuten.<\/span><\/p>\n<p style=\"text-align: left\"><span style=\"font-weight: 400\">Die arabischen Ziffern bei 12 und 6 Uhr sowie die Stundenmarkierungen sind leuchtend. Sie sind alle intakt und haben einen satten Beigeton angenommen.<\/span><\/p>\n<p style=\"text-align: left\"><span style=\"font-weight: 400\">Die Spritzenzeiger funktionieren einwandfrei und befinden sich in sehr gutem Vintage-Zustand mit leichten Abnutzungserscheinungen an den Leuchteinlagen, die zu einem gr\u00fcnlich-grauen Farbton verblasst sind.<\/span><\/p>\n<p style=\"text-align: left\"><span style=\"font-weight: 400\">PS: Wir gehen davon aus, dass das Zifferblatt in der Vergangenheit \u00fcberarbeitet wurde, wahrscheinlich vom britischen Verteidigungsministerium, um die urspr\u00fcngliche Radium-Leuchtmasse zu entfernen und durch Tritium zu ersetzen, eine in den 1960er Jahren g\u00e4ngige Praxis.<\/span><\/p>\n<p style=\"text-align: left\"><span style=\"font-weight: 400\"><strong>GLAS:<\/strong> Plexiglas in hervorragendem Zustand mit sehr leichten Kratzern.<\/span><\/p>\n<p style=\"text-align: left\"><span style=\"font-weight: 400\"><strong>GEH\u00c4USE:<\/strong> Das gestufte Edelstahlgeh\u00e4use besticht durch seinen Durchmesser von 38 mm und die Bandansto\u00dfl\u00e4nge von 46 mm. Die Federstege sind f\u00fcr zus\u00e4tzliche Sicherheit mit dem Geh\u00e4use verschwei\u00dft.<\/span><\/p>\n<p style=\"text-align: left\"><span style=\"font-weight: 400\">Die Uhr befindet sich in einem sehr guten Originalzustand mit vereinzelten Kratzern, wie man es von einer solchen Uhr erwarten w\u00fcrde.<\/span><\/p>\n<p style=\"text-align: left\"><span style=\"font-weight: 400\"><strong>GEH\u00c4USEBODEN:<\/strong> Der verschraubte Geh\u00e4useboden hat sechs Kerben und ein konzentrisches Finish. Er ist mit sehr tiefen und gut lesbaren Gravuren versehen, darunter der charakteristische breite Pfeil des Verteidigungsministeriums sowie die Referenz- und Servicenummern. In der N\u00e4he der \u00d6ffnungskerben sind zudem mehrere deutliche Kratzer zu sehen.<\/span><\/p>\n<p style=\"text-align: left\"><span style=\"font-weight: 400\">Die Innenseite ist sauber und weist ein sch\u00f6nes Perlmuttdekor auf.<\/span><\/p>\n<p style=\"text-align: left\"><span style=\"font-weight: 400\"><strong>UHRWERK:<\/strong> Signiertes Lemania Kal. 15CHT mit Handaufzug. Dieses vergoldete, funktionst\u00fcchtige Uhrwerk ist nummeriert. Es wurde gepr\u00fcft, sodass alle Funktionen einwandfrei laufen und die Zeitmessung erstklassig ist.<\/span><\/p>\n<p style=\"text-align: left\"><span style=\"font-weight: 400\"><strong>KRONE + DR\u00dcCKER:<\/strong> Die Aufzugskrone scheint trotz fehlender Signatur einwandfrei zu funktionieren. Die Uhr ist in ausgezeichnetem Zustand und funktioniert einwandfrei, vom Aufziehen bis zur Zeiteinstellung.<\/span><\/p>\n<p style=\"text-align: left\"><span style=\"font-weight: 400\">Der Pumpenchronographendr\u00fccker bei 2 Uhr bet\u00e4tigt pr\u00e4zise die Chronographenfunktion und startet, stoppt und setzt sie zur\u00fcck.<\/span><\/p>\n<p style=\"text-align: left\"><span style=\"font-weight: 400\"><strong>BAND:<\/strong> 20 mm schwarzes Lederarmband mit Edelstahl-Dornschlie\u00dfe.<\/span><\/p>\n<p style=\"text-align: left\"><span style=\"font-weight: 400\"><strong>ZUBEH\u00d6R:<\/strong> Uhrenrolle aus Saffianoleder.<\/span><\/p>\n<p style=\"text-align: left\"><span style=\"font-weight: 400\"><strong>GARANTIE:<\/strong> Wir garantieren die Echtheit der Uhr. Wir gew\u00e4hren au\u00dferdem 12 Monate Garantie auf die einwandfreie Funktion dieser Uhr. Alle Garantien unterliegen den Allgemeinen Gesch\u00e4ftsbedingungen.<\/span><\/p>\n<p style=\"text-align: left\"><span style=\"font-weight: 400\">Bei Fragen stehen wir Ihnen gerne zur Verf\u00fcgung. Eine pers\u00f6nliche oder virtuelle Besichtigung ist nach Vereinbarung m\u00f6glich.<\/span><\/p>\n","protected":false},"excerpt":{"rendered":"<p style=\"text-align: left\"><span style=\"font-weight: 400\">Die <strong>Lemania Monopusher<\/strong> wurde Mitte des 20. Jahrhunderts an die britischen Streitkr\u00e4fte ausgegeben und ist eine Uhr, die im harten Einsatz stets zuverl\u00e4ssig tickte. Mit ihrer Ein-Dr\u00fccker-Chronographenfunktion, dem mattschwarzen Zifferblatt mit breiter Pfeilmarkierung und einem 38-mm-Geh\u00e4use mit festen Stegen ist diese Uhr f\u00fcr Pr\u00e4zision unter Druck konzipiert: Ein Dr\u00fccker, zwei Hilfszifferbl\u00e4tter \u2013 kein Schnickschnack!<\/span><\/p>\n<p style=\"text-align: left\"><span style=\"font-weight: 400\">Bitte lesen Sie den Zustandsbericht sorgf\u00e4ltig durch und ziehen Sie die hochaufl\u00f6senden Bilder heran, um den Gesamtzustand der Uhr zu beurteilen.<\/span><\/p>\n","protected":false},"featured_media":28537,"template":"","meta":{"om_disable_all_campaigns":false,"_monsterinsights_skip_tracking":false,"_monsterinsights_sitenote_active":false,"_monsterinsights_sitenote_note":"","_monsterinsights_sitenote_category":0},"product_brand":[],"product_cat":[67,71,74],"product_tag":[],"class_list":{"0":"post-28693","1":"product","2":"type-product","3":"status-publish","4":"has-post-thumbnail","6":"product_cat-lemania-lemania-movements","7":"product_cat-verkaufte-uhren","8":"product_cat-vintage-de","10":"first","11":"instock","12":"taxable","13":"shipping-taxable","14":"purchasable","15":"product-type-simple"},"aioseo_notices":[],"_links":{"self":[{"href":"https:\/\/chrono-scope.ch\/de\/wp-json\/wp\/v2\/product\/28693","targetHints":{"allow":["GET"]}}],"collection":[{"href":"https:\/\/chrono-scope.ch\/de\/wp-json\/wp\/v2\/product"}],"about":[{"href":"https:\/\/chrono-scope.ch\/de\/wp-json\/wp\/v2\/types\/product"}],"version-history":[{"count":2,"href":"https:\/\/chrono-scope.ch\/de\/wp-json\/wp\/v2\/product\/28693\/revisions"}],"predecessor-version":[{"id":29631,"href":"https:\/\/chrono-scope.ch\/de\/wp-json\/wp\/v2\/product\/28693\/revisions\/29631"}],"wp:featuredmedia":[{"embeddable":true,"href":"https:\/\/chrono-scope.ch\/de\/wp-json\/wp\/v2\/media\/28537"}],"wp:attachment":[{"href":"https:\/\/chrono-scope.ch\/de\/wp-json\/wp\/v2\/media?parent=28693"}],"wp:term":[{"taxonomy":"product_brand","embeddable":true,"href":"https:\/\/chrono-scope.ch\/de\/wp-json\/wp\/v2\/product_brand?post=28693"},{"taxonomy":"product_cat","embeddable":true,"href":"https:\/\/chrono-scope.ch\/de\/wp-json\/wp\/v2\/product_cat?post=28693"},{"taxonomy":"product_tag","embeddable":true,"href":"https:\/\/chrono-scope.ch\/de\/wp-json\/wp\/v2\/product_tag?post=28693"}],"curies":[{"name":"wp","href":"https:\/\/api.w.org\/{rel}","templated":true}]}}