{"id":28183,"date":"2025-07-15T10:33:15","date_gmt":"2025-07-15T10:33:15","guid":{"rendered":"https:\/\/chrono-scope.ch\/product\/rolex-gmt-master-ii-reference-116710ln\/"},"modified":"2026-04-17T16:21:09","modified_gmt":"2026-04-17T16:21:09","slug":"rolex-gmt-master-ii-reference-116710ln","status":"publish","type":"product","link":"https:\/\/chrono-scope.ch\/de\/produkt\/rolex-gmt-master-ii-reference-116710ln\/","title":{"rendered":"SOLD &#8211; Rolex GMT Master II Reference 116710LN"},"content":{"rendered":"<p style=\"text-align: left\"><strong>DIE GESCHICHTE:<\/strong><\/p>\n<p style=\"text-align: left\">Die Rolex GMT-Master wurde 1955 erstmals vorgestellt und entstand aus einer Notwendigkeit heraus: eine Uhr mit zwei Zeitzonen f\u00fcr Pan-Am-Piloten in den Anf\u00e4ngen des internationalen Langstreckenflugs. Mit drehbarer L\u00fcnette und zus\u00e4tzlichem 24-Stunden-Zeiger wurde sie sofort zu einer Ikone unter den Werkzeuguhren.<\/p>\n<p style=\"text-align: left\">Die Referenz 116710LN war die erste GMT-Master II mit der von Rolex entwickelten Cerachrom-Keramik-Zahlenscheibe und die erste GMT, die ausschlie\u00dflich in 904L-Stahl mit gl\u00e4nzend schwarzer L\u00fcnette angeboten wurde. Damit er\u00f6ffnete sie eine neue Welt der Langlebigkeit und technischen Pr\u00e4zision \u2013 mit einer monochromen Interpretation eines traditionell farbenfrohen Designs.<\/p>\n<p style=\"text-align: left\"><strong>SPEZIFIKATIONEN:<\/strong><\/p>\n<p style=\"text-align: left\"><strong>GEH\u00c4USE:<\/strong> 40-mm-Osyter-Geh\u00e4use aus poliertem 904L-Edelstahl. Cerachrom-Keramik-L\u00fcnette in Schwarz mit gravierten Ziffern und einer Platin-PVD-Beschichtung. Extrem kratzfest, UV-best\u00e4ndig und tiefgl\u00e4nzend.<\/p>\n<p style=\"text-align: left\"><strong>UHRWERK:<\/strong> Manufakturkaliber 3186 mit Automatikaufzug und Parachrom Bleu-Spirale f\u00fcr antimagnetische Eigenschaften und Sto\u00dffestigkeit. Unabh\u00e4ngige Einstellung des Stundenzeigers \u2013 das Markenzeichen einer echten GMT-Komplikation.<\/p>\n<p style=\"text-align: left\"><strong>ZIFFERBLATT:<\/strong> Hochgl\u00e4nzender Schwarzlack mit Chromalight-Leuchtmasse f\u00fcr langanhaltendes blaues Leuchten. Der gr\u00fcne GMT-Zeiger und der passende \u201eGMT-Master II\u201c-Schriftzug setzen einen Farbtupfer.<\/p>\n<p style=\"text-align: left\"><strong>BAND:<\/strong> Oyster-Armband aus 904L Edelstahl mit polierten Mittelgliedern und signierter Faltschlie\u00dfe.<\/p>\n<p style=\"text-align: left\">Bei Fragen stehen wir Ihnen gerne zur Verf\u00fcgung. Virtuelle oder pers\u00f6nliche Besichtigung nur nach Vereinbarung.<\/p>\n<p style=\"text-align: left\">\n","protected":false},"excerpt":{"rendered":"<p style=\"text-align: left\">Im Auftrag eines privaten Sammlers bieten wir eine <strong>Rolex GMT Master II Ref. 116710LN<\/strong> an. Sie wird als komplettes Set aus dem Jahr 2014 geliefert.<\/p>\n<p style=\"text-align: left\"><strong>ZUSTAND:<\/strong> Gebraucht, sehr guter Zustand.<\/p>\n<p style=\"text-align: left\"><strong>LIEFERUMFANG<\/strong>: Komplettes Set, wie urspr\u00fcnglich vom H\u00e4ndler verkauft, siehe Abbildungen.<\/p>\n<p style=\"text-align: left\"><strong>GARANTIE:<\/strong> Wir garantieren die Echtheit der Uhr. 12 Monate Garantie.<\/p>\n","protected":false},"featured_media":28165,"template":"","meta":{"om_disable_all_campaigns":false,"_monsterinsights_skip_tracking":false,"_monsterinsights_sitenote_active":false,"_monsterinsights_sitenote_note":"","_monsterinsights_sitenote_category":0},"product_brand":[],"product_cat":[59,62,71],"product_tag":[],"class_list":{"0":"post-28183","1":"product","2":"type-product","3":"status-publish","4":"has-post-thumbnail","6":"product_cat-contemporary-de","7":"product_cat-rolex-de","8":"product_cat-verkaufte-uhren","10":"first","11":"outofstock","12":"taxable","13":"shipping-taxable","14":"purchasable","15":"product-type-simple"},"aioseo_notices":[],"_links":{"self":[{"href":"https:\/\/chrono-scope.ch\/de\/wp-json\/wp\/v2\/product\/28183","targetHints":{"allow":["GET"]}}],"collection":[{"href":"https:\/\/chrono-scope.ch\/de\/wp-json\/wp\/v2\/product"}],"about":[{"href":"https:\/\/chrono-scope.ch\/de\/wp-json\/wp\/v2\/types\/product"}],"version-history":[{"count":3,"href":"https:\/\/chrono-scope.ch\/de\/wp-json\/wp\/v2\/product\/28183\/revisions"}],"predecessor-version":[{"id":38540,"href":"https:\/\/chrono-scope.ch\/de\/wp-json\/wp\/v2\/product\/28183\/revisions\/38540"}],"wp:featuredmedia":[{"embeddable":true,"href":"https:\/\/chrono-scope.ch\/de\/wp-json\/wp\/v2\/media\/28165"}],"wp:attachment":[{"href":"https:\/\/chrono-scope.ch\/de\/wp-json\/wp\/v2\/media?parent=28183"}],"wp:term":[{"taxonomy":"product_brand","embeddable":true,"href":"https:\/\/chrono-scope.ch\/de\/wp-json\/wp\/v2\/product_brand?post=28183"},{"taxonomy":"product_cat","embeddable":true,"href":"https:\/\/chrono-scope.ch\/de\/wp-json\/wp\/v2\/product_cat?post=28183"},{"taxonomy":"product_tag","embeddable":true,"href":"https:\/\/chrono-scope.ch\/de\/wp-json\/wp\/v2\/product_tag?post=28183"}],"curies":[{"name":"wp","href":"https:\/\/api.w.org\/{rel}","templated":true}]}}