{"id":28087,"date":"2025-07-14T13:02:09","date_gmt":"2025-07-14T13:02:09","guid":{"rendered":"https:\/\/chrono-scope.ch\/?post_type=product&#038;p=28087"},"modified":"2026-04-17T16:11:43","modified_gmt":"2026-04-17T16:11:43","slug":"patek-philippe-calatrava-reference-6006g-001","status":"publish","type":"product","link":"https:\/\/chrono-scope.ch\/de\/produkt\/patek-philippe-calatrava-reference-6006g-001\/","title":{"rendered":"SOLD &#8211; Patek Philippe Calatrava Reference 6006G-001"},"content":{"rendered":"<p style=\"text-align: left\"><span data-contrast=\"auto\"><strong>DIE GESCHICHTE:<\/strong><\/span><span data-ccp-props=\"{}\">\u00a0<\/span><\/p>\n<p style=\"text-align: left\"><span data-contrast=\"auto\">Seit ihrer Einf\u00fchrung im Jahr 1932 verk\u00f6rpert die Patek Philippe Calatrava die Markenphilosophie in Reinkultur: raffinierte Eleganz, funktionale Klarheit und uhrmacherische Raffinesse. Im Laufe der Jahrzehnte hat die Calatrava viele Formen angenommen, stets mit dem Fokus auf zeitlosem Design: Niemals Trends hinterherjagen, sondern sie stets unauff\u00e4llig anf\u00fchren.<\/span><span data-ccp-props=\"{}\">\u00a0<\/span><\/p>\n<p style=\"text-align: left\"><span data-contrast=\"auto\">Die 2017 eingef\u00fchrte Ref. 6006G interpretiert dieses Erbe mit einem modernen, grafischen Touch neu: Sie ist eine Calatrava, aber anders als alle anderen. Es wirkt wie eine Anspielung auf die Instrumentenzifferbl\u00e4tter der Mitte des Jahrhunderts, die Bauhaus-Typografie und den starken Kontrast des 21. Jahrhunderts \u2013 alles in Wei\u00dfgold geh\u00fcllt.<\/span><span data-ccp-props=\"{}\">\u00a0<\/span><\/p>\n<p style=\"text-align: left\"><strong>SPEZIFIKATIONEN:<\/strong><span data-ccp-props=\"{}\">\u00a0<\/span><\/p>\n<p style=\"text-align: left\"><span data-contrast=\"auto\"><strong>GEH\u00c4USE:<\/strong> 39-mm-Wei\u00dfgoldgeh\u00e4use, ultraflach und poliert, mit dezenten Bandanst\u00f6\u00dfen und abgeschr\u00e4gter L\u00fcnette: Pure Eleganz aus jedem Blickwinkel.<\/span><span data-ccp-props=\"{}\">\u00a0<\/span><\/p>\n<p style=\"text-align: left\"><span data-contrast=\"auto\"><strong>UHRWERK:<\/strong> Manufakturkaliber 240 PS C. Ein ultraflaches Mikrorotorwerk mit Datum und kleiner Sekunde, gefertigt nach den h\u00f6chsten Standards des Genfer Siegels: Anglierte Br\u00fccken, kreisf\u00f6rmige K\u00f6rnung und makellose Streifen.<\/span><span data-ccp-props=\"{}\">\u00a0<\/span><\/p>\n<p style=\"text-align: left\"><span data-contrast=\"auto\"><strong>ZIFFERBLATT:<\/strong> Schwarzes Zifferblatt, unterteilt in konzentrische Ringe, mit gek\u00f6rnter Mitte und klarer radialer Anordnung. Das markante dezentrale Sekunden-Hilfszifferblatt bei 4 Uhr sorgt f\u00fcr Spannung und Charakter. Die arabischen Ziffern, die Minutenmarkierungen und die ungew\u00f6hnliche Datumsanzeige (auf der \u00e4u\u00dfersten Skala) bieten hohe Ablesbarkeit und eine wunderbar originelle Funktionalit\u00e4t.<\/span><span data-ccp-props=\"{}\">\u00a0<\/span><\/p>\n<p style=\"text-align: left\"><span data-contrast=\"auto\"><strong>BAND:<\/strong> Ebenholzschwarzes Alligatorarmband, das die modernistische \u00c4sthetik verk\u00f6rpert und gleichzeitig ihren formalen Charakter bewahrt. Calatrava-Kreuzfaltschlie\u00dfe aus Wei\u00dfgold.<\/span><span data-ccp-props=\"{}\">\u00a0<\/span><\/p>\n<p style=\"text-align: left\"><span data-contrast=\"auto\">Bei Fragen stehen wir Ihnen gerne zur Verf\u00fcgung. Virtuelle oder pers\u00f6nliche Besichtigung nur nach Vereinbarung.<\/span><span data-ccp-props=\"{}\">\u00a0<\/span><\/p>\n","protected":false},"excerpt":{"rendered":"<p style=\"text-align: left\"><span data-contrast=\"auto\">Im Auftrag eines privaten Sammlers bieten wir diese atemberaubende <strong>Patek Philippe Calatrava Ref. 6006G<\/strong> an. Sie wird als Komplettset aus dem Jahr 2019 geliefert.<\/span><span data-ccp-props=\"{}\">\u00a0<\/span><\/p>\n<p style=\"text-align: left\"><span data-contrast=\"auto\"><strong>ZUSTAND:<\/strong> Neu, ungetragen.<\/span><span data-ccp-props=\"{}\">\u00a0<\/span><\/p>\n<p style=\"text-align: left\"><span data-contrast=\"auto\"><strong>LIEFERUMFANG:<\/strong> Komplettset, wie urspr\u00fcnglich vom H\u00e4ndler verkauft, siehe Abbildungen.<\/span><span data-ccp-props=\"{}\">\u00a0<\/span><\/p>\n<p style=\"text-align: left\"><span data-contrast=\"auto\"><strong>GARANTIE:<\/strong> Wir garantieren die Echtheit der Uhr. 12 Monate Garantie.<\/span><span data-ccp-props=\"{}\">\u00a0<\/span><\/p>\n","protected":false},"featured_media":28066,"template":"","meta":{"om_disable_all_campaigns":false,"_monsterinsights_skip_tracking":false,"_monsterinsights_sitenote_active":false,"_monsterinsights_sitenote_note":"","_monsterinsights_sitenote_category":0},"product_brand":[],"product_cat":[59,280,71],"product_tag":[],"class_list":{"0":"post-28087","1":"product","2":"type-product","3":"status-publish","4":"has-post-thumbnail","6":"product_cat-contemporary-de","7":"product_cat-patek-philippe-de","8":"product_cat-verkaufte-uhren","10":"first","11":"outofstock","12":"taxable","13":"shipping-taxable","14":"purchasable","15":"product-type-simple"},"aioseo_notices":[],"_links":{"self":[{"href":"https:\/\/chrono-scope.ch\/de\/wp-json\/wp\/v2\/product\/28087","targetHints":{"allow":["GET"]}}],"collection":[{"href":"https:\/\/chrono-scope.ch\/de\/wp-json\/wp\/v2\/product"}],"about":[{"href":"https:\/\/chrono-scope.ch\/de\/wp-json\/wp\/v2\/types\/product"}],"version-history":[{"count":4,"href":"https:\/\/chrono-scope.ch\/de\/wp-json\/wp\/v2\/product\/28087\/revisions"}],"predecessor-version":[{"id":38534,"href":"https:\/\/chrono-scope.ch\/de\/wp-json\/wp\/v2\/product\/28087\/revisions\/38534"}],"wp:featuredmedia":[{"embeddable":true,"href":"https:\/\/chrono-scope.ch\/de\/wp-json\/wp\/v2\/media\/28066"}],"wp:attachment":[{"href":"https:\/\/chrono-scope.ch\/de\/wp-json\/wp\/v2\/media?parent=28087"}],"wp:term":[{"taxonomy":"product_brand","embeddable":true,"href":"https:\/\/chrono-scope.ch\/de\/wp-json\/wp\/v2\/product_brand?post=28087"},{"taxonomy":"product_cat","embeddable":true,"href":"https:\/\/chrono-scope.ch\/de\/wp-json\/wp\/v2\/product_cat?post=28087"},{"taxonomy":"product_tag","embeddable":true,"href":"https:\/\/chrono-scope.ch\/de\/wp-json\/wp\/v2\/product_tag?post=28087"}],"curies":[{"name":"wp","href":"https:\/\/api.w.org\/{rel}","templated":true}]}}