{"id":27844,"date":"2025-07-08T14:37:37","date_gmt":"2025-07-08T14:37:37","guid":{"rendered":"https:\/\/chrono-scope.ch\/product\/rolex-cosmograph-daytona-aph-dial-ref-116520-rolex-service\/"},"modified":"2025-10-10T10:24:16","modified_gmt":"2025-10-10T10:24:16","slug":"rolex-cosmograph-daytona-aph-dial-ref-116520-rolex-service","status":"publish","type":"product","link":"https:\/\/chrono-scope.ch\/de\/produkt\/rolex-cosmograph-daytona-aph-dial-ref-116520-rolex-service\/","title":{"rendered":"SOLD &#8211; Rolex Cosmograph Daytona \u201cAPH Dial\u201d ref. 116520, Rolex Service"},"content":{"rendered":"<p style=\"text-align: left\"><strong>DIE GESCHICHTE:<\/strong><br \/>\nDie im Jahr 2000 eingef\u00fchrte Daytona Referenz 116520 markierte einen Wendepunkt in der Geschichte des Modells. Nachdem Rolex jahrzehntelang auf Uhrwerke von Drittanbietern angewiesen war, pr\u00e4sentierte das Kaliber 4130 endlich sein eigenes Chronographenwerk und setzte damit neue Ma\u00dfst\u00e4be in puncto Zuverl\u00e4ssigkeit und Pr\u00e4zision.<\/p>\n<p style=\"text-align: left\">Unter den zahlreichen Exemplaren des Kalibers 116520 sticht eine Besonderheit hervor, die die Aufmerksamkeit von Rolex-Fans auf sich gezogen hat: das \u201eAPH\u201c-Zifferblatt. Auf diesen seltenen Zifferbl\u00e4ttern f\u00e4llt eine dezente, aber deutlich erkennbare typografische L\u00fccke im Wort \u201eCOSMOGRAPH\u201c auf, wodurch \u201eCOSMO\u201c und \u201eGRAPH\u201c leicht voneinander getrennt erscheinen. Diese ungew\u00f6hnliche L\u00fccke gibt der Variante ihren Spitznamen: \u201eAPH\u201c bezieht sich auf die letzten drei Buchstaben von \u201eCOSMOGRAPH\u201c.<\/p>\n<p style=\"text-align: left\"><strong>TECHNISCHE DATEN:<\/strong><\/p>\n<p style=\"text-align: left\"><strong>GEH\u00c4USE:<\/strong> 40-mm-Osyter-Geh\u00e4use aus poliertem 904L-Edelstahl.<\/p>\n<p style=\"text-align: left\"><strong>L\u00dcNETTE:<\/strong> Feste Stahll\u00fcnette mit gravierter Tachymeterskala.<\/p>\n<p style=\"text-align: left\"><strong>UHRWERK:<\/strong> Eigenes Kaliber 4130 Automatik-Chronograph<\/p>\n<p style=\"text-align: left\"><strong>ZIFFERBLATT:<\/strong> Wei\u00dfes Tricompax-Zifferblatt mit dem begehrten \u201eAPH\u201c-Schriftzug, silbernen Unterringen, applizierten Leuchtindizes und passendem Zeigersatz.<\/p>\n<p style=\"text-align: left\"><strong>BAND:<\/strong> Oyster-Armband aus 904L-Edelstahl mit massiven Endgliedern und signierter Faltschlie\u00dfe.<\/p>\n<p style=\"text-align: left\">Bei Fragen stehen wir Ihnen gerne zur Verf\u00fcgung. Virtuelle oder pers\u00f6nliche Besichtigung nur nach Vereinbarung.<\/p>\n","protected":false},"excerpt":{"rendered":"<p style=\"text-align: left\"><strong>Rolex Cosmograph Daytona \u201eAPH Dial\u201c Ref. 116520, Rolex Service<\/strong><\/p>\n<p style=\"text-align: left\">Im Auftrag eines privaten Sammlers bieten wir eine erhabene Rolex Cosmograph Daytona Ref. 116520 an. Sie stammt aus dem Jahr 2012 und wurde im April 2024 von Rolex general\u00fcberholt.<\/p>\n<p style=\"text-align: left\"><strong>ZUSTAND:<\/strong> In ausgezeichnetem Zustand, ungetragen seit dem Rolex Service 2024. Bitte beachten Sie die Bilder, um den Zustand der Uhr zu beurteilen.<\/p>\n<p style=\"text-align: left\"><strong>LIEFERUMFANG:<\/strong> Komplettes Set, wie urspr\u00fcnglich vom H\u00e4ndler verkauft, siehe Bilder.<\/p>\n<p style=\"text-align: left\"><strong>GARANTIE:<\/strong> Wir garantieren die Echtheit der Uhr. Die Uhr unterliegt der Herstellergarantie bis 2027.<\/p>\n","protected":false},"featured_media":27828,"template":"","meta":{"om_disable_all_campaigns":false,"_monsterinsights_skip_tracking":false,"_monsterinsights_sitenote_active":false,"_monsterinsights_sitenote_note":"","_monsterinsights_sitenote_category":0},"product_brand":[],"product_cat":[71],"product_tag":[],"class_list":{"0":"post-27844","1":"product","2":"type-product","3":"status-publish","4":"has-post-thumbnail","6":"product_cat-verkaufte-uhren","8":"first","9":"instock","10":"taxable","11":"shipping-taxable","12":"purchasable","13":"product-type-simple"},"aioseo_notices":[],"_links":{"self":[{"href":"https:\/\/chrono-scope.ch\/de\/wp-json\/wp\/v2\/product\/27844","targetHints":{"allow":["GET"]}}],"collection":[{"href":"https:\/\/chrono-scope.ch\/de\/wp-json\/wp\/v2\/product"}],"about":[{"href":"https:\/\/chrono-scope.ch\/de\/wp-json\/wp\/v2\/types\/product"}],"version-history":[{"count":8,"href":"https:\/\/chrono-scope.ch\/de\/wp-json\/wp\/v2\/product\/27844\/revisions"}],"predecessor-version":[{"id":30151,"href":"https:\/\/chrono-scope.ch\/de\/wp-json\/wp\/v2\/product\/27844\/revisions\/30151"}],"wp:featuredmedia":[{"embeddable":true,"href":"https:\/\/chrono-scope.ch\/de\/wp-json\/wp\/v2\/media\/27828"}],"wp:attachment":[{"href":"https:\/\/chrono-scope.ch\/de\/wp-json\/wp\/v2\/media?parent=27844"}],"wp:term":[{"taxonomy":"product_brand","embeddable":true,"href":"https:\/\/chrono-scope.ch\/de\/wp-json\/wp\/v2\/product_brand?post=27844"},{"taxonomy":"product_cat","embeddable":true,"href":"https:\/\/chrono-scope.ch\/de\/wp-json\/wp\/v2\/product_cat?post=27844"},{"taxonomy":"product_tag","embeddable":true,"href":"https:\/\/chrono-scope.ch\/de\/wp-json\/wp\/v2\/product_tag?post=27844"}],"curies":[{"name":"wp","href":"https:\/\/api.w.org\/{rel}","templated":true}]}}